{"id":4940,"date":"2020-03-10T20:00:34","date_gmt":"2020-03-10T20:00:34","guid":{"rendered":"https:\/\/lbc.conform.it\/hdbm\/"},"modified":"2020-10-01T15:55:02","modified_gmt":"2020-10-01T15:55:02","slug":"hdbm","status":"publish","type":"page","link":"https:\/\/lbc.conform.it\/pt-pt\/hdbm\/","title":{"rendered":"Honor\u00e9 de Balzac Model United Nations"},"content":{"rendered":"<p>[vc_row tlg_text_align=&#8221;text-center&#8221;][vc_column][vc_single_image image=&#8221;4538&#8243; img_size=&#8221;medium&#8221; alignment=&#8221;center&#8221;]<div class=\"tlg-spacer\" data-height=\"20\" data-height-tablet=\"20\" data-height-mobile=\"20\" style=\"clear:both;display:block;height:20px;\"><\/div>[vc_column_text]A nossa funda\u00e7\u00e3o desenvolve debates participativos nas escolas, utilizando um ambiente digital. Melhoramos as discuss\u00f5es e consultas para consciencializar os alunos acerca da necessidade de construir um mundo mais humano. Atrav\u00e9s do nosso \u00faltimo projeto de Hackathon com estudantes europeus, demonstramos que a competi\u00e7\u00e3o e os debates democr\u00e1ticos visam a educa\u00e7\u00e3o inclusiva e s\u00e3o complementares para desenvolver mutuamente o empreendedorismo, a lideran\u00e7a e a cidadania. A organiza\u00e7\u00e3o educacional h\u00edbrida que empregamos combina dispositivos em linha com ferramentas inovadoras, que v\u00e3o desde agregadores de conte\u00fado, f\u00f3runs at\u00e9 \u00e0s plataformas de forma\u00e7\u00e3o.[\/vc_column_text]<div class=\"tlg-spacer\" data-height=\"20\" data-height-tablet=\"20\" data-height-mobile=\"20\" style=\"clear:both;display:block;height:20px;\"><\/div><div class=\"\"><a  id=\"btn-69d40d49605d5\" class=\"btn btn-filled btn-rounded  ti-arrow-right  btn-sm-sm\" href= \"http:\/\/www.mun-balzac.com\" target='_blank' >WEBSITE<\/a><\/div>[\/vc_column][\/vc_row]<\/p>\n","protected":false},"excerpt":{"rendered":"<p>[vc_row tlg_text_align=&#8221;text-center&#8221;][vc_column][vc_single_image image=&#8221;4538&#8243; img_size=&#8221;medium&#8221; alignment=&#8221;center&#8221;][vc_column_text]A nossa funda\u00e7\u00e3o desenvolve debates participativos nas escolas, utilizando um ambiente digital&#8230;.<\/p>\n","protected":false},"author":4,"featured_media":4921,"parent":0,"menu_order":0,"comment_status":"closed","ping_status":"closed","template":"","meta":[],"yoast_head":"<!-- This site is optimized with the Yoast SEO plugin v19.11 - https:\/\/yoast.com\/wordpress\/plugins\/seo\/ -->\n<title>Honor\u00e9 de Balzac Model United Nations - LBC<\/title>\n<meta name=\"description\" content=\"APSU - Associa\u00e7\u00e3o Portuguesa de StartUps was created in January 2017\" \/>\n<meta name=\"robots\" content=\"index, follow, max-snippet:-1, max-image-preview:large, max-video-preview:-1\" \/>\n<link rel=\"canonical\" href=\"https:\/\/lbc.conform.it\/hdbm\/?lang=pt-pt\" \/>\n<meta property=\"og:locale\" content=\"pt_PT\" \/>\n<meta property=\"og:type\" content=\"article\" \/>\n<meta property=\"og:title\" content=\"Honor\u00e9 de Balzac Model United Nations - LBC\" \/>\n<meta property=\"og:description\" content=\"APSU - Associa\u00e7\u00e3o Portuguesa de StartUps was created in January 2017\" \/>\n<meta property=\"og:url\" content=\"https:\/\/lbc.conform.it\/hdbm\/?lang=pt-pt\" \/>\n<meta property=\"og:site_name\" content=\"LBC\" \/>\n<meta property=\"article:publisher\" content=\"https:\/\/www.facebook.com\/conformscarl\/\" \/>\n<meta property=\"article:modified_time\" content=\"2020-10-01T15:55:02+00:00\" \/>\n<meta property=\"og:image\" content=\"https:\/\/lbc.conform.it\/wp-content\/uploads\/2020\/02\/partner.png\" \/>\n\t<meta property=\"og:image:width\" content=\"5482\" \/>\n\t<meta property=\"og:image:height\" content=\"3660\" \/>\n\t<meta property=\"og:image:type\" content=\"image\/png\" \/>\n<meta name=\"twitter:card\" content=\"summary_large_image\" \/>\n<meta name=\"twitter:site\" content=\"@conformscarl\" \/>\n<meta name=\"twitter:label1\" content=\"Tempo estimado de leitura\" \/>\n\t<meta name=\"twitter:data1\" content=\"1 minuto\" \/>\n<script type=\"application\/ld+json\" class=\"yoast-schema-graph\">{\"@context\":\"https:\/\/schema.org\",\"@graph\":[{\"@type\":\"WebPage\",\"@id\":\"https:\/\/lbc.conform.it\/hdbm\/?lang=pt-pt\",\"url\":\"https:\/\/lbc.conform.it\/hdbm\/?lang=pt-pt\",\"name\":\"Honor\u00e9 de Balzac Model United Nations - LBC\",\"isPartOf\":{\"@id\":\"https:\/\/lbc.conform.it\/#website\"},\"datePublished\":\"2020-03-10T20:00:34+00:00\",\"dateModified\":\"2020-10-01T15:55:02+00:00\",\"description\":\"APSU - Associa\u00e7\u00e3o Portuguesa de StartUps was created in January 2017\",\"breadcrumb\":{\"@id\":\"https:\/\/lbc.conform.it\/hdbm\/?lang=pt-pt#breadcrumb\"},\"inLanguage\":\"pt-PT\",\"potentialAction\":[{\"@type\":\"ReadAction\",\"target\":[\"https:\/\/lbc.conform.it\/hdbm\/?lang=pt-pt\"]}]},{\"@type\":\"BreadcrumbList\",\"@id\":\"https:\/\/lbc.conform.it\/hdbm\/?lang=pt-pt#breadcrumb\",\"itemListElement\":[{\"@type\":\"ListItem\",\"position\":1,\"name\":\"Home\",\"item\":\"https:\/\/lbc.conform.it\/pt-pt\/\"},{\"@type\":\"ListItem\",\"position\":2,\"name\":\"Honor\u00e9 de Balzac Model United Nations\"}]},{\"@type\":\"WebSite\",\"@id\":\"https:\/\/lbc.conform.it\/#website\",\"url\":\"https:\/\/lbc.conform.it\/\",\"name\":\"LBC\",\"description\":\"LEARNING BY COMPETING\",\"potentialAction\":[{\"@type\":\"SearchAction\",\"target\":{\"@type\":\"EntryPoint\",\"urlTemplate\":\"https:\/\/lbc.conform.it\/?s={search_term_string}\"},\"query-input\":\"required name=search_term_string\"}],\"inLanguage\":\"pt-PT\"}]}<\/script>\n<!-- \/ Yoast SEO plugin. -->","yoast_head_json":{"title":"Honor\u00e9 de Balzac Model United Nations - LBC","description":"APSU - Associa\u00e7\u00e3o Portuguesa de StartUps was created in January 2017","robots":{"index":"index","follow":"follow","max-snippet":"max-snippet:-1","max-image-preview":"max-image-preview:large","max-video-preview":"max-video-preview:-1"},"canonical":"https:\/\/lbc.conform.it\/hdbm\/?lang=pt-pt","og_locale":"pt_PT","og_type":"article","og_title":"Honor\u00e9 de Balzac Model United Nations - LBC","og_description":"APSU - Associa\u00e7\u00e3o Portuguesa de StartUps was created in January 2017","og_url":"https:\/\/lbc.conform.it\/hdbm\/?lang=pt-pt","og_site_name":"LBC","article_publisher":"https:\/\/www.facebook.com\/conformscarl\/","article_modified_time":"2020-10-01T15:55:02+00:00","og_image":[{"width":5482,"height":3660,"url":"https:\/\/lbc.conform.it\/wp-content\/uploads\/2020\/02\/partner.png","type":"image\/png"}],"twitter_card":"summary_large_image","twitter_site":"@conformscarl","twitter_misc":{"Tempo estimado de leitura":"1 minuto"},"schema":{"@context":"https:\/\/schema.org","@graph":[{"@type":"WebPage","@id":"https:\/\/lbc.conform.it\/hdbm\/?lang=pt-pt","url":"https:\/\/lbc.conform.it\/hdbm\/?lang=pt-pt","name":"Honor\u00e9 de Balzac Model United Nations - LBC","isPartOf":{"@id":"https:\/\/lbc.conform.it\/#website"},"datePublished":"2020-03-10T20:00:34+00:00","dateModified":"2020-10-01T15:55:02+00:00","description":"APSU - Associa\u00e7\u00e3o Portuguesa de StartUps was created in January 2017","breadcrumb":{"@id":"https:\/\/lbc.conform.it\/hdbm\/?lang=pt-pt#breadcrumb"},"inLanguage":"pt-PT","potentialAction":[{"@type":"ReadAction","target":["https:\/\/lbc.conform.it\/hdbm\/?lang=pt-pt"]}]},{"@type":"BreadcrumbList","@id":"https:\/\/lbc.conform.it\/hdbm\/?lang=pt-pt#breadcrumb","itemListElement":[{"@type":"ListItem","position":1,"name":"Home","item":"https:\/\/lbc.conform.it\/pt-pt\/"},{"@type":"ListItem","position":2,"name":"Honor\u00e9 de Balzac Model United Nations"}]},{"@type":"WebSite","@id":"https:\/\/lbc.conform.it\/#website","url":"https:\/\/lbc.conform.it\/","name":"LBC","description":"LEARNING BY COMPETING","potentialAction":[{"@type":"SearchAction","target":{"@type":"EntryPoint","urlTemplate":"https:\/\/lbc.conform.it\/?s={search_term_string}"},"query-input":"required name=search_term_string"}],"inLanguage":"pt-PT"}]}},"_links":{"self":[{"href":"https:\/\/lbc.conform.it\/pt-pt\/wp-json\/wp\/v2\/pages\/4940"}],"collection":[{"href":"https:\/\/lbc.conform.it\/pt-pt\/wp-json\/wp\/v2\/pages"}],"about":[{"href":"https:\/\/lbc.conform.it\/pt-pt\/wp-json\/wp\/v2\/types\/page"}],"author":[{"embeddable":true,"href":"https:\/\/lbc.conform.it\/pt-pt\/wp-json\/wp\/v2\/users\/4"}],"replies":[{"embeddable":true,"href":"https:\/\/lbc.conform.it\/pt-pt\/wp-json\/wp\/v2\/comments?post=4940"}],"version-history":[{"count":2,"href":"https:\/\/lbc.conform.it\/pt-pt\/wp-json\/wp\/v2\/pages\/4940\/revisions"}],"predecessor-version":[{"id":4943,"href":"https:\/\/lbc.conform.it\/pt-pt\/wp-json\/wp\/v2\/pages\/4940\/revisions\/4943"}],"wp:featuredmedia":[{"embeddable":true,"href":"https:\/\/lbc.conform.it\/pt-pt\/wp-json\/wp\/v2\/media\/4921"}],"wp:attachment":[{"href":"https:\/\/lbc.conform.it\/pt-pt\/wp-json\/wp\/v2\/media?parent=4940"}],"curies":[{"name":"wp","href":"https:\/\/api.w.org\/{rel}","templated":true}]}}