{"id":4933,"date":"2020-02-27T16:48:05","date_gmt":"2020-02-27T16:48:05","guid":{"rendered":"https:\/\/lbc.conform.it\/partnership-defoin\/"},"modified":"2020-10-01T15:51:19","modified_gmt":"2020-10-01T15:51:19","slug":"partnership-defoin","status":"publish","type":"page","link":"https:\/\/lbc.conform.it\/pt-pt\/partnership-defoin\/","title":{"rendered":"DEFOIN"},"content":{"rendered":"<p>[vc_row tlg_text_align=&#8221;text-center&#8221;][vc_column][vc_single_image image=&#8221;4934&#8243; img_size=&#8221;medium&#8221; alignment=&#8221;center&#8221;]<div class=\"tlg-spacer\" data-height=\"20\" data-height-tablet=\"20\" data-height-mobile=\"20\" style=\"clear:both;display:block;height:20px;\"><\/div>[vc_column_text]A DEFOIN nasceu em 2009 com a ideia de promover a forma\u00e7\u00e3o para o emprego e a integra\u00e7\u00e3o dos trabalhadores empregados e desempregados, num momento em que a crise econ\u00f3mica e as necessidades de qualifica\u00e7\u00e3o dos trabalhadores era uma tarefa crucial.<br \/>\nA DEFOIN tem uma vasta experi\u00eancia na gest\u00e3o integral de planos de forma\u00e7\u00e3o e solu\u00e7\u00f5es espec\u00edficas adaptadas \u00e0s necessidades de conce\u00e7\u00e3o, gest\u00e3o e oferta de forma\u00e7\u00e3o cont\u00ednua e ocupacional para empresas, trabalhadores empregados e desempregados.<br \/>\nOs programas de forma\u00e7\u00e3o sempre geridos pelo DEFOIN visam a valoriza\u00e7\u00e3o das compet\u00eancias dos alunos, a sua inser\u00e7\u00e3o e melhoria no mercado de trabalho, ampliando e atualizando os seus conhecimentos. Tudo com o objetivo final de melhorar a produtividade dos trabalhadores e das organiza\u00e7\u00f5es, aumentando lucros e melhorando a qualidade dos servi\u00e7os.[\/vc_column_text]<div class=\"tlg-spacer\" data-height=\"20\" data-height-tablet=\"20\" data-height-mobile=\"20\" style=\"clear:both;display:block;height:20px;\"><\/div><div class=\"\"><a  id=\"btn-69d40fa9db56b\" class=\"btn btn-filled btn-rounded  ti-arrow-right  btn-sm-sm\" href= \"https:\/\/defoin.es\/\" target='_blank' >WEBSITE<\/a><\/div>[\/vc_column][\/vc_row]<\/p>\n","protected":false},"excerpt":{"rendered":"<p>[vc_row tlg_text_align=&#8221;text-center&#8221;][vc_column][vc_single_image image=&#8221;4934&#8243; img_size=&#8221;medium&#8221; alignment=&#8221;center&#8221;][vc_column_text]A DEFOIN nasceu em 2009 com a ideia de promover a forma\u00e7\u00e3o&#8230;<\/p>\n","protected":false},"author":4,"featured_media":4921,"parent":0,"menu_order":0,"comment_status":"closed","ping_status":"closed","template":"","meta":[],"yoast_head":"<!-- This site is optimized with the Yoast SEO plugin v19.11 - https:\/\/yoast.com\/wordpress\/plugins\/seo\/ -->\n<title>DEFOIN - LBC<\/title>\n<meta name=\"robots\" content=\"index, follow, max-snippet:-1, max-image-preview:large, max-video-preview:-1\" \/>\n<link rel=\"canonical\" href=\"https:\/\/lbc.conform.it\/partnership-defoin\/?lang=pt-pt\" \/>\n<meta property=\"og:locale\" content=\"pt_PT\" \/>\n<meta property=\"og:type\" content=\"article\" \/>\n<meta property=\"og:title\" content=\"DEFOIN - LBC\" \/>\n<meta property=\"og:description\" content=\"[vc_row tlg_text_align=&#8221;text-center&#8221;][vc_column][vc_single_image image=&#8221;4934&#8243; img_size=&#8221;medium&#8221; alignment=&#8221;center&#8221;][vc_column_text]A DEFOIN nasceu em 2009 com a ideia de promover a forma\u00e7\u00e3o...\" \/>\n<meta property=\"og:url\" content=\"https:\/\/lbc.conform.it\/partnership-defoin\/?lang=pt-pt\" \/>\n<meta property=\"og:site_name\" content=\"LBC\" \/>\n<meta property=\"article:publisher\" content=\"https:\/\/www.facebook.com\/conformscarl\/\" \/>\n<meta property=\"article:modified_time\" content=\"2020-10-01T15:51:19+00:00\" \/>\n<meta property=\"og:image\" content=\"https:\/\/lbc.conform.it\/wp-content\/uploads\/2020\/02\/partner.png\" \/>\n\t<meta property=\"og:image:width\" content=\"5482\" \/>\n\t<meta property=\"og:image:height\" content=\"3660\" \/>\n\t<meta property=\"og:image:type\" content=\"image\/png\" \/>\n<meta name=\"twitter:card\" content=\"summary_large_image\" \/>\n<meta name=\"twitter:site\" content=\"@conformscarl\" \/>\n<meta name=\"twitter:label1\" content=\"Tempo estimado de leitura\" \/>\n\t<meta name=\"twitter:data1\" content=\"1 minuto\" \/>\n<script type=\"application\/ld+json\" class=\"yoast-schema-graph\">{\"@context\":\"https:\/\/schema.org\",\"@graph\":[{\"@type\":\"WebPage\",\"@id\":\"https:\/\/lbc.conform.it\/partnership-defoin\/?lang=pt-pt\",\"url\":\"https:\/\/lbc.conform.it\/partnership-defoin\/?lang=pt-pt\",\"name\":\"DEFOIN - LBC\",\"isPartOf\":{\"@id\":\"https:\/\/lbc.conform.it\/#website\"},\"datePublished\":\"2020-02-27T16:48:05+00:00\",\"dateModified\":\"2020-10-01T15:51:19+00:00\",\"breadcrumb\":{\"@id\":\"https:\/\/lbc.conform.it\/partnership-defoin\/?lang=pt-pt#breadcrumb\"},\"inLanguage\":\"pt-PT\",\"potentialAction\":[{\"@type\":\"ReadAction\",\"target\":[\"https:\/\/lbc.conform.it\/partnership-defoin\/?lang=pt-pt\"]}]},{\"@type\":\"BreadcrumbList\",\"@id\":\"https:\/\/lbc.conform.it\/partnership-defoin\/?lang=pt-pt#breadcrumb\",\"itemListElement\":[{\"@type\":\"ListItem\",\"position\":1,\"name\":\"Home\",\"item\":\"https:\/\/lbc.conform.it\/pt-pt\/\"},{\"@type\":\"ListItem\",\"position\":2,\"name\":\"DEFOIN\"}]},{\"@type\":\"WebSite\",\"@id\":\"https:\/\/lbc.conform.it\/#website\",\"url\":\"https:\/\/lbc.conform.it\/\",\"name\":\"LBC\",\"description\":\"LEARNING BY COMPETING\",\"potentialAction\":[{\"@type\":\"SearchAction\",\"target\":{\"@type\":\"EntryPoint\",\"urlTemplate\":\"https:\/\/lbc.conform.it\/?s={search_term_string}\"},\"query-input\":\"required name=search_term_string\"}],\"inLanguage\":\"pt-PT\"}]}<\/script>\n<!-- \/ Yoast SEO plugin. -->","yoast_head_json":{"title":"DEFOIN - LBC","robots":{"index":"index","follow":"follow","max-snippet":"max-snippet:-1","max-image-preview":"max-image-preview:large","max-video-preview":"max-video-preview:-1"},"canonical":"https:\/\/lbc.conform.it\/partnership-defoin\/?lang=pt-pt","og_locale":"pt_PT","og_type":"article","og_title":"DEFOIN - LBC","og_description":"[vc_row tlg_text_align=&#8221;text-center&#8221;][vc_column][vc_single_image image=&#8221;4934&#8243; img_size=&#8221;medium&#8221; alignment=&#8221;center&#8221;][vc_column_text]A DEFOIN nasceu em 2009 com a ideia de promover a forma\u00e7\u00e3o...","og_url":"https:\/\/lbc.conform.it\/partnership-defoin\/?lang=pt-pt","og_site_name":"LBC","article_publisher":"https:\/\/www.facebook.com\/conformscarl\/","article_modified_time":"2020-10-01T15:51:19+00:00","og_image":[{"width":5482,"height":3660,"url":"https:\/\/lbc.conform.it\/wp-content\/uploads\/2020\/02\/partner.png","type":"image\/png"}],"twitter_card":"summary_large_image","twitter_site":"@conformscarl","twitter_misc":{"Tempo estimado de leitura":"1 minuto"},"schema":{"@context":"https:\/\/schema.org","@graph":[{"@type":"WebPage","@id":"https:\/\/lbc.conform.it\/partnership-defoin\/?lang=pt-pt","url":"https:\/\/lbc.conform.it\/partnership-defoin\/?lang=pt-pt","name":"DEFOIN - LBC","isPartOf":{"@id":"https:\/\/lbc.conform.it\/#website"},"datePublished":"2020-02-27T16:48:05+00:00","dateModified":"2020-10-01T15:51:19+00:00","breadcrumb":{"@id":"https:\/\/lbc.conform.it\/partnership-defoin\/?lang=pt-pt#breadcrumb"},"inLanguage":"pt-PT","potentialAction":[{"@type":"ReadAction","target":["https:\/\/lbc.conform.it\/partnership-defoin\/?lang=pt-pt"]}]},{"@type":"BreadcrumbList","@id":"https:\/\/lbc.conform.it\/partnership-defoin\/?lang=pt-pt#breadcrumb","itemListElement":[{"@type":"ListItem","position":1,"name":"Home","item":"https:\/\/lbc.conform.it\/pt-pt\/"},{"@type":"ListItem","position":2,"name":"DEFOIN"}]},{"@type":"WebSite","@id":"https:\/\/lbc.conform.it\/#website","url":"https:\/\/lbc.conform.it\/","name":"LBC","description":"LEARNING BY COMPETING","potentialAction":[{"@type":"SearchAction","target":{"@type":"EntryPoint","urlTemplate":"https:\/\/lbc.conform.it\/?s={search_term_string}"},"query-input":"required name=search_term_string"}],"inLanguage":"pt-PT"}]}},"_links":{"self":[{"href":"https:\/\/lbc.conform.it\/pt-pt\/wp-json\/wp\/v2\/pages\/4933"}],"collection":[{"href":"https:\/\/lbc.conform.it\/pt-pt\/wp-json\/wp\/v2\/pages"}],"about":[{"href":"https:\/\/lbc.conform.it\/pt-pt\/wp-json\/wp\/v2\/types\/page"}],"author":[{"embeddable":true,"href":"https:\/\/lbc.conform.it\/pt-pt\/wp-json\/wp\/v2\/users\/4"}],"replies":[{"embeddable":true,"href":"https:\/\/lbc.conform.it\/pt-pt\/wp-json\/wp\/v2\/comments?post=4933"}],"version-history":[{"count":4,"href":"https:\/\/lbc.conform.it\/pt-pt\/wp-json\/wp\/v2\/pages\/4933\/revisions"}],"predecessor-version":[{"id":4938,"href":"https:\/\/lbc.conform.it\/pt-pt\/wp-json\/wp\/v2\/pages\/4933\/revisions\/4938"}],"wp:featuredmedia":[{"embeddable":true,"href":"https:\/\/lbc.conform.it\/pt-pt\/wp-json\/wp\/v2\/media\/4921"}],"wp:attachment":[{"href":"https:\/\/lbc.conform.it\/pt-pt\/wp-json\/wp\/v2\/media?parent=4933"}],"curies":[{"name":"wp","href":"https:\/\/api.w.org\/{rel}","templated":true}]}}