{"id":4925,"date":"2016-02-22T15:55:08","date_gmt":"2016-02-22T15:55:08","guid":{"rendered":"https:\/\/lbc.conform.it\/partnership-conform\/"},"modified":"2020-10-01T15:47:56","modified_gmt":"2020-10-01T15:47:56","slug":"partnership-conform","status":"publish","type":"page","link":"https:\/\/lbc.conform.it\/pt-pt\/partnership-conform\/","title":{"rendered":"CONFORM S.c.a.r.l."},"content":{"rendered":"<p>[vc_row tlg_text_align=&#8221;text-center&#8221;][vc_column][vc_single_image image=&#8221;4928&#8243; img_size=&#8221;medium&#8221; alignment=&#8221;center&#8221;]<div class=\"tlg-spacer\" data-height=\"20\" data-height-tablet=\"20\" data-height-mobile=\"20\" style=\"clear:both;display:block;height:20px;\"><\/div>[vc_column_text]CONFORM &#8211; Consulenza, Formazione e Management S.c.a.r.l. atua h\u00e1 mais de 20 anos a n\u00edvel nacional e internacional. Promove e desenvolve importantes projetos de investiga\u00e7\u00e3o e planos de forma\u00e7\u00e3o com formatos e solu\u00e7\u00f5es inovadores na sala de aula, aprendizagem experiencial e e-learning. Presta consultoria e assist\u00eancia t\u00e9cnica a empresas e ao Setor P\u00fablico, contando com o apoio de quadros experientes e de uma equipa consolidada de formadores, consultores, profissionais, gestores e empres\u00e1rios, todos com experi\u00eancias de sucesso.<\/p>\n<p>Possui experi\u00eancia significativa em:<\/p>\n<ul>\n<li>Valoriza\u00e7\u00e3o do turismo, artesanato ancestral, artesanato tradicional e produtos locais, com a\u00e7\u00f5es de marketing territorial e a\u00e7\u00f5es de sensibiliza\u00e7\u00e3o social e cultural;<\/li>\n<li>Design e coprodu\u00e7\u00e3o de obras cinematogr\u00e1ficas, v\u00eddeos emocionais, v\u00eddeos narrativos, reportagens em v\u00eddeo, narra\u00e7\u00e3o de hist\u00f3rias em video;<\/li>\n<li>Desenvolvimento de plataformas sociais e de e-learning, para promover a informa\u00e7\u00e3o 2.0 \/ 3.0, debate, di\u00e1logo e intera\u00e7\u00e3o com outras redes sociais, aprendizagem informal com acesso atrav\u00e9s de credenciais a pacotes multim\u00e9dia estruturados desenvolvidos com t\u00e9cnicas de pensamento visual e utiliza\u00e7\u00e3o de anima\u00e7\u00f5es 2D \/ 3D , jogos de neg\u00f3cios interativos, tutoriais em v\u00eddeo, etc.<\/li>\n<li>Cria\u00e7\u00e3o de portais e produtos editoriais 2.0 \/ 3.0<\/li>\n<li>Estrat\u00e9gias e campanhas de marketing de m\u00eddia social<\/li>\n<li>Concep\u00e7\u00e3o e desenho da identidade da marca digital<\/li>\n<\/ul>\n<p>[\/vc_column_text]<div class=\"tlg-spacer\" data-height=\"20\" data-height-tablet=\"20\" data-height-mobile=\"20\" style=\"clear:both;display:block;height:20px;\"><\/div><div class=\"\"><a  id=\"btn-69d40d896157d\" class=\"btn btn-filled btn-rounded  ti-arrow-right  btn-sm-sm\" href= \"http:\/\/www.conform.it\" target='_blank' >Website<\/a><\/div>[\/vc_column][\/vc_row]<\/p>\n","protected":false},"excerpt":{"rendered":"<p>[vc_row tlg_text_align=&#8221;text-center&#8221;][vc_column][vc_single_image image=&#8221;4928&#8243; img_size=&#8221;medium&#8221; alignment=&#8221;center&#8221;][vc_column_text]CONFORM &#8211; Consulenza, Formazione e Management S.c.a.r.l. atua h\u00e1 mais de 20&#8230;<\/p>\n","protected":false},"author":5,"featured_media":4921,"parent":0,"menu_order":0,"comment_status":"closed","ping_status":"closed","template":"","meta":[],"yoast_head":"<!-- This site is optimized with the Yoast SEO plugin v19.11 - https:\/\/yoast.com\/wordpress\/plugins\/seo\/ -->\n<title>CONFORM S.c.a.r.l. - LBC<\/title>\n<meta name=\"robots\" content=\"index, follow, max-snippet:-1, max-image-preview:large, max-video-preview:-1\" \/>\n<link rel=\"canonical\" href=\"https:\/\/lbc.conform.it\/partnership-conform\/?lang=pt-pt\" \/>\n<meta property=\"og:locale\" content=\"pt_PT\" \/>\n<meta property=\"og:type\" content=\"article\" \/>\n<meta property=\"og:title\" content=\"CONFORM S.c.a.r.l. - LBC\" \/>\n<meta property=\"og:description\" content=\"[vc_row tlg_text_align=&#8221;text-center&#8221;][vc_column][vc_single_image image=&#8221;4928&#8243; img_size=&#8221;medium&#8221; alignment=&#8221;center&#8221;][vc_column_text]CONFORM &#8211; Consulenza, Formazione e Management S.c.a.r.l. atua h\u00e1 mais de 20...\" \/>\n<meta property=\"og:url\" content=\"https:\/\/lbc.conform.it\/partnership-conform\/?lang=pt-pt\" \/>\n<meta property=\"og:site_name\" content=\"LBC\" \/>\n<meta property=\"article:publisher\" content=\"https:\/\/www.facebook.com\/conformscarl\/\" \/>\n<meta property=\"article:modified_time\" content=\"2020-10-01T15:47:56+00:00\" \/>\n<meta property=\"og:image\" content=\"https:\/\/lbc.conform.it\/wp-content\/uploads\/2020\/02\/partner.png\" \/>\n\t<meta property=\"og:image:width\" content=\"5482\" \/>\n\t<meta property=\"og:image:height\" content=\"3660\" \/>\n\t<meta property=\"og:image:type\" content=\"image\/png\" \/>\n<meta name=\"twitter:card\" content=\"summary_large_image\" \/>\n<meta name=\"twitter:site\" content=\"@conformscarl\" \/>\n<meta name=\"twitter:label1\" content=\"Tempo estimado de leitura\" \/>\n\t<meta name=\"twitter:data1\" content=\"1 minuto\" \/>\n<script type=\"application\/ld+json\" class=\"yoast-schema-graph\">{\"@context\":\"https:\/\/schema.org\",\"@graph\":[{\"@type\":\"WebPage\",\"@id\":\"https:\/\/lbc.conform.it\/partnership-conform\/?lang=pt-pt\",\"url\":\"https:\/\/lbc.conform.it\/partnership-conform\/?lang=pt-pt\",\"name\":\"CONFORM S.c.a.r.l. - LBC\",\"isPartOf\":{\"@id\":\"https:\/\/lbc.conform.it\/#website\"},\"datePublished\":\"2016-02-22T15:55:08+00:00\",\"dateModified\":\"2020-10-01T15:47:56+00:00\",\"breadcrumb\":{\"@id\":\"https:\/\/lbc.conform.it\/partnership-conform\/?lang=pt-pt#breadcrumb\"},\"inLanguage\":\"pt-PT\",\"potentialAction\":[{\"@type\":\"ReadAction\",\"target\":[\"https:\/\/lbc.conform.it\/partnership-conform\/?lang=pt-pt\"]}]},{\"@type\":\"BreadcrumbList\",\"@id\":\"https:\/\/lbc.conform.it\/partnership-conform\/?lang=pt-pt#breadcrumb\",\"itemListElement\":[{\"@type\":\"ListItem\",\"position\":1,\"name\":\"Home\",\"item\":\"https:\/\/lbc.conform.it\/pt-pt\/\"},{\"@type\":\"ListItem\",\"position\":2,\"name\":\"CONFORM S.c.a.r.l.\"}]},{\"@type\":\"WebSite\",\"@id\":\"https:\/\/lbc.conform.it\/#website\",\"url\":\"https:\/\/lbc.conform.it\/\",\"name\":\"LBC\",\"description\":\"LEARNING BY COMPETING\",\"potentialAction\":[{\"@type\":\"SearchAction\",\"target\":{\"@type\":\"EntryPoint\",\"urlTemplate\":\"https:\/\/lbc.conform.it\/?s={search_term_string}\"},\"query-input\":\"required name=search_term_string\"}],\"inLanguage\":\"pt-PT\"}]}<\/script>\n<!-- \/ Yoast SEO plugin. -->","yoast_head_json":{"title":"CONFORM S.c.a.r.l. - LBC","robots":{"index":"index","follow":"follow","max-snippet":"max-snippet:-1","max-image-preview":"max-image-preview:large","max-video-preview":"max-video-preview:-1"},"canonical":"https:\/\/lbc.conform.it\/partnership-conform\/?lang=pt-pt","og_locale":"pt_PT","og_type":"article","og_title":"CONFORM S.c.a.r.l. - LBC","og_description":"[vc_row tlg_text_align=&#8221;text-center&#8221;][vc_column][vc_single_image image=&#8221;4928&#8243; img_size=&#8221;medium&#8221; alignment=&#8221;center&#8221;][vc_column_text]CONFORM &#8211; Consulenza, Formazione e Management S.c.a.r.l. atua h\u00e1 mais de 20...","og_url":"https:\/\/lbc.conform.it\/partnership-conform\/?lang=pt-pt","og_site_name":"LBC","article_publisher":"https:\/\/www.facebook.com\/conformscarl\/","article_modified_time":"2020-10-01T15:47:56+00:00","og_image":[{"width":5482,"height":3660,"url":"https:\/\/lbc.conform.it\/wp-content\/uploads\/2020\/02\/partner.png","type":"image\/png"}],"twitter_card":"summary_large_image","twitter_site":"@conformscarl","twitter_misc":{"Tempo estimado de leitura":"1 minuto"},"schema":{"@context":"https:\/\/schema.org","@graph":[{"@type":"WebPage","@id":"https:\/\/lbc.conform.it\/partnership-conform\/?lang=pt-pt","url":"https:\/\/lbc.conform.it\/partnership-conform\/?lang=pt-pt","name":"CONFORM S.c.a.r.l. - LBC","isPartOf":{"@id":"https:\/\/lbc.conform.it\/#website"},"datePublished":"2016-02-22T15:55:08+00:00","dateModified":"2020-10-01T15:47:56+00:00","breadcrumb":{"@id":"https:\/\/lbc.conform.it\/partnership-conform\/?lang=pt-pt#breadcrumb"},"inLanguage":"pt-PT","potentialAction":[{"@type":"ReadAction","target":["https:\/\/lbc.conform.it\/partnership-conform\/?lang=pt-pt"]}]},{"@type":"BreadcrumbList","@id":"https:\/\/lbc.conform.it\/partnership-conform\/?lang=pt-pt#breadcrumb","itemListElement":[{"@type":"ListItem","position":1,"name":"Home","item":"https:\/\/lbc.conform.it\/pt-pt\/"},{"@type":"ListItem","position":2,"name":"CONFORM S.c.a.r.l."}]},{"@type":"WebSite","@id":"https:\/\/lbc.conform.it\/#website","url":"https:\/\/lbc.conform.it\/","name":"LBC","description":"LEARNING BY COMPETING","potentialAction":[{"@type":"SearchAction","target":{"@type":"EntryPoint","urlTemplate":"https:\/\/lbc.conform.it\/?s={search_term_string}"},"query-input":"required name=search_term_string"}],"inLanguage":"pt-PT"}]}},"_links":{"self":[{"href":"https:\/\/lbc.conform.it\/pt-pt\/wp-json\/wp\/v2\/pages\/4925"}],"collection":[{"href":"https:\/\/lbc.conform.it\/pt-pt\/wp-json\/wp\/v2\/pages"}],"about":[{"href":"https:\/\/lbc.conform.it\/pt-pt\/wp-json\/wp\/v2\/types\/page"}],"author":[{"embeddable":true,"href":"https:\/\/lbc.conform.it\/pt-pt\/wp-json\/wp\/v2\/users\/5"}],"replies":[{"embeddable":true,"href":"https:\/\/lbc.conform.it\/pt-pt\/wp-json\/wp\/v2\/comments?post=4925"}],"version-history":[{"count":4,"href":"https:\/\/lbc.conform.it\/pt-pt\/wp-json\/wp\/v2\/pages\/4925\/revisions"}],"predecessor-version":[{"id":4931,"href":"https:\/\/lbc.conform.it\/pt-pt\/wp-json\/wp\/v2\/pages\/4925\/revisions\/4931"}],"wp:featuredmedia":[{"embeddable":true,"href":"https:\/\/lbc.conform.it\/pt-pt\/wp-json\/wp\/v2\/media\/4921"}],"wp:attachment":[{"href":"https:\/\/lbc.conform.it\/pt-pt\/wp-json\/wp\/v2\/media?parent=4925"}],"curies":[{"name":"wp","href":"https:\/\/api.w.org\/{rel}","templated":true}]}}