{"id":4918,"date":"2020-10-01T15:45:11","date_gmt":"2020-10-01T15:45:11","guid":{"rendered":"https:\/\/lbc.conform.it\/?page_id=4918"},"modified":"2020-10-01T15:45:12","modified_gmt":"2020-10-01T15:45:12","slug":"ceprof","status":"publish","type":"page","link":"https:\/\/lbc.conform.it\/pt-pt\/ceprof\/","title":{"rendered":"CEPROF"},"content":{"rendered":"<p>[vc_row tlg_text_align=&#8221;text-center&#8221;][vc_column][vc_single_image image=&#8221;4920&#8243; img_size=&#8221;medium&#8221; alignment=&#8221;center&#8221;]<div class=\"tlg-spacer\" data-height=\"20\" data-height-tablet=\"20\" data-height-mobile=\"20\" style=\"clear:both;display:block;height:20px;\"><\/div>[vc_column_text]A CEPROF \u00e9 a entidade propriet\u00e1ria da Escola Profissional de Espinho e foi criada em 1990. O seu objeto \u00e9 a promo\u00e7\u00e3o de centros escolares e escolas profissionais. Pretende contribuir para o desenvolvimento de compet\u00eancias pessoais e profissionais dos seus alunos, preparando-os para o mercado de trabalho. A CEPROF promove a proximidade entre escolas e empresas, oferecendo oportunidades de aprendizagem de acordo com necessidades locais e regionais. As principais \u00e1reas de foco da oferta formativa relacionam-se com o setor do Turismo, procurando apoiar as necessidades do setor nas regi\u00f5es costeiras de Aveiro e Porto. O foco na tecnologia \u00e9 tamb\u00e9m muito forte, principalmente em Mecatr\u00f3nica e Eletr\u00f3nica, apoiando a regi\u00e3o industrial da maquinaria pesada do Porto-Gaia-Ovar. Os alunos s\u00e3o encorajados a participar em concursos a fim de apresentarem ideias inovadoras, o que os faz desenvolver a criatividade e o esp\u00edrito empreendedor.[\/vc_column_text]<div class=\"tlg-spacer\" data-height=\"20\" data-height-tablet=\"20\" data-height-mobile=\"20\" style=\"clear:both;display:block;height:20px;\"><\/div><div class=\"\"><a  id=\"btn-69d3f573ef7ee\" class=\"btn btn-filled btn-rounded  ti-arrow-right  btn-sm-sm\" href= \"http:\/\/espe.pt\/\" target='_blank' >WEBSITE<\/a><\/div>[\/vc_column][\/vc_row]<\/p>\n","protected":false},"excerpt":{"rendered":"<p>[vc_row tlg_text_align=&#8221;text-center&#8221;][vc_column][vc_single_image image=&#8221;4920&#8243; img_size=&#8221;medium&#8221; alignment=&#8221;center&#8221;][vc_column_text]A CEPROF \u00e9 a entidade propriet\u00e1ria da Escola Profissional de Espinho e&#8230;<\/p>\n","protected":false},"author":4,"featured_media":4602,"parent":0,"menu_order":0,"comment_status":"closed","ping_status":"closed","template":"","meta":[],"yoast_head":"<!-- This site is optimized with the Yoast SEO plugin v19.11 - https:\/\/yoast.com\/wordpress\/plugins\/seo\/ -->\n<title>CEPROF - LBC<\/title>\n<meta name=\"robots\" content=\"index, follow, max-snippet:-1, max-image-preview:large, max-video-preview:-1\" \/>\n<link rel=\"canonical\" href=\"https:\/\/lbc.conform.it\/ceprof\/?lang=pt-pt\" \/>\n<meta property=\"og:locale\" content=\"pt_PT\" \/>\n<meta property=\"og:type\" content=\"article\" \/>\n<meta property=\"og:title\" content=\"CEPROF - LBC\" \/>\n<meta property=\"og:description\" content=\"[vc_row tlg_text_align=&#8221;text-center&#8221;][vc_column][vc_single_image image=&#8221;4920&#8243; img_size=&#8221;medium&#8221; alignment=&#8221;center&#8221;][vc_column_text]A CEPROF \u00e9 a entidade propriet\u00e1ria da Escola Profissional de Espinho e...\" \/>\n<meta property=\"og:url\" content=\"https:\/\/lbc.conform.it\/ceprof\/?lang=pt-pt\" \/>\n<meta property=\"og:site_name\" content=\"LBC\" \/>\n<meta property=\"article:publisher\" content=\"https:\/\/www.facebook.com\/conformscarl\/\" \/>\n<meta property=\"article:modified_time\" content=\"2020-10-01T15:45:12+00:00\" \/>\n<meta property=\"og:image\" content=\"https:\/\/lbc.conform.it\/wp-content\/uploads\/2020\/09\/partner.png\" \/>\n\t<meta property=\"og:image:width\" content=\"5482\" \/>\n\t<meta property=\"og:image:height\" content=\"3660\" \/>\n\t<meta property=\"og:image:type\" content=\"image\/png\" \/>\n<meta name=\"twitter:card\" content=\"summary_large_image\" \/>\n<meta name=\"twitter:site\" content=\"@conformscarl\" \/>\n<meta name=\"twitter:label1\" content=\"Tempo estimado de leitura\" \/>\n\t<meta name=\"twitter:data1\" content=\"1 minuto\" \/>\n<script type=\"application\/ld+json\" class=\"yoast-schema-graph\">{\"@context\":\"https:\/\/schema.org\",\"@graph\":[{\"@type\":\"WebPage\",\"@id\":\"https:\/\/lbc.conform.it\/ceprof\/?lang=pt-pt\",\"url\":\"https:\/\/lbc.conform.it\/ceprof\/?lang=pt-pt\",\"name\":\"CEPROF - LBC\",\"isPartOf\":{\"@id\":\"https:\/\/lbc.conform.it\/#website\"},\"datePublished\":\"2020-10-01T15:45:11+00:00\",\"dateModified\":\"2020-10-01T15:45:12+00:00\",\"breadcrumb\":{\"@id\":\"https:\/\/lbc.conform.it\/ceprof\/?lang=pt-pt#breadcrumb\"},\"inLanguage\":\"pt-PT\",\"potentialAction\":[{\"@type\":\"ReadAction\",\"target\":[\"https:\/\/lbc.conform.it\/ceprof\/?lang=pt-pt\"]}]},{\"@type\":\"BreadcrumbList\",\"@id\":\"https:\/\/lbc.conform.it\/ceprof\/?lang=pt-pt#breadcrumb\",\"itemListElement\":[{\"@type\":\"ListItem\",\"position\":1,\"name\":\"Home\",\"item\":\"https:\/\/lbc.conform.it\/pt-pt\/\"},{\"@type\":\"ListItem\",\"position\":2,\"name\":\"CEPROF\"}]},{\"@type\":\"WebSite\",\"@id\":\"https:\/\/lbc.conform.it\/#website\",\"url\":\"https:\/\/lbc.conform.it\/\",\"name\":\"LBC\",\"description\":\"LEARNING BY COMPETING\",\"potentialAction\":[{\"@type\":\"SearchAction\",\"target\":{\"@type\":\"EntryPoint\",\"urlTemplate\":\"https:\/\/lbc.conform.it\/?s={search_term_string}\"},\"query-input\":\"required name=search_term_string\"}],\"inLanguage\":\"pt-PT\"}]}<\/script>\n<!-- \/ Yoast SEO plugin. -->","yoast_head_json":{"title":"CEPROF - LBC","robots":{"index":"index","follow":"follow","max-snippet":"max-snippet:-1","max-image-preview":"max-image-preview:large","max-video-preview":"max-video-preview:-1"},"canonical":"https:\/\/lbc.conform.it\/ceprof\/?lang=pt-pt","og_locale":"pt_PT","og_type":"article","og_title":"CEPROF - LBC","og_description":"[vc_row tlg_text_align=&#8221;text-center&#8221;][vc_column][vc_single_image image=&#8221;4920&#8243; img_size=&#8221;medium&#8221; alignment=&#8221;center&#8221;][vc_column_text]A CEPROF \u00e9 a entidade propriet\u00e1ria da Escola Profissional de Espinho e...","og_url":"https:\/\/lbc.conform.it\/ceprof\/?lang=pt-pt","og_site_name":"LBC","article_publisher":"https:\/\/www.facebook.com\/conformscarl\/","article_modified_time":"2020-10-01T15:45:12+00:00","og_image":[{"width":5482,"height":3660,"url":"https:\/\/lbc.conform.it\/wp-content\/uploads\/2020\/09\/partner.png","type":"image\/png"}],"twitter_card":"summary_large_image","twitter_site":"@conformscarl","twitter_misc":{"Tempo estimado de leitura":"1 minuto"},"schema":{"@context":"https:\/\/schema.org","@graph":[{"@type":"WebPage","@id":"https:\/\/lbc.conform.it\/ceprof\/?lang=pt-pt","url":"https:\/\/lbc.conform.it\/ceprof\/?lang=pt-pt","name":"CEPROF - LBC","isPartOf":{"@id":"https:\/\/lbc.conform.it\/#website"},"datePublished":"2020-10-01T15:45:11+00:00","dateModified":"2020-10-01T15:45:12+00:00","breadcrumb":{"@id":"https:\/\/lbc.conform.it\/ceprof\/?lang=pt-pt#breadcrumb"},"inLanguage":"pt-PT","potentialAction":[{"@type":"ReadAction","target":["https:\/\/lbc.conform.it\/ceprof\/?lang=pt-pt"]}]},{"@type":"BreadcrumbList","@id":"https:\/\/lbc.conform.it\/ceprof\/?lang=pt-pt#breadcrumb","itemListElement":[{"@type":"ListItem","position":1,"name":"Home","item":"https:\/\/lbc.conform.it\/pt-pt\/"},{"@type":"ListItem","position":2,"name":"CEPROF"}]},{"@type":"WebSite","@id":"https:\/\/lbc.conform.it\/#website","url":"https:\/\/lbc.conform.it\/","name":"LBC","description":"LEARNING BY COMPETING","potentialAction":[{"@type":"SearchAction","target":{"@type":"EntryPoint","urlTemplate":"https:\/\/lbc.conform.it\/?s={search_term_string}"},"query-input":"required name=search_term_string"}],"inLanguage":"pt-PT"}]}},"_links":{"self":[{"href":"https:\/\/lbc.conform.it\/pt-pt\/wp-json\/wp\/v2\/pages\/4918"}],"collection":[{"href":"https:\/\/lbc.conform.it\/pt-pt\/wp-json\/wp\/v2\/pages"}],"about":[{"href":"https:\/\/lbc.conform.it\/pt-pt\/wp-json\/wp\/v2\/types\/page"}],"author":[{"embeddable":true,"href":"https:\/\/lbc.conform.it\/pt-pt\/wp-json\/wp\/v2\/users\/4"}],"replies":[{"embeddable":true,"href":"https:\/\/lbc.conform.it\/pt-pt\/wp-json\/wp\/v2\/comments?post=4918"}],"version-history":[{"count":3,"href":"https:\/\/lbc.conform.it\/pt-pt\/wp-json\/wp\/v2\/pages\/4918\/revisions"}],"predecessor-version":[{"id":4923,"href":"https:\/\/lbc.conform.it\/pt-pt\/wp-json\/wp\/v2\/pages\/4918\/revisions\/4923"}],"wp:featuredmedia":[{"embeddable":true,"href":"https:\/\/lbc.conform.it\/pt-pt\/wp-json\/wp\/v2\/media\/4602"}],"wp:attachment":[{"href":"https:\/\/lbc.conform.it\/pt-pt\/wp-json\/wp\/v2\/media?parent=4918"}],"curies":[{"name":"wp","href":"https:\/\/api.w.org\/{rel}","templated":true}]}}