{"id":4909,"date":"2020-10-01T15:39:04","date_gmt":"2020-10-01T15:39:04","guid":{"rendered":"https:\/\/lbc.conform.it\/?page_id=4909"},"modified":"2021-11-03T10:50:06","modified_gmt":"2021-11-03T10:50:06","slug":"plataforme-de-formation","status":"publish","type":"page","link":"https:\/\/lbc.conform.it\/pt-pt\/plataforme-de-formation\/","title":{"rendered":"Plataforme de Formation"},"content":{"rendered":"<p>[vc_row][vc_column][vc_column_text]<\/p>\n<h4 style=\"text-align: center;\">Bem-vindo\/a \u00e0 plataforma de forma\u00e7\u00e3o do projeto LEARNING BY COMPETING<\/h4>\n<p style=\"text-align: center;\">Aqui poder\u00e1 encontrar os 4 m\u00f3dulos e correspondentes recursos educativos abertos relacionados com desafios, competi\u00e7\u00e3o entre grupos e mobilidades de alunos de EFP em Rob\u00f3tica, desenvolvidos pela parceria do projeto Erasmus+ Learning by Competing<\/p>\n<h4 style=\"text-align: center;\"><span style=\"color: #ffcc00;\">Observe que a plataforma de treinamento estar\u00e1 no ar no in\u00edcio de dezembro de 2021<\/span><\/h4>\n<p>[\/vc_column_text][\/vc_column][\/vc_row][vc_row tlg_background_style=&#8221;bg-secondary&#8221;][vc_column][vc_single_image image=&#8221;4872&#8243; alignment=&#8221;center&#8221;][vc_column_text]<\/p>\n<p style=\"text-align: center;\"><strong>ACEDER \u00c0 PLATAFORMA MOODLE<\/strong><\/p>\n<p>[\/vc_column_text][\/vc_column][\/vc_row]<\/p>\n","protected":false},"excerpt":{"rendered":"<p>[vc_row][vc_column][vc_column_text] Bem-vindo\/a \u00e0 plataforma de forma\u00e7\u00e3o do projeto LEARNING BY COMPETING Aqui poder\u00e1 encontrar os 4&#8230;<\/p>\n","protected":false},"author":4,"featured_media":4915,"parent":0,"menu_order":0,"comment_status":"closed","ping_status":"closed","template":"","meta":[],"yoast_head":"<!-- This site is optimized with the Yoast SEO plugin v19.11 - https:\/\/yoast.com\/wordpress\/plugins\/seo\/ -->\n<title>Plataforme de Formation - LBC<\/title>\n<meta name=\"robots\" content=\"index, follow, max-snippet:-1, max-image-preview:large, max-video-preview:-1\" \/>\n<link rel=\"canonical\" href=\"https:\/\/lbc.conform.it\/plataforme-de-formation\/?lang=pt-pt\" \/>\n<meta property=\"og:locale\" content=\"pt_PT\" \/>\n<meta property=\"og:type\" content=\"article\" \/>\n<meta property=\"og:title\" content=\"Plataforme de Formation - LBC\" \/>\n<meta property=\"og:description\" content=\"[vc_row][vc_column][vc_column_text] Bem-vindo\/a \u00e0 plataforma de forma\u00e7\u00e3o do projeto LEARNING BY COMPETING Aqui poder\u00e1 encontrar os 4...\" \/>\n<meta property=\"og:url\" content=\"https:\/\/lbc.conform.it\/plataforme-de-formation\/?lang=pt-pt\" \/>\n<meta property=\"og:site_name\" content=\"LBC\" \/>\n<meta property=\"article:publisher\" content=\"https:\/\/www.facebook.com\/conformscarl\/\" \/>\n<meta property=\"article:modified_time\" content=\"2021-11-03T10:50:06+00:00\" \/>\n<meta property=\"og:image\" content=\"https:\/\/lbc.conform.it\/wp-content\/uploads\/2020\/02\/platform-1.png\" \/>\n\t<meta property=\"og:image:width\" content=\"500\" \/>\n\t<meta property=\"og:image:height\" content=\"375\" \/>\n\t<meta property=\"og:image:type\" content=\"image\/png\" \/>\n<meta name=\"twitter:card\" content=\"summary_large_image\" \/>\n<meta name=\"twitter:site\" content=\"@conformscarl\" \/>\n<meta name=\"twitter:label1\" content=\"Tempo estimado de leitura\" \/>\n\t<meta name=\"twitter:data1\" content=\"1 minuto\" \/>\n<script type=\"application\/ld+json\" class=\"yoast-schema-graph\">{\"@context\":\"https:\/\/schema.org\",\"@graph\":[{\"@type\":\"WebPage\",\"@id\":\"https:\/\/lbc.conform.it\/plataforme-de-formation\/?lang=pt-pt\",\"url\":\"https:\/\/lbc.conform.it\/plataforme-de-formation\/?lang=pt-pt\",\"name\":\"Plataforme de Formation - LBC\",\"isPartOf\":{\"@id\":\"https:\/\/lbc.conform.it\/#website\"},\"datePublished\":\"2020-10-01T15:39:04+00:00\",\"dateModified\":\"2021-11-03T10:50:06+00:00\",\"breadcrumb\":{\"@id\":\"https:\/\/lbc.conform.it\/plataforme-de-formation\/?lang=pt-pt#breadcrumb\"},\"inLanguage\":\"pt-PT\",\"potentialAction\":[{\"@type\":\"ReadAction\",\"target\":[\"https:\/\/lbc.conform.it\/plataforme-de-formation\/?lang=pt-pt\"]}]},{\"@type\":\"BreadcrumbList\",\"@id\":\"https:\/\/lbc.conform.it\/plataforme-de-formation\/?lang=pt-pt#breadcrumb\",\"itemListElement\":[{\"@type\":\"ListItem\",\"position\":1,\"name\":\"Home\",\"item\":\"https:\/\/lbc.conform.it\/pt-pt\/\"},{\"@type\":\"ListItem\",\"position\":2,\"name\":\"Plataforme de Formation\"}]},{\"@type\":\"WebSite\",\"@id\":\"https:\/\/lbc.conform.it\/#website\",\"url\":\"https:\/\/lbc.conform.it\/\",\"name\":\"LBC\",\"description\":\"LEARNING BY COMPETING\",\"potentialAction\":[{\"@type\":\"SearchAction\",\"target\":{\"@type\":\"EntryPoint\",\"urlTemplate\":\"https:\/\/lbc.conform.it\/?s={search_term_string}\"},\"query-input\":\"required name=search_term_string\"}],\"inLanguage\":\"pt-PT\"}]}<\/script>\n<!-- \/ Yoast SEO plugin. -->","yoast_head_json":{"title":"Plataforme de Formation - LBC","robots":{"index":"index","follow":"follow","max-snippet":"max-snippet:-1","max-image-preview":"max-image-preview:large","max-video-preview":"max-video-preview:-1"},"canonical":"https:\/\/lbc.conform.it\/plataforme-de-formation\/?lang=pt-pt","og_locale":"pt_PT","og_type":"article","og_title":"Plataforme de Formation - LBC","og_description":"[vc_row][vc_column][vc_column_text] Bem-vindo\/a \u00e0 plataforma de forma\u00e7\u00e3o do projeto LEARNING BY COMPETING Aqui poder\u00e1 encontrar os 4...","og_url":"https:\/\/lbc.conform.it\/plataforme-de-formation\/?lang=pt-pt","og_site_name":"LBC","article_publisher":"https:\/\/www.facebook.com\/conformscarl\/","article_modified_time":"2021-11-03T10:50:06+00:00","og_image":[{"width":500,"height":375,"url":"https:\/\/lbc.conform.it\/wp-content\/uploads\/2020\/02\/platform-1.png","type":"image\/png"}],"twitter_card":"summary_large_image","twitter_site":"@conformscarl","twitter_misc":{"Tempo estimado de leitura":"1 minuto"},"schema":{"@context":"https:\/\/schema.org","@graph":[{"@type":"WebPage","@id":"https:\/\/lbc.conform.it\/plataforme-de-formation\/?lang=pt-pt","url":"https:\/\/lbc.conform.it\/plataforme-de-formation\/?lang=pt-pt","name":"Plataforme de Formation - LBC","isPartOf":{"@id":"https:\/\/lbc.conform.it\/#website"},"datePublished":"2020-10-01T15:39:04+00:00","dateModified":"2021-11-03T10:50:06+00:00","breadcrumb":{"@id":"https:\/\/lbc.conform.it\/plataforme-de-formation\/?lang=pt-pt#breadcrumb"},"inLanguage":"pt-PT","potentialAction":[{"@type":"ReadAction","target":["https:\/\/lbc.conform.it\/plataforme-de-formation\/?lang=pt-pt"]}]},{"@type":"BreadcrumbList","@id":"https:\/\/lbc.conform.it\/plataforme-de-formation\/?lang=pt-pt#breadcrumb","itemListElement":[{"@type":"ListItem","position":1,"name":"Home","item":"https:\/\/lbc.conform.it\/pt-pt\/"},{"@type":"ListItem","position":2,"name":"Plataforme de Formation"}]},{"@type":"WebSite","@id":"https:\/\/lbc.conform.it\/#website","url":"https:\/\/lbc.conform.it\/","name":"LBC","description":"LEARNING BY COMPETING","potentialAction":[{"@type":"SearchAction","target":{"@type":"EntryPoint","urlTemplate":"https:\/\/lbc.conform.it\/?s={search_term_string}"},"query-input":"required name=search_term_string"}],"inLanguage":"pt-PT"}]}},"_links":{"self":[{"href":"https:\/\/lbc.conform.it\/pt-pt\/wp-json\/wp\/v2\/pages\/4909"}],"collection":[{"href":"https:\/\/lbc.conform.it\/pt-pt\/wp-json\/wp\/v2\/pages"}],"about":[{"href":"https:\/\/lbc.conform.it\/pt-pt\/wp-json\/wp\/v2\/types\/page"}],"author":[{"embeddable":true,"href":"https:\/\/lbc.conform.it\/pt-pt\/wp-json\/wp\/v2\/users\/4"}],"replies":[{"embeddable":true,"href":"https:\/\/lbc.conform.it\/pt-pt\/wp-json\/wp\/v2\/comments?post=4909"}],"version-history":[{"count":7,"href":"https:\/\/lbc.conform.it\/pt-pt\/wp-json\/wp\/v2\/pages\/4909\/revisions"}],"predecessor-version":[{"id":5404,"href":"https:\/\/lbc.conform.it\/pt-pt\/wp-json\/wp\/v2\/pages\/4909\/revisions\/5404"}],"wp:featuredmedia":[{"embeddable":true,"href":"https:\/\/lbc.conform.it\/pt-pt\/wp-json\/wp\/v2\/media\/4915"}],"wp:attachment":[{"href":"https:\/\/lbc.conform.it\/pt-pt\/wp-json\/wp\/v2\/media?parent=4909"}],"curies":[{"name":"wp","href":"https:\/\/api.w.org\/{rel}","templated":true}]}}