{"id":4876,"date":"2020-10-01T14:50:55","date_gmt":"2020-10-01T14:50:55","guid":{"rendered":"https:\/\/lbc.conform.it\/?page_id=4876"},"modified":"2021-02-25T08:46:32","modified_gmt":"2021-02-25T08:46:32","slug":"o-projeto","status":"publish","type":"page","link":"https:\/\/lbc.conform.it\/pt-pt\/o-projeto\/","title":{"rendered":"O PROJETO"},"content":{"rendered":"<p>[vc_row][vc_column][vc_column_text]O projeto Erasmus+ <strong>\u201cPromo\u00e7\u00e3o de Forma\u00e7\u00e3o e Mobilidade em Rob\u00f3tica atrav\u00e9s da participa\u00e7\u00e3o em competi\u00e7\u00f5es internacionais de Rob\u00f3tica\u201d<\/strong> tem como principal objetivo testar e transferir a abordagem pedag\u00f3gica \u201caprendendo atrav\u00e9s da competi\u00e7\u00e3o\u201d, testada pela CEPROF, a outras escolas com ofertas de ensino e forma\u00e7\u00e3o profissional noutros pa\u00edses europeus.<br \/>\nRegistou-se que os alunos com melhor rendimento nas aulas e com mais ofertas de trabalho s\u00e3o os mesmos que estiveram envolvidos em competi\u00e7\u00f5es de Rob\u00f3tica.[\/vc_column_text][\/vc_column][\/vc_row][vc_row tlg_background_style=&#8221;bg-secondary&#8221; tlg_text_align=&#8221;text-center&#8221;][vc_column width=&#8221;1\/4&#8243;][vc_single_image image=&#8221;4871&#8243; alignment=&#8221;center&#8221;][\/vc_column][vc_column width=&#8221;3\/4&#8243;][vc_column_text]Os <strong>principais objetivos<\/strong> s\u00e3o:<\/p>\n<ul style=\"text-align: left;\">\n<li style=\"list-style-type: none;\">\n<ul>\n<li>criar e testar metodologias de ensino inovadoras;<\/li>\n<li>introduzir a competi\u00e7\u00e3o nos m\u00e9todos de ensino e de aprendizagem;<\/li>\n<li>desenvolver compet\u00eancias relacionadas com as TIC e com a mobilidade;<\/li>\n<li>promover a perseveran\u00e7a e a resili\u00eancia como ferramentas de sucesso;<\/li>\n<li>desenvolver capacidades interpessoais e utilizar a rob\u00f3tica como fator motivacional junto de alunos, de modo a suscitar o seu interesse nas ci\u00eancias e tecnologias.<\/li>\n<\/ul>\n<\/li>\n<\/ul>\n<p>Como modelo de trabalho, este projeto ir\u00e1 focar-se na Rob\u00f3tica como t\u00f3pico de aprendizagem.<br \/>\nO projeto ir\u00e1 desenvolver quatro m\u00f3dulos de forma\u00e7\u00e3o em Rob\u00f3tica, desde o n\u00edvel mais b\u00e1sico at\u00e9 ao mais avan\u00e7ado, dispon\u00edveis em linha, gratuitamente e num formato e-learning.<br \/>\nOs m\u00f3dulos ser\u00e3o testados e ser\u00e3o organizados tr\u00eas momentos de mobilidade, de forma a permitir a participa\u00e7\u00e3o em tr\u00eas competi\u00e7\u00f5es.<span style=\"font-size: 1rem;\"><br \/>\n<\/span>[\/vc_column_text][\/vc_column][\/vc_row][vc_row tlg_background_style=&#8221;bg-secondary&#8221; tlg_text_align=&#8221;text-center&#8221;][vc_column width=&#8221;1\/3&#8243;][vc_single_image image=&#8221;5144&#8243; alignment=&#8221;center&#8221;]<div id=\"iconbox-69e8df0e2482b\" class=\"\"><div class=\"icon-link\"><a class=\"inherit\" href= \"\/soggetto-presentatore\" target=\"_self\" ><div class=\"relative mb0 text-center\">\n\t\t\t\t\t\t\t<i  class=\"   inline-block mb16 ms-text icon-lg\"><\/i>\n\t\t\t\t\t\t\t<h5  class=\"widgettitle mb8\"><\/h5>\n\t\t\t\t\t\t\t<div  class=\"widgetsubtitle mb16\"><\/div>\n\t\t\t\t\t\t\t<div  class=\"icon-content\"><\/p>\n<h5 style=\"text-align: center;\"><span style=\"color: #000000;\"><a style=\"color: #000000;\" href=\"https:\/\/lbc.conform.it\/wp-content\/uploads\/2021\/02\/Brochure_LBC-PT.pdf\">FA\u00c7A O DOWNLOAD DA BROCHURA<\/a><\/span><\/h5>\n<p>\n<\/div> \n\t\t\t\t\t\t<\/div><\/a><\/div><\/div>[\/vc_column][vc_column width=&#8221;1\/3&#8243;][vc_single_image image=&#8221;4872&#8243; alignment=&#8221;center&#8221;]<div id=\"iconbox-69e8df0e248ae\" class=\"\"><div class=\"icon-link\"><a class=\"inherit\" href= \"\/soggetto-presentatore\" target=\"_self\" ><div class=\"relative mb0 text-center\">\n\t\t\t\t\t\t\t<i  class=\"   inline-block mb16 ms-text icon-lg\"><\/i>\n\t\t\t\t\t\t\t<h5  class=\"widgettitle mb8\"><\/h5>\n\t\t\t\t\t\t\t<div  class=\"widgetsubtitle mb16\"><\/div>\n\t\t\t\t\t\t\t<div  class=\"icon-content\"><\/p>\n<h5 style=\"text-align: center;\"><span style=\"color: #000000;\"><a style=\"color: #000000;\" href=\"https:\/\/lbc.conform.it\/training-platform\/\">PRODUTO INTELECTUAL 2<\/a><\/span><\/h5>\n<p style=\"text-align: center;\">PLATAFORMA DE FORMA\u00c7\u00c3O<\/p>\n<p>\n<\/div> \n\t\t\t\t\t\t<\/div><\/a><\/div><\/div>[\/vc_column][vc_column width=&#8221;1\/3&#8243;][vc_single_image image=&#8221;4873&#8243; alignment=&#8221;center&#8221;]<div id=\"iconbox-69e8df0e248f7\" class=\"\"><div class=\"icon-link\"><a class=\"inherit\" href= \"\/soggetto-attuatore\" target=\"_self\" ><div class=\"relative mb0 text-center\">\n\t\t\t\t\t\t\t<i style=\"font-size:40px!important;\" class=\"   inline-block mb16 ms-text icon-lg\"><\/i>\n\t\t\t\t\t\t\t<h5  class=\"widgettitle mb8\"><\/h5>\n\t\t\t\t\t\t\t<div  class=\"widgetsubtitle mb16\"><\/div>\n\t\t\t\t\t\t\t<div  class=\"icon-content\"><\/p>\n<h5 style=\"text-align: center;\"><span style=\"color: #000000;\"><a style=\"color: #000000;\" href=\"\/soggetto-attuatore\">PRODUTO INTELECTUAL 3<\/a><\/span><\/h5>\n<p style=\"text-align: center;\">FASE-PILOTO<\/p>\n<p>\n<\/div> \n\t\t\t\t\t\t<\/div><\/a><\/div><\/div>[\/vc_column][\/vc_row]<\/p>\n","protected":false},"excerpt":{"rendered":"<p>[vc_row][vc_column][vc_column_text]O projeto Erasmus+ \u201cPromo\u00e7\u00e3o de Forma\u00e7\u00e3o e Mobilidade em Rob\u00f3tica atrav\u00e9s da participa\u00e7\u00e3o em competi\u00e7\u00f5es internacionais&#8230;<\/p>\n","protected":false},"author":4,"featured_media":4874,"parent":0,"menu_order":0,"comment_status":"closed","ping_status":"closed","template":"","meta":[],"yoast_head":"<!-- This site is optimized with the Yoast SEO plugin v19.11 - https:\/\/yoast.com\/wordpress\/plugins\/seo\/ -->\n<title>O PROJETO - LBC<\/title>\n<meta name=\"robots\" content=\"index, follow, max-snippet:-1, max-image-preview:large, max-video-preview:-1\" \/>\n<link rel=\"canonical\" href=\"https:\/\/lbc.conform.it\/o-projeto\/?lang=pt-pt\" \/>\n<meta property=\"og:locale\" content=\"pt_PT\" \/>\n<meta property=\"og:type\" content=\"article\" \/>\n<meta property=\"og:title\" content=\"O PROJETO - LBC\" \/>\n<meta property=\"og:description\" content=\"[vc_row][vc_column][vc_column_text]O projeto Erasmus+ \u201cPromo\u00e7\u00e3o de Forma\u00e7\u00e3o e Mobilidade em Rob\u00f3tica atrav\u00e9s da participa\u00e7\u00e3o em competi\u00e7\u00f5es internacionais...\" \/>\n<meta property=\"og:url\" content=\"https:\/\/lbc.conform.it\/o-projeto\/?lang=pt-pt\" \/>\n<meta property=\"og:site_name\" content=\"LBC\" \/>\n<meta property=\"article:publisher\" content=\"https:\/\/www.facebook.com\/conformscarl\/\" \/>\n<meta property=\"article:modified_time\" content=\"2021-02-25T08:46:32+00:00\" \/>\n<meta property=\"og:image\" content=\"https:\/\/lbc.conform.it\/wp-content\/uploads\/2020\/02\/img-int-Learning-by-competing.jpg\" \/>\n\t<meta property=\"og:image:width\" content=\"1500\" \/>\n\t<meta property=\"og:image:height\" content=\"981\" \/>\n\t<meta property=\"og:image:type\" content=\"image\/jpeg\" \/>\n<meta name=\"twitter:card\" content=\"summary_large_image\" \/>\n<meta name=\"twitter:site\" content=\"@conformscarl\" \/>\n<meta name=\"twitter:label1\" content=\"Tempo estimado de leitura\" \/>\n\t<meta name=\"twitter:data1\" content=\"2 minutos\" \/>\n<script type=\"application\/ld+json\" class=\"yoast-schema-graph\">{\"@context\":\"https:\/\/schema.org\",\"@graph\":[{\"@type\":\"WebPage\",\"@id\":\"https:\/\/lbc.conform.it\/o-projeto\/?lang=pt-pt\",\"url\":\"https:\/\/lbc.conform.it\/o-projeto\/?lang=pt-pt\",\"name\":\"O PROJETO - LBC\",\"isPartOf\":{\"@id\":\"https:\/\/lbc.conform.it\/#website\"},\"datePublished\":\"2020-10-01T14:50:55+00:00\",\"dateModified\":\"2021-02-25T08:46:32+00:00\",\"breadcrumb\":{\"@id\":\"https:\/\/lbc.conform.it\/o-projeto\/?lang=pt-pt#breadcrumb\"},\"inLanguage\":\"pt-PT\",\"potentialAction\":[{\"@type\":\"ReadAction\",\"target\":[\"https:\/\/lbc.conform.it\/o-projeto\/?lang=pt-pt\"]}]},{\"@type\":\"BreadcrumbList\",\"@id\":\"https:\/\/lbc.conform.it\/o-projeto\/?lang=pt-pt#breadcrumb\",\"itemListElement\":[{\"@type\":\"ListItem\",\"position\":1,\"name\":\"Home\",\"item\":\"https:\/\/lbc.conform.it\/pt-pt\/\"},{\"@type\":\"ListItem\",\"position\":2,\"name\":\"O PROJETO\"}]},{\"@type\":\"WebSite\",\"@id\":\"https:\/\/lbc.conform.it\/#website\",\"url\":\"https:\/\/lbc.conform.it\/\",\"name\":\"LBC\",\"description\":\"LEARNING BY COMPETING\",\"potentialAction\":[{\"@type\":\"SearchAction\",\"target\":{\"@type\":\"EntryPoint\",\"urlTemplate\":\"https:\/\/lbc.conform.it\/?s={search_term_string}\"},\"query-input\":\"required name=search_term_string\"}],\"inLanguage\":\"pt-PT\"}]}<\/script>\n<!-- \/ Yoast SEO plugin. -->","yoast_head_json":{"title":"O PROJETO - LBC","robots":{"index":"index","follow":"follow","max-snippet":"max-snippet:-1","max-image-preview":"max-image-preview:large","max-video-preview":"max-video-preview:-1"},"canonical":"https:\/\/lbc.conform.it\/o-projeto\/?lang=pt-pt","og_locale":"pt_PT","og_type":"article","og_title":"O PROJETO - LBC","og_description":"[vc_row][vc_column][vc_column_text]O projeto Erasmus+ \u201cPromo\u00e7\u00e3o de Forma\u00e7\u00e3o e Mobilidade em Rob\u00f3tica atrav\u00e9s da participa\u00e7\u00e3o em competi\u00e7\u00f5es internacionais...","og_url":"https:\/\/lbc.conform.it\/o-projeto\/?lang=pt-pt","og_site_name":"LBC","article_publisher":"https:\/\/www.facebook.com\/conformscarl\/","article_modified_time":"2021-02-25T08:46:32+00:00","og_image":[{"width":1500,"height":981,"url":"https:\/\/lbc.conform.it\/wp-content\/uploads\/2020\/02\/img-int-Learning-by-competing.jpg","type":"image\/jpeg"}],"twitter_card":"summary_large_image","twitter_site":"@conformscarl","twitter_misc":{"Tempo estimado de leitura":"2 minutos"},"schema":{"@context":"https:\/\/schema.org","@graph":[{"@type":"WebPage","@id":"https:\/\/lbc.conform.it\/o-projeto\/?lang=pt-pt","url":"https:\/\/lbc.conform.it\/o-projeto\/?lang=pt-pt","name":"O PROJETO - LBC","isPartOf":{"@id":"https:\/\/lbc.conform.it\/#website"},"datePublished":"2020-10-01T14:50:55+00:00","dateModified":"2021-02-25T08:46:32+00:00","breadcrumb":{"@id":"https:\/\/lbc.conform.it\/o-projeto\/?lang=pt-pt#breadcrumb"},"inLanguage":"pt-PT","potentialAction":[{"@type":"ReadAction","target":["https:\/\/lbc.conform.it\/o-projeto\/?lang=pt-pt"]}]},{"@type":"BreadcrumbList","@id":"https:\/\/lbc.conform.it\/o-projeto\/?lang=pt-pt#breadcrumb","itemListElement":[{"@type":"ListItem","position":1,"name":"Home","item":"https:\/\/lbc.conform.it\/pt-pt\/"},{"@type":"ListItem","position":2,"name":"O PROJETO"}]},{"@type":"WebSite","@id":"https:\/\/lbc.conform.it\/#website","url":"https:\/\/lbc.conform.it\/","name":"LBC","description":"LEARNING BY COMPETING","potentialAction":[{"@type":"SearchAction","target":{"@type":"EntryPoint","urlTemplate":"https:\/\/lbc.conform.it\/?s={search_term_string}"},"query-input":"required name=search_term_string"}],"inLanguage":"pt-PT"}]}},"_links":{"self":[{"href":"https:\/\/lbc.conform.it\/pt-pt\/wp-json\/wp\/v2\/pages\/4876"}],"collection":[{"href":"https:\/\/lbc.conform.it\/pt-pt\/wp-json\/wp\/v2\/pages"}],"about":[{"href":"https:\/\/lbc.conform.it\/pt-pt\/wp-json\/wp\/v2\/types\/page"}],"author":[{"embeddable":true,"href":"https:\/\/lbc.conform.it\/pt-pt\/wp-json\/wp\/v2\/users\/4"}],"replies":[{"embeddable":true,"href":"https:\/\/lbc.conform.it\/pt-pt\/wp-json\/wp\/v2\/comments?post=4876"}],"version-history":[{"count":7,"href":"https:\/\/lbc.conform.it\/pt-pt\/wp-json\/wp\/v2\/pages\/4876\/revisions"}],"predecessor-version":[{"id":5301,"href":"https:\/\/lbc.conform.it\/pt-pt\/wp-json\/wp\/v2\/pages\/4876\/revisions\/5301"}],"wp:featuredmedia":[{"embeddable":true,"href":"https:\/\/lbc.conform.it\/pt-pt\/wp-json\/wp\/v2\/media\/4874"}],"wp:attachment":[{"href":"https:\/\/lbc.conform.it\/pt-pt\/wp-json\/wp\/v2\/media?parent=4876"}],"curies":[{"name":"wp","href":"https:\/\/api.w.org\/{rel}","templated":true}]}}