{"id":4610,"date":"2020-09-07T08:30:11","date_gmt":"2020-09-07T08:30:11","guid":{"rendered":"https:\/\/lbc.conform.it\/?page_id=4610"},"modified":"2021-02-24T10:03:26","modified_gmt":"2021-02-24T10:03:26","slug":"ceprof","status":"publish","type":"page","link":"https:\/\/lbc.conform.it\/it\/ceprof\/","title":{"rendered":"CEPROF"},"content":{"rendered":"<p>[vc_row tlg_text_align=&#8221;text-center&#8221;][vc_column][vc_single_image image=&#8221;4613&#8243; img_size=&#8221;medium&#8221; alignment=&#8221;center&#8221;]<div class=\"tlg-spacer\" data-height=\"20\" data-height-tablet=\"20\" data-height-mobile=\"20\" style=\"clear:both;display:block;height:20px;\"><\/div>[vc_column_text]CEPROF \u00e8 il proprietario di Escola Profissional de Espinho, una scuola di IFP, ed \u00e8 stato creato nel 1990. La sua vocazione \u00e8 la promozione di centri scolastici e scuole professionali. Mira a contribuire alle capacit\u00e0 personali e professionali degli studenti, preparandoli al mercato del lavoro. Promuove l&#8217;approccio tra scuole e imprese e offre opportunit\u00e0 di apprendimento in base alle esigenze locali e nazionali. Le principali aree di formazione sono quelle legate al settore del turismo, per supportare le esigenze di questo settore nelle regioni costiere di Aveiro e Porto. Anche il focus sulla tecnologia \u00e8 molto forte, specialmente in Meccatronica ed Elettronica per supportare l&#8217;industria pesante nella regione di Porto-Gaia-Ovar. Gli studenti sono incoraggiati a partecipare a concorsi per presentare idee innovative, che consentano loro di sviluppare la creativit\u00e0 e l&#8217;imprenditorialit\u00e0.[\/vc_column_text]<div class=\"tlg-spacer\" data-height=\"20\" data-height-tablet=\"20\" data-height-mobile=\"20\" style=\"clear:both;display:block;height:20px;\"><\/div><div class=\"\"><a  id=\"btn-69e8b713c3512\" class=\"btn btn-filled btn-rounded  ti-arrow-right  btn-sm-sm\" href= \"http:\/\/espe.pt\/\" target='_blank' >Val al sito web<\/a><\/div>[\/vc_column][\/vc_row]<\/p>\n","protected":false},"excerpt":{"rendered":"<p>[vc_row tlg_text_align=&#8221;text-center&#8221;][vc_column][vc_single_image image=&#8221;4613&#8243; img_size=&#8221;medium&#8221; alignment=&#8221;center&#8221;][vc_column_text]CEPROF \u00e8 il proprietario di Escola Profissional de Espinho, una scuola di&#8230;<\/p>\n","protected":false},"author":4,"featured_media":4599,"parent":0,"menu_order":0,"comment_status":"closed","ping_status":"closed","template":"","meta":[],"yoast_head":"<!-- This site is optimized with the Yoast SEO plugin v19.11 - https:\/\/yoast.com\/wordpress\/plugins\/seo\/ -->\n<title>CEPROF - LBC<\/title>\n<meta name=\"robots\" content=\"index, follow, max-snippet:-1, max-image-preview:large, max-video-preview:-1\" \/>\n<link rel=\"canonical\" href=\"https:\/\/lbc.conform.it\/ceprof\/?lang=it\" \/>\n<meta property=\"og:locale\" content=\"it_IT\" \/>\n<meta property=\"og:type\" content=\"article\" \/>\n<meta property=\"og:title\" content=\"CEPROF - LBC\" \/>\n<meta property=\"og:description\" content=\"[vc_row tlg_text_align=&#8221;text-center&#8221;][vc_column][vc_single_image image=&#8221;4613&#8243; img_size=&#8221;medium&#8221; alignment=&#8221;center&#8221;][vc_column_text]CEPROF \u00e8 il proprietario di Escola Profissional de Espinho, una scuola di...\" \/>\n<meta property=\"og:url\" content=\"https:\/\/lbc.conform.it\/ceprof\/?lang=it\" \/>\n<meta property=\"og:site_name\" content=\"LBC\" \/>\n<meta property=\"article:publisher\" content=\"https:\/\/www.facebook.com\/conformscarl\/\" \/>\n<meta property=\"article:modified_time\" content=\"2021-02-24T10:03:26+00:00\" \/>\n<meta property=\"og:image\" content=\"https:\/\/lbc.conform.it\/wp-content\/uploads\/2020\/09\/partner.png\" \/>\n\t<meta property=\"og:image:width\" content=\"5482\" \/>\n\t<meta property=\"og:image:height\" content=\"3660\" \/>\n\t<meta property=\"og:image:type\" content=\"image\/png\" \/>\n<meta name=\"twitter:card\" content=\"summary_large_image\" \/>\n<meta name=\"twitter:site\" content=\"@conformscarl\" \/>\n<meta name=\"twitter:label1\" content=\"Tempo di lettura stimato\" \/>\n\t<meta name=\"twitter:data1\" content=\"1 minuto\" \/>\n<script type=\"application\/ld+json\" class=\"yoast-schema-graph\">{\"@context\":\"https:\/\/schema.org\",\"@graph\":[{\"@type\":\"WebPage\",\"@id\":\"https:\/\/lbc.conform.it\/ceprof\/?lang=it\",\"url\":\"https:\/\/lbc.conform.it\/ceprof\/?lang=it\",\"name\":\"CEPROF - LBC\",\"isPartOf\":{\"@id\":\"https:\/\/lbc.conform.it\/#website\"},\"datePublished\":\"2020-09-07T08:30:11+00:00\",\"dateModified\":\"2021-02-24T10:03:26+00:00\",\"breadcrumb\":{\"@id\":\"https:\/\/lbc.conform.it\/ceprof\/?lang=it#breadcrumb\"},\"inLanguage\":\"it-IT\",\"potentialAction\":[{\"@type\":\"ReadAction\",\"target\":[\"https:\/\/lbc.conform.it\/ceprof\/?lang=it\"]}]},{\"@type\":\"BreadcrumbList\",\"@id\":\"https:\/\/lbc.conform.it\/ceprof\/?lang=it#breadcrumb\",\"itemListElement\":[{\"@type\":\"ListItem\",\"position\":1,\"name\":\"Home\",\"item\":\"https:\/\/lbc.conform.it\/it\/\"},{\"@type\":\"ListItem\",\"position\":2,\"name\":\"CEPROF\"}]},{\"@type\":\"WebSite\",\"@id\":\"https:\/\/lbc.conform.it\/#website\",\"url\":\"https:\/\/lbc.conform.it\/\",\"name\":\"LBC\",\"description\":\"LEARNING BY COMPETING\",\"potentialAction\":[{\"@type\":\"SearchAction\",\"target\":{\"@type\":\"EntryPoint\",\"urlTemplate\":\"https:\/\/lbc.conform.it\/?s={search_term_string}\"},\"query-input\":\"required name=search_term_string\"}],\"inLanguage\":\"it-IT\"}]}<\/script>\n<!-- \/ Yoast SEO plugin. -->","yoast_head_json":{"title":"CEPROF - LBC","robots":{"index":"index","follow":"follow","max-snippet":"max-snippet:-1","max-image-preview":"max-image-preview:large","max-video-preview":"max-video-preview:-1"},"canonical":"https:\/\/lbc.conform.it\/ceprof\/?lang=it","og_locale":"it_IT","og_type":"article","og_title":"CEPROF - LBC","og_description":"[vc_row tlg_text_align=&#8221;text-center&#8221;][vc_column][vc_single_image image=&#8221;4613&#8243; img_size=&#8221;medium&#8221; alignment=&#8221;center&#8221;][vc_column_text]CEPROF \u00e8 il proprietario di Escola Profissional de Espinho, una scuola di...","og_url":"https:\/\/lbc.conform.it\/ceprof\/?lang=it","og_site_name":"LBC","article_publisher":"https:\/\/www.facebook.com\/conformscarl\/","article_modified_time":"2021-02-24T10:03:26+00:00","og_image":[{"width":5482,"height":3660,"url":"https:\/\/lbc.conform.it\/wp-content\/uploads\/2020\/09\/partner.png","type":"image\/png"}],"twitter_card":"summary_large_image","twitter_site":"@conformscarl","twitter_misc":{"Tempo di lettura stimato":"1 minuto"},"schema":{"@context":"https:\/\/schema.org","@graph":[{"@type":"WebPage","@id":"https:\/\/lbc.conform.it\/ceprof\/?lang=it","url":"https:\/\/lbc.conform.it\/ceprof\/?lang=it","name":"CEPROF - LBC","isPartOf":{"@id":"https:\/\/lbc.conform.it\/#website"},"datePublished":"2020-09-07T08:30:11+00:00","dateModified":"2021-02-24T10:03:26+00:00","breadcrumb":{"@id":"https:\/\/lbc.conform.it\/ceprof\/?lang=it#breadcrumb"},"inLanguage":"it-IT","potentialAction":[{"@type":"ReadAction","target":["https:\/\/lbc.conform.it\/ceprof\/?lang=it"]}]},{"@type":"BreadcrumbList","@id":"https:\/\/lbc.conform.it\/ceprof\/?lang=it#breadcrumb","itemListElement":[{"@type":"ListItem","position":1,"name":"Home","item":"https:\/\/lbc.conform.it\/it\/"},{"@type":"ListItem","position":2,"name":"CEPROF"}]},{"@type":"WebSite","@id":"https:\/\/lbc.conform.it\/#website","url":"https:\/\/lbc.conform.it\/","name":"LBC","description":"LEARNING BY COMPETING","potentialAction":[{"@type":"SearchAction","target":{"@type":"EntryPoint","urlTemplate":"https:\/\/lbc.conform.it\/?s={search_term_string}"},"query-input":"required name=search_term_string"}],"inLanguage":"it-IT"}]}},"_links":{"self":[{"href":"https:\/\/lbc.conform.it\/it\/wp-json\/wp\/v2\/pages\/4610"}],"collection":[{"href":"https:\/\/lbc.conform.it\/it\/wp-json\/wp\/v2\/pages"}],"about":[{"href":"https:\/\/lbc.conform.it\/it\/wp-json\/wp\/v2\/types\/page"}],"author":[{"embeddable":true,"href":"https:\/\/lbc.conform.it\/it\/wp-json\/wp\/v2\/users\/4"}],"replies":[{"embeddable":true,"href":"https:\/\/lbc.conform.it\/it\/wp-json\/wp\/v2\/comments?post=4610"}],"version-history":[{"count":3,"href":"https:\/\/lbc.conform.it\/it\/wp-json\/wp\/v2\/pages\/4610\/revisions"}],"predecessor-version":[{"id":4614,"href":"https:\/\/lbc.conform.it\/it\/wp-json\/wp\/v2\/pages\/4610\/revisions\/4614"}],"wp:featuredmedia":[{"embeddable":true,"href":"https:\/\/lbc.conform.it\/it\/wp-json\/wp\/v2\/media\/4599"}],"wp:attachment":[{"href":"https:\/\/lbc.conform.it\/it\/wp-json\/wp\/v2\/media?parent=4610"}],"curies":[{"name":"wp","href":"https:\/\/api.w.org\/{rel}","templated":true}]}}