{"id":4548,"date":"2016-02-22T15:54:29","date_gmt":"2016-02-22T15:54:29","guid":{"rendered":"https:\/\/lbc.conform.it\/the-project\/"},"modified":"2022-03-31T14:18:39","modified_gmt":"2022-03-31T14:18:39","slug":"il-progetto","status":"publish","type":"page","link":"https:\/\/lbc.conform.it\/it\/il-progetto\/","title":{"rendered":"Il Progetto"},"content":{"rendered":"<p>[vc_row][vc_column][vc_column_text]Il progetto ERASMUS+ <strong>\u201cPromozione della formazione sulla robotica e della mobilit\u00e0, mediante la partecipazione a competizioni internazionali sulla robotica\u201d<\/strong>, ha lo scopo di testare e trasferire l\u2019approccio pedagogico di \u201cLearning by Competing\u201d (Apprendere attraverso le competizioni), testato da CEPROF, a altre scuole dell\u2019IFP in altri paesi Europei.<br \/>\n\u00c8 stato osservato che gli studenti che riescono meglio in classe e che ottengono pi\u00f9 opportunit\u00e0 di lavoro sono quelli coinvolti nelle competizioni robotiche.[\/vc_column_text][\/vc_column][\/vc_row][vc_row tlg_background_style=&#8221;bg-secondary&#8221; tlg_text_align=&#8221;text-center&#8221;][vc_column width=&#8221;1\/4&#8243;][vc_single_image image=&#8221;4555&#8243; alignment=&#8221;center&#8221;][\/vc_column][vc_column width=&#8221;3\/4&#8243;][vc_column_text]<\/p>\n<p style=\"text-align: left;\">Gli <strong>obiettivi chiave <\/strong>sono:<\/p>\n<ul style=\"text-align: left;\">\n<li style=\"list-style-type: none;\">\n<ul>\n<li>Creare e sperimentare di metodologie didattiche innovative;<\/li>\n<li>Introdurre la competizione nei metodi di insegnamento e apprendimento;<\/li>\n<li>Sviluppare le competenze in materia di TIC e mobilit\u00e0;<\/li>\n<li>Promuovere la perseveranza e la resilienza come strumenti di successo;<\/li>\n<\/ul>\n<\/li>\n<\/ul>\n<p>Il progetto affronter\u00e0 il tema della <strong>robotica<\/strong> sviluppando <strong>4 moduli di formazione<\/strong> sulla robotica dal livello base a quello avanzato, disponibili online gratuitamente in formato di e-learning.\u00a0I moduli saranno testati e ci saranno <strong>3 flussi di mobilit\u00e0<\/strong> per consentire la partecipazione a 3 <strong>competizioni<\/strong>.[\/vc_column_text][\/vc_column][\/vc_row][vc_row tlg_background_style=&#8221;bg-secondary&#8221; tlg_text_align=&#8221;text-center&#8221;][vc_column width=&#8221;1\/3&#8243;][vc_single_image image=&#8221;5143&#8243; alignment=&#8221;center&#8221;]<div id=\"iconbox-69e8cd797fc3b\" class=\"\"><div class=\"icon-link\"><a class=\"inherit\" href= \"\/soggetto-presentatore\" target=\"_self\" ><div class=\"relative mb0 text-center\">\n\t\t\t\t\t\t\t<i  class=\"   inline-block mb16 ms-text icon-lg\"><\/i>\n\t\t\t\t\t\t\t<h5  class=\"widgettitle mb8\"><\/h5>\n\t\t\t\t\t\t\t<div  class=\"widgetsubtitle mb16\"><\/div>\n\t\t\t\t\t\t\t<div  class=\"icon-content\"><\/p>\n<h5 style=\"text-align: center;\"><span style=\"color: #000000;\"><a style=\"color: #000000;\" href=\"https:\/\/lbc.conform.it\/wp-content\/uploads\/2021\/03\/Brochure_LBC-IT.pdf\">SCARICA LA BROCHURE<\/a><\/span><\/h5>\n<p>\n<\/div> \n\t\t\t\t\t\t<\/div><\/a><\/div><\/div>[\/vc_column][vc_column width=&#8221;1\/3&#8243;][vc_single_image image=&#8221;4556&#8243; alignment=&#8221;center&#8221;]<div id=\"iconbox-69e8cd797fcb4\" class=\"\"><div class=\"icon-link\"><a class=\"inherit\" href= \"\/soggetto-presentatore\" target=\"_self\" ><div class=\"relative mb0 text-center\">\n\t\t\t\t\t\t\t<i  class=\"   inline-block mb16 ms-text icon-lg\"><\/i>\n\t\t\t\t\t\t\t<h5  class=\"widgettitle mb8\"><\/h5>\n\t\t\t\t\t\t\t<div  class=\"widgetsubtitle mb16\"><\/div>\n\t\t\t\t\t\t\t<div  class=\"icon-content\"><\/p>\n<h5 style=\"text-align: center;\"><span style=\"color: #000000;\"><a style=\"color: #000000;\" href=\"https:\/\/lbc.conform.it\/training-platform\/\">OUTPUT 2<\/a><\/span><\/h5>\n<p style=\"text-align: center;\">PIATTAFORMA E-LEARNING<\/p>\n<p>\n<\/div> \n\t\t\t\t\t\t<\/div><\/a><\/div><\/div>[\/vc_column][vc_column width=&#8221;1\/3&#8243;][vc_single_image image=&#8221;4557&#8243; alignment=&#8221;center&#8221;]<div id=\"iconbox-69e8cd797fcfe\" class=\"\"><div class=\"icon-link\"><a class=\"inherit\" href= \"\/soggetto-attuatore\" target=\"_self\" ><div class=\"relative mb0 text-center\">\n\t\t\t\t\t\t\t<i style=\"font-size:40px!important;\" class=\"   inline-block mb16 ms-text icon-lg\"><\/i>\n\t\t\t\t\t\t\t<h5  class=\"widgettitle mb8\"><\/h5>\n\t\t\t\t\t\t\t<div  class=\"widgetsubtitle mb16\"><\/div>\n\t\t\t\t\t\t\t<div  class=\"icon-content\"><\/p>\n<h5 style=\"text-align: center;\"><span style=\"color: #000000;\"><a style=\"color: #000000;\" href=\"https:\/\/lbc.conform.it\/competizioni\/?lang=it\">OUTPUT 3<\/a><\/span><\/h5>\n<p style=\"text-align: center;\">SPERIMENTAZIONE<\/p>\n<p>\n<\/div> \n\t\t\t\t\t\t<\/div><\/a><\/div><\/div>[\/vc_column][\/vc_row]<\/p>\n","protected":false},"excerpt":{"rendered":"<p>[vc_row][vc_column][vc_column_text]Il progetto ERASMUS+ \u201cPromozione della formazione sulla robotica e della mobilit\u00e0, mediante la partecipazione a competizioni&#8230;<\/p>\n","protected":false},"author":5,"featured_media":4550,"parent":0,"menu_order":0,"comment_status":"closed","ping_status":"closed","template":"","meta":[],"yoast_head":"<!-- This site is optimized with the Yoast SEO plugin v19.11 - https:\/\/yoast.com\/wordpress\/plugins\/seo\/ -->\n<title>Il Progetto - LBC<\/title>\n<meta name=\"description\" content=\"The project aims at testing the approach of Learning by Competing to other VET Schools in EU.\" \/>\n<meta name=\"robots\" content=\"index, follow, max-snippet:-1, max-image-preview:large, max-video-preview:-1\" \/>\n<link rel=\"canonical\" href=\"https:\/\/lbc.conform.it\/il-progetto\/?lang=it\" \/>\n<meta property=\"og:locale\" content=\"it_IT\" \/>\n<meta property=\"og:type\" content=\"article\" \/>\n<meta property=\"og:title\" content=\"Il Progetto - LBC\" \/>\n<meta property=\"og:description\" content=\"The project aims at testing the approach of Learning by Competing to other VET Schools in EU.\" \/>\n<meta property=\"og:url\" content=\"https:\/\/lbc.conform.it\/il-progetto\/?lang=it\" \/>\n<meta property=\"og:site_name\" content=\"LBC\" \/>\n<meta property=\"article:publisher\" content=\"https:\/\/www.facebook.com\/conformscarl\/\" \/>\n<meta property=\"article:modified_time\" content=\"2022-03-31T14:18:39+00:00\" \/>\n<meta property=\"og:image\" content=\"https:\/\/lbc.conform.it\/wp-content\/uploads\/2020\/02\/img-int-Learning-by-competing.jpg\" \/>\n\t<meta property=\"og:image:width\" content=\"1500\" \/>\n\t<meta property=\"og:image:height\" content=\"981\" \/>\n\t<meta property=\"og:image:type\" content=\"image\/jpeg\" \/>\n<meta name=\"twitter:card\" content=\"summary_large_image\" \/>\n<meta name=\"twitter:site\" content=\"@conformscarl\" \/>\n<meta name=\"twitter:label1\" content=\"Tempo di lettura stimato\" \/>\n\t<meta name=\"twitter:data1\" content=\"1 minuto\" \/>\n<script type=\"application\/ld+json\" class=\"yoast-schema-graph\">{\"@context\":\"https:\/\/schema.org\",\"@graph\":[{\"@type\":\"WebPage\",\"@id\":\"https:\/\/lbc.conform.it\/il-progetto\/?lang=it\",\"url\":\"https:\/\/lbc.conform.it\/il-progetto\/?lang=it\",\"name\":\"Il Progetto - LBC\",\"isPartOf\":{\"@id\":\"https:\/\/lbc.conform.it\/#website\"},\"datePublished\":\"2016-02-22T15:54:29+00:00\",\"dateModified\":\"2022-03-31T14:18:39+00:00\",\"description\":\"The project aims at testing the approach of Learning by Competing to other VET Schools in EU.\",\"breadcrumb\":{\"@id\":\"https:\/\/lbc.conform.it\/il-progetto\/?lang=it#breadcrumb\"},\"inLanguage\":\"it-IT\",\"potentialAction\":[{\"@type\":\"ReadAction\",\"target\":[\"https:\/\/lbc.conform.it\/il-progetto\/?lang=it\"]}]},{\"@type\":\"BreadcrumbList\",\"@id\":\"https:\/\/lbc.conform.it\/il-progetto\/?lang=it#breadcrumb\",\"itemListElement\":[{\"@type\":\"ListItem\",\"position\":1,\"name\":\"Home\",\"item\":\"https:\/\/lbc.conform.it\/it\/\"},{\"@type\":\"ListItem\",\"position\":2,\"name\":\"Il Progetto\"}]},{\"@type\":\"WebSite\",\"@id\":\"https:\/\/lbc.conform.it\/#website\",\"url\":\"https:\/\/lbc.conform.it\/\",\"name\":\"LBC\",\"description\":\"LEARNING BY COMPETING\",\"potentialAction\":[{\"@type\":\"SearchAction\",\"target\":{\"@type\":\"EntryPoint\",\"urlTemplate\":\"https:\/\/lbc.conform.it\/?s={search_term_string}\"},\"query-input\":\"required name=search_term_string\"}],\"inLanguage\":\"it-IT\"}]}<\/script>\n<!-- \/ Yoast SEO plugin. -->","yoast_head_json":{"title":"Il Progetto - LBC","description":"The project aims at testing the approach of Learning by Competing to other VET Schools in EU.","robots":{"index":"index","follow":"follow","max-snippet":"max-snippet:-1","max-image-preview":"max-image-preview:large","max-video-preview":"max-video-preview:-1"},"canonical":"https:\/\/lbc.conform.it\/il-progetto\/?lang=it","og_locale":"it_IT","og_type":"article","og_title":"Il Progetto - LBC","og_description":"The project aims at testing the approach of Learning by Competing to other VET Schools in EU.","og_url":"https:\/\/lbc.conform.it\/il-progetto\/?lang=it","og_site_name":"LBC","article_publisher":"https:\/\/www.facebook.com\/conformscarl\/","article_modified_time":"2022-03-31T14:18:39+00:00","og_image":[{"width":1500,"height":981,"url":"https:\/\/lbc.conform.it\/wp-content\/uploads\/2020\/02\/img-int-Learning-by-competing.jpg","type":"image\/jpeg"}],"twitter_card":"summary_large_image","twitter_site":"@conformscarl","twitter_misc":{"Tempo di lettura stimato":"1 minuto"},"schema":{"@context":"https:\/\/schema.org","@graph":[{"@type":"WebPage","@id":"https:\/\/lbc.conform.it\/il-progetto\/?lang=it","url":"https:\/\/lbc.conform.it\/il-progetto\/?lang=it","name":"Il Progetto - LBC","isPartOf":{"@id":"https:\/\/lbc.conform.it\/#website"},"datePublished":"2016-02-22T15:54:29+00:00","dateModified":"2022-03-31T14:18:39+00:00","description":"The project aims at testing the approach of Learning by Competing to other VET Schools in EU.","breadcrumb":{"@id":"https:\/\/lbc.conform.it\/il-progetto\/?lang=it#breadcrumb"},"inLanguage":"it-IT","potentialAction":[{"@type":"ReadAction","target":["https:\/\/lbc.conform.it\/il-progetto\/?lang=it"]}]},{"@type":"BreadcrumbList","@id":"https:\/\/lbc.conform.it\/il-progetto\/?lang=it#breadcrumb","itemListElement":[{"@type":"ListItem","position":1,"name":"Home","item":"https:\/\/lbc.conform.it\/it\/"},{"@type":"ListItem","position":2,"name":"Il Progetto"}]},{"@type":"WebSite","@id":"https:\/\/lbc.conform.it\/#website","url":"https:\/\/lbc.conform.it\/","name":"LBC","description":"LEARNING BY COMPETING","potentialAction":[{"@type":"SearchAction","target":{"@type":"EntryPoint","urlTemplate":"https:\/\/lbc.conform.it\/?s={search_term_string}"},"query-input":"required name=search_term_string"}],"inLanguage":"it-IT"}]}},"_links":{"self":[{"href":"https:\/\/lbc.conform.it\/it\/wp-json\/wp\/v2\/pages\/4548"}],"collection":[{"href":"https:\/\/lbc.conform.it\/it\/wp-json\/wp\/v2\/pages"}],"about":[{"href":"https:\/\/lbc.conform.it\/it\/wp-json\/wp\/v2\/types\/page"}],"author":[{"embeddable":true,"href":"https:\/\/lbc.conform.it\/it\/wp-json\/wp\/v2\/users\/5"}],"replies":[{"embeddable":true,"href":"https:\/\/lbc.conform.it\/it\/wp-json\/wp\/v2\/comments?post=4548"}],"version-history":[{"count":8,"href":"https:\/\/lbc.conform.it\/it\/wp-json\/wp\/v2\/pages\/4548\/revisions"}],"predecessor-version":[{"id":5655,"href":"https:\/\/lbc.conform.it\/it\/wp-json\/wp\/v2\/pages\/4548\/revisions\/5655"}],"wp:featuredmedia":[{"embeddable":true,"href":"https:\/\/lbc.conform.it\/it\/wp-json\/wp\/v2\/media\/4550"}],"wp:attachment":[{"href":"https:\/\/lbc.conform.it\/it\/wp-json\/wp\/v2\/media?parent=4548"}],"curies":[{"name":"wp","href":"https:\/\/api.w.org\/{rel}","templated":true}]}}