{"id":4776,"date":"2020-09-09T07:00:09","date_gmt":"2020-09-09T07:00:09","guid":{"rendered":"https:\/\/lbc.conform.it\/?page_id=4776"},"modified":"2020-09-09T07:02:21","modified_gmt":"2020-09-09T07:02:21","slug":"hdbm","status":"publish","type":"page","link":"https:\/\/lbc.conform.it\/fr\/hdbm\/","title":{"rendered":"Honor\u00e9 de Balzac Model United Nations"},"content":{"rendered":"<p>[vc_row tlg_text_align=\u00a0\u00bbtext-center\u00a0\u00bb][vc_column][vc_single_image image=\u00a0\u00bb4780&Prime; img_size=\u00a0\u00bbmedium\u00a0\u00bb alignment=\u00a0\u00bbcenter\u00a0\u00bb]<div class=\"tlg-spacer\" data-height=\"20\" data-height-tablet=\"20\" data-height-mobile=\"20\" style=\"clear:both;display:block;height:20px;\"><\/div>[vc_column_text]Notre association d\u00e9veloppe des d\u00e9bats participatifs dans les \u00e9tablissements scolaires \u00e0 travers l\u2019utilisation d\u2019un environnement digital.\u00a0 Nous am\u00e9liorons les discussions et les consultations en sensibilisant les \u00e9tudiants \u00e0 la n\u00e9cessit\u00e9 de construire un monde plus humain.\u00a0 Lors de notre dernier projet de r\u00e9alisation d\u2019un Hackathon (comp\u00e9tition digitale) avec des \u00e9tudiants europ\u00e9ens, nous avons d\u00e9montr\u00e9 que la comp\u00e9tition et les d\u00e9bats d\u00e9mocratiques favorisent une \u00e9ducation inclusive et sont compl\u00e9mentaires pour d\u00e9velopper l&rsquo;esprit d\u2019entrepreneuriat, le leadership et la citoyennet\u00e9.\u00a0 La strat\u00e9gie\u00a0 p\u00e9dagogique que nous menons est fond\u00e9e sur une organisation hybride qui allie des dispositifs en ligne \u00e0 des outils d\u00e9di\u00e9s tels que des agr\u00e9gateurs de contenu, forums, sites de formation, vote en ligne, l&rsquo;organisation de plateforme d\u00e9di\u00e9e \u00e0 l&rsquo;e-learning.[\/vc_column_text]<div class=\"tlg-spacer\" data-height=\"20\" data-height-tablet=\"20\" data-height-mobile=\"20\" style=\"clear:both;display:block;height:20px;\"><\/div><div class=\"\"><a  id=\"btn-69d3f4b35a76f\" class=\"btn btn-filled btn-rounded  ti-arrow-right  btn-sm-sm\" href= \"http:\/\/www.mun-balzac.com\" target='_blank' >SITE INTERNET<\/a><\/div>[\/vc_column][\/vc_row]<\/p>\n","protected":false},"excerpt":{"rendered":"<p>[vc_row tlg_text_align=\u00a0\u00bbtext-center\u00a0\u00bb][vc_column][vc_single_image image=\u00a0\u00bb4780&Prime; img_size=\u00a0\u00bbmedium\u00a0\u00bb alignment=\u00a0\u00bbcenter\u00a0\u00bb][vc_column_text]Notre association d\u00e9veloppe des d\u00e9bats participatifs dans les \u00e9tablissements scolaires \u00e0 travers&#8230;<\/p>\n","protected":false},"author":4,"featured_media":4751,"parent":0,"menu_order":0,"comment_status":"closed","ping_status":"closed","template":"","meta":[],"yoast_head":"<!-- This site is optimized with the Yoast SEO plugin v19.11 - https:\/\/yoast.com\/wordpress\/plugins\/seo\/ -->\n<title>Honor\u00e9 de Balzac Model United Nations - LBC<\/title>\n<meta name=\"robots\" content=\"index, follow, max-snippet:-1, max-image-preview:large, max-video-preview:-1\" \/>\n<link rel=\"canonical\" href=\"https:\/\/lbc.conform.it\/hdbm\/?lang=fr\" \/>\n<meta property=\"og:locale\" content=\"fr_FR\" \/>\n<meta property=\"og:type\" content=\"article\" \/>\n<meta property=\"og:title\" content=\"Honor\u00e9 de Balzac Model United Nations - LBC\" \/>\n<meta property=\"og:description\" content=\"[vc_row tlg_text_align=\u00a0\u00bbtext-center\u00a0\u00bb][vc_column][vc_single_image image=\u00a0\u00bb4780&Prime; img_size=\u00a0\u00bbmedium\u00a0\u00bb alignment=\u00a0\u00bbcenter\u00a0\u00bb][vc_column_text]Notre association d\u00e9veloppe des d\u00e9bats participatifs dans les \u00e9tablissements scolaires \u00e0 travers...\" \/>\n<meta property=\"og:url\" content=\"https:\/\/lbc.conform.it\/hdbm\/?lang=fr\" \/>\n<meta property=\"og:site_name\" content=\"LBC\" \/>\n<meta property=\"article:publisher\" content=\"https:\/\/www.facebook.com\/conformscarl\/\" \/>\n<meta property=\"article:modified_time\" content=\"2020-09-09T07:02:21+00:00\" \/>\n<meta property=\"og:image\" content=\"https:\/\/lbc.conform.it\/wp-content\/uploads\/2020\/02\/partner.png\" \/>\n\t<meta property=\"og:image:width\" content=\"5482\" \/>\n\t<meta property=\"og:image:height\" content=\"3660\" \/>\n\t<meta property=\"og:image:type\" content=\"image\/png\" \/>\n<meta name=\"twitter:card\" content=\"summary_large_image\" \/>\n<meta name=\"twitter:site\" content=\"@conformscarl\" \/>\n<meta name=\"twitter:label1\" content=\"Dur\u00e9e de lecture estim\u00e9e\" \/>\n\t<meta name=\"twitter:data1\" content=\"1 minute\" \/>\n<script type=\"application\/ld+json\" class=\"yoast-schema-graph\">{\"@context\":\"https:\/\/schema.org\",\"@graph\":[{\"@type\":\"WebPage\",\"@id\":\"https:\/\/lbc.conform.it\/hdbm\/?lang=fr\",\"url\":\"https:\/\/lbc.conform.it\/hdbm\/?lang=fr\",\"name\":\"Honor\u00e9 de Balzac Model United Nations - LBC\",\"isPartOf\":{\"@id\":\"https:\/\/lbc.conform.it\/#website\"},\"datePublished\":\"2020-09-09T07:00:09+00:00\",\"dateModified\":\"2020-09-09T07:02:21+00:00\",\"breadcrumb\":{\"@id\":\"https:\/\/lbc.conform.it\/hdbm\/?lang=fr#breadcrumb\"},\"inLanguage\":\"fr-FR\",\"potentialAction\":[{\"@type\":\"ReadAction\",\"target\":[\"https:\/\/lbc.conform.it\/hdbm\/?lang=fr\"]}]},{\"@type\":\"BreadcrumbList\",\"@id\":\"https:\/\/lbc.conform.it\/hdbm\/?lang=fr#breadcrumb\",\"itemListElement\":[{\"@type\":\"ListItem\",\"position\":1,\"name\":\"Home\",\"item\":\"https:\/\/lbc.conform.it\/fr\/\"},{\"@type\":\"ListItem\",\"position\":2,\"name\":\"Honor\u00e9 de Balzac Model United Nations\"}]},{\"@type\":\"WebSite\",\"@id\":\"https:\/\/lbc.conform.it\/#website\",\"url\":\"https:\/\/lbc.conform.it\/\",\"name\":\"LBC\",\"description\":\"LEARNING BY COMPETING\",\"potentialAction\":[{\"@type\":\"SearchAction\",\"target\":{\"@type\":\"EntryPoint\",\"urlTemplate\":\"https:\/\/lbc.conform.it\/?s={search_term_string}\"},\"query-input\":\"required name=search_term_string\"}],\"inLanguage\":\"fr-FR\"}]}<\/script>\n<!-- \/ Yoast SEO plugin. -->","yoast_head_json":{"title":"Honor\u00e9 de Balzac Model United Nations - LBC","robots":{"index":"index","follow":"follow","max-snippet":"max-snippet:-1","max-image-preview":"max-image-preview:large","max-video-preview":"max-video-preview:-1"},"canonical":"https:\/\/lbc.conform.it\/hdbm\/?lang=fr","og_locale":"fr_FR","og_type":"article","og_title":"Honor\u00e9 de Balzac Model United Nations - LBC","og_description":"[vc_row tlg_text_align=\u00a0\u00bbtext-center\u00a0\u00bb][vc_column][vc_single_image image=\u00a0\u00bb4780&Prime; img_size=\u00a0\u00bbmedium\u00a0\u00bb alignment=\u00a0\u00bbcenter\u00a0\u00bb][vc_column_text]Notre association d\u00e9veloppe des d\u00e9bats participatifs dans les \u00e9tablissements scolaires \u00e0 travers...","og_url":"https:\/\/lbc.conform.it\/hdbm\/?lang=fr","og_site_name":"LBC","article_publisher":"https:\/\/www.facebook.com\/conformscarl\/","article_modified_time":"2020-09-09T07:02:21+00:00","og_image":[{"width":5482,"height":3660,"url":"https:\/\/lbc.conform.it\/wp-content\/uploads\/2020\/02\/partner.png","type":"image\/png"}],"twitter_card":"summary_large_image","twitter_site":"@conformscarl","twitter_misc":{"Dur\u00e9e de lecture estim\u00e9e":"1 minute"},"schema":{"@context":"https:\/\/schema.org","@graph":[{"@type":"WebPage","@id":"https:\/\/lbc.conform.it\/hdbm\/?lang=fr","url":"https:\/\/lbc.conform.it\/hdbm\/?lang=fr","name":"Honor\u00e9 de Balzac Model United Nations - LBC","isPartOf":{"@id":"https:\/\/lbc.conform.it\/#website"},"datePublished":"2020-09-09T07:00:09+00:00","dateModified":"2020-09-09T07:02:21+00:00","breadcrumb":{"@id":"https:\/\/lbc.conform.it\/hdbm\/?lang=fr#breadcrumb"},"inLanguage":"fr-FR","potentialAction":[{"@type":"ReadAction","target":["https:\/\/lbc.conform.it\/hdbm\/?lang=fr"]}]},{"@type":"BreadcrumbList","@id":"https:\/\/lbc.conform.it\/hdbm\/?lang=fr#breadcrumb","itemListElement":[{"@type":"ListItem","position":1,"name":"Home","item":"https:\/\/lbc.conform.it\/fr\/"},{"@type":"ListItem","position":2,"name":"Honor\u00e9 de Balzac Model United Nations"}]},{"@type":"WebSite","@id":"https:\/\/lbc.conform.it\/#website","url":"https:\/\/lbc.conform.it\/","name":"LBC","description":"LEARNING BY COMPETING","potentialAction":[{"@type":"SearchAction","target":{"@type":"EntryPoint","urlTemplate":"https:\/\/lbc.conform.it\/?s={search_term_string}"},"query-input":"required name=search_term_string"}],"inLanguage":"fr-FR"}]}},"_links":{"self":[{"href":"https:\/\/lbc.conform.it\/fr\/wp-json\/wp\/v2\/pages\/4776"}],"collection":[{"href":"https:\/\/lbc.conform.it\/fr\/wp-json\/wp\/v2\/pages"}],"about":[{"href":"https:\/\/lbc.conform.it\/fr\/wp-json\/wp\/v2\/types\/page"}],"author":[{"embeddable":true,"href":"https:\/\/lbc.conform.it\/fr\/wp-json\/wp\/v2\/users\/4"}],"replies":[{"embeddable":true,"href":"https:\/\/lbc.conform.it\/fr\/wp-json\/wp\/v2\/comments?post=4776"}],"version-history":[{"count":3,"href":"https:\/\/lbc.conform.it\/fr\/wp-json\/wp\/v2\/pages\/4776\/revisions"}],"predecessor-version":[{"id":4781,"href":"https:\/\/lbc.conform.it\/fr\/wp-json\/wp\/v2\/pages\/4776\/revisions\/4781"}],"wp:featuredmedia":[{"embeddable":true,"href":"https:\/\/lbc.conform.it\/fr\/wp-json\/wp\/v2\/media\/4751"}],"wp:attachment":[{"href":"https:\/\/lbc.conform.it\/fr\/wp-json\/wp\/v2\/media?parent=4776"}],"curies":[{"name":"wp","href":"https:\/\/api.w.org\/{rel}","templated":true}]}}