{"id":4771,"date":"2020-09-09T06:58:47","date_gmt":"2020-09-09T06:58:47","guid":{"rendered":"https:\/\/lbc.conform.it\/?page_id=4771"},"modified":"2020-09-09T06:58:48","modified_gmt":"2020-09-09T06:58:48","slug":"eu15-ltd","status":"publish","type":"page","link":"https:\/\/lbc.conform.it\/fr\/eu15-ltd\/","title":{"rendered":"EU15 Ltd"},"content":{"rendered":"<p>[vc_row tlg_text_align=\u00a0\u00bbtext-center\u00a0\u00bb][vc_column][vc_single_image image=\u00a0\u00bb4773&Prime; img_size=\u00a0\u00bbmedium\u00a0\u00bb alignment=\u00a0\u00bbcenter\u00a0\u00bb]<div class=\"tlg-spacer\" data-height=\"20\" data-height-tablet=\"20\" data-height-mobile=\"20\" style=\"clear:both;display:block;height:20px;\"><\/div>[vc_column_text]EU15 Ltd est un cabinet de conseil en gestion de carri\u00e8re, en formation et en d\u00e9veloppement de logiciels (cr\u00e9\u00e9 en 2002) avec une exp\u00e9rience dans le monde entier acquise en travaillant en partenariat avec des organisations, des entreprises au service des gouvernements et des universit\u00e9s. EU15 Ltd s&rsquo;est sp\u00e9cialis\u00e9e dans les solutions eLearning pour les secteurs public et priv\u00e9. Compte tenu de l&rsquo;importance et des d\u00e9fis croissants auxquels est confront\u00e9e la formation aux \u00abNew age technologies\u00bb, UE15 travaille pour am\u00e9liorer et d\u00e9velopper de nouvelles m\u00e9thodologies de formation afin d&rsquo;am\u00e9liorer les comp\u00e9tences d&rsquo;une nouvelle g\u00e9n\u00e9ration qui aura besoin de ces comp\u00e9tences lorsqu&rsquo;elle cherchera un emploi.<\/p>\n<p>EU15 Ltd a d\u00e9j\u00e0 dirig\u00e9 et g\u00e9r\u00e9 deux projets europ\u00e9ens li\u00e9s au d\u00e9veloppement de programmes de formation sur les robots, l&rsquo;IA et l&rsquo;impression 3D pour les PME. Le directeur g\u00e9n\u00e9ral, le Dr Paul Quantock, travaille avec les \u00c9tats-Unis avec le 4Civiltiy Institute et l&rsquo;Universit\u00e9 de l&rsquo;Indiana depuis 2 ans en autofinan\u00e7ant des recherches sur les besoins des PME et l&rsquo;introduction de robots\/IA sur le lieu de travail. Il poss\u00e8de une vaste exp\u00e9rience (plus de 40 ans) dans la gestion de projets paneurop\u00e9ens financ\u00e9s par l&rsquo;UE en tant que partenaire et promoteur. Il a plus de 25 ans d\u2019exp\u00e9rience dans le d\u00e9veloppement, la prestation et la gestion d\u2019activit\u00e9s de formation complexes et la cr\u00e9ation de partenariats de formation internationaux efficaces dans le monde entier. Sa sp\u00e9cialit\u00e9 est la cr\u00e9ation de supports de cours eLearning multim\u00e9dias interactifs et une sp\u00e9cialit\u00e9 naissante dans l&rsquo;utilisation de la robotique dans les PME.[\/vc_column_text]<div class=\"tlg-spacer\" data-height=\"20\" data-height-tablet=\"20\" data-height-mobile=\"20\" style=\"clear:both;display:block;height:20px;\"><\/div><div class=\"\"><a  id=\"btn-69d40d4a8cba2\" class=\"btn btn-filled btn-rounded  ti-arrow-right  btn-sm-sm\" href= \"http:\/\/www.eu15.co.uk\" target='_blank' >SITE INTERNET<\/a><\/div>[\/vc_column][\/vc_row]<\/p>\n","protected":false},"excerpt":{"rendered":"<p>[vc_row tlg_text_align=\u00a0\u00bbtext-center\u00a0\u00bb][vc_column][vc_single_image image=\u00a0\u00bb4773&Prime; img_size=\u00a0\u00bbmedium\u00a0\u00bb alignment=\u00a0\u00bbcenter\u00a0\u00bb][vc_column_text]EU15 Ltd est un cabinet de conseil en gestion de carri\u00e8re, en&#8230;<\/p>\n","protected":false},"author":4,"featured_media":4751,"parent":0,"menu_order":0,"comment_status":"closed","ping_status":"closed","template":"","meta":[],"yoast_head":"<!-- This site is optimized with the Yoast SEO plugin v19.11 - https:\/\/yoast.com\/wordpress\/plugins\/seo\/ -->\n<title>EU15 Ltd - LBC<\/title>\n<meta name=\"robots\" content=\"index, follow, max-snippet:-1, max-image-preview:large, max-video-preview:-1\" \/>\n<link rel=\"canonical\" href=\"https:\/\/lbc.conform.it\/eu15-ltd\/?lang=fr\" \/>\n<meta property=\"og:locale\" content=\"fr_FR\" \/>\n<meta property=\"og:type\" content=\"article\" \/>\n<meta property=\"og:title\" content=\"EU15 Ltd - LBC\" \/>\n<meta property=\"og:description\" content=\"[vc_row tlg_text_align=\u00a0\u00bbtext-center\u00a0\u00bb][vc_column][vc_single_image image=\u00a0\u00bb4773&Prime; img_size=\u00a0\u00bbmedium\u00a0\u00bb alignment=\u00a0\u00bbcenter\u00a0\u00bb][vc_column_text]EU15 Ltd est un cabinet de conseil en gestion de carri\u00e8re, en...\" \/>\n<meta property=\"og:url\" content=\"https:\/\/lbc.conform.it\/eu15-ltd\/?lang=fr\" \/>\n<meta property=\"og:site_name\" content=\"LBC\" \/>\n<meta property=\"article:publisher\" content=\"https:\/\/www.facebook.com\/conformscarl\/\" \/>\n<meta property=\"article:modified_time\" content=\"2020-09-09T06:58:48+00:00\" \/>\n<meta property=\"og:image\" content=\"https:\/\/lbc.conform.it\/wp-content\/uploads\/2020\/02\/partner.png\" \/>\n\t<meta property=\"og:image:width\" content=\"5482\" \/>\n\t<meta property=\"og:image:height\" content=\"3660\" \/>\n\t<meta property=\"og:image:type\" content=\"image\/png\" \/>\n<meta name=\"twitter:card\" content=\"summary_large_image\" \/>\n<meta name=\"twitter:site\" content=\"@conformscarl\" \/>\n<meta name=\"twitter:label1\" content=\"Dur\u00e9e de lecture estim\u00e9e\" \/>\n\t<meta name=\"twitter:data1\" content=\"2 minutes\" \/>\n<script type=\"application\/ld+json\" class=\"yoast-schema-graph\">{\"@context\":\"https:\/\/schema.org\",\"@graph\":[{\"@type\":\"WebPage\",\"@id\":\"https:\/\/lbc.conform.it\/eu15-ltd\/?lang=fr\",\"url\":\"https:\/\/lbc.conform.it\/eu15-ltd\/?lang=fr\",\"name\":\"EU15 Ltd - LBC\",\"isPartOf\":{\"@id\":\"https:\/\/lbc.conform.it\/#website\"},\"datePublished\":\"2020-09-09T06:58:47+00:00\",\"dateModified\":\"2020-09-09T06:58:48+00:00\",\"breadcrumb\":{\"@id\":\"https:\/\/lbc.conform.it\/eu15-ltd\/?lang=fr#breadcrumb\"},\"inLanguage\":\"fr-FR\",\"potentialAction\":[{\"@type\":\"ReadAction\",\"target\":[\"https:\/\/lbc.conform.it\/eu15-ltd\/?lang=fr\"]}]},{\"@type\":\"BreadcrumbList\",\"@id\":\"https:\/\/lbc.conform.it\/eu15-ltd\/?lang=fr#breadcrumb\",\"itemListElement\":[{\"@type\":\"ListItem\",\"position\":1,\"name\":\"Home\",\"item\":\"https:\/\/lbc.conform.it\/fr\/\"},{\"@type\":\"ListItem\",\"position\":2,\"name\":\"EU15 Ltd\"}]},{\"@type\":\"WebSite\",\"@id\":\"https:\/\/lbc.conform.it\/#website\",\"url\":\"https:\/\/lbc.conform.it\/\",\"name\":\"LBC\",\"description\":\"LEARNING BY COMPETING\",\"potentialAction\":[{\"@type\":\"SearchAction\",\"target\":{\"@type\":\"EntryPoint\",\"urlTemplate\":\"https:\/\/lbc.conform.it\/?s={search_term_string}\"},\"query-input\":\"required name=search_term_string\"}],\"inLanguage\":\"fr-FR\"}]}<\/script>\n<!-- \/ Yoast SEO plugin. -->","yoast_head_json":{"title":"EU15 Ltd - LBC","robots":{"index":"index","follow":"follow","max-snippet":"max-snippet:-1","max-image-preview":"max-image-preview:large","max-video-preview":"max-video-preview:-1"},"canonical":"https:\/\/lbc.conform.it\/eu15-ltd\/?lang=fr","og_locale":"fr_FR","og_type":"article","og_title":"EU15 Ltd - LBC","og_description":"[vc_row tlg_text_align=\u00a0\u00bbtext-center\u00a0\u00bb][vc_column][vc_single_image image=\u00a0\u00bb4773&Prime; img_size=\u00a0\u00bbmedium\u00a0\u00bb alignment=\u00a0\u00bbcenter\u00a0\u00bb][vc_column_text]EU15 Ltd est un cabinet de conseil en gestion de carri\u00e8re, en...","og_url":"https:\/\/lbc.conform.it\/eu15-ltd\/?lang=fr","og_site_name":"LBC","article_publisher":"https:\/\/www.facebook.com\/conformscarl\/","article_modified_time":"2020-09-09T06:58:48+00:00","og_image":[{"width":5482,"height":3660,"url":"https:\/\/lbc.conform.it\/wp-content\/uploads\/2020\/02\/partner.png","type":"image\/png"}],"twitter_card":"summary_large_image","twitter_site":"@conformscarl","twitter_misc":{"Dur\u00e9e de lecture estim\u00e9e":"2 minutes"},"schema":{"@context":"https:\/\/schema.org","@graph":[{"@type":"WebPage","@id":"https:\/\/lbc.conform.it\/eu15-ltd\/?lang=fr","url":"https:\/\/lbc.conform.it\/eu15-ltd\/?lang=fr","name":"EU15 Ltd - LBC","isPartOf":{"@id":"https:\/\/lbc.conform.it\/#website"},"datePublished":"2020-09-09T06:58:47+00:00","dateModified":"2020-09-09T06:58:48+00:00","breadcrumb":{"@id":"https:\/\/lbc.conform.it\/eu15-ltd\/?lang=fr#breadcrumb"},"inLanguage":"fr-FR","potentialAction":[{"@type":"ReadAction","target":["https:\/\/lbc.conform.it\/eu15-ltd\/?lang=fr"]}]},{"@type":"BreadcrumbList","@id":"https:\/\/lbc.conform.it\/eu15-ltd\/?lang=fr#breadcrumb","itemListElement":[{"@type":"ListItem","position":1,"name":"Home","item":"https:\/\/lbc.conform.it\/fr\/"},{"@type":"ListItem","position":2,"name":"EU15 Ltd"}]},{"@type":"WebSite","@id":"https:\/\/lbc.conform.it\/#website","url":"https:\/\/lbc.conform.it\/","name":"LBC","description":"LEARNING BY COMPETING","potentialAction":[{"@type":"SearchAction","target":{"@type":"EntryPoint","urlTemplate":"https:\/\/lbc.conform.it\/?s={search_term_string}"},"query-input":"required name=search_term_string"}],"inLanguage":"fr-FR"}]}},"_links":{"self":[{"href":"https:\/\/lbc.conform.it\/fr\/wp-json\/wp\/v2\/pages\/4771"}],"collection":[{"href":"https:\/\/lbc.conform.it\/fr\/wp-json\/wp\/v2\/pages"}],"about":[{"href":"https:\/\/lbc.conform.it\/fr\/wp-json\/wp\/v2\/types\/page"}],"author":[{"embeddable":true,"href":"https:\/\/lbc.conform.it\/fr\/wp-json\/wp\/v2\/users\/4"}],"replies":[{"embeddable":true,"href":"https:\/\/lbc.conform.it\/fr\/wp-json\/wp\/v2\/comments?post=4771"}],"version-history":[{"count":3,"href":"https:\/\/lbc.conform.it\/fr\/wp-json\/wp\/v2\/pages\/4771\/revisions"}],"predecessor-version":[{"id":4775,"href":"https:\/\/lbc.conform.it\/fr\/wp-json\/wp\/v2\/pages\/4771\/revisions\/4775"}],"wp:featuredmedia":[{"embeddable":true,"href":"https:\/\/lbc.conform.it\/fr\/wp-json\/wp\/v2\/media\/4751"}],"wp:attachment":[{"href":"https:\/\/lbc.conform.it\/fr\/wp-json\/wp\/v2\/media?parent=4771"}],"curies":[{"name":"wp","href":"https:\/\/api.w.org\/{rel}","templated":true}]}}