{"id":4766,"date":"2020-09-09T06:56:40","date_gmt":"2020-09-09T06:56:40","guid":{"rendered":"https:\/\/lbc.conform.it\/?page_id=4766"},"modified":"2020-09-09T06:56:40","modified_gmt":"2020-09-09T06:56:40","slug":"defoin","status":"publish","type":"page","link":"https:\/\/lbc.conform.it\/fr\/defoin\/","title":{"rendered":"DEFOIN"},"content":{"rendered":"<p>[vc_row tlg_text_align=\u00a0\u00bbtext-center\u00a0\u00bb][vc_column][vc_single_image image=\u00a0\u00bb4768&Prime; img_size=\u00a0\u00bbmedium\u00a0\u00bb alignment=\u00a0\u00bbcenter\u00a0\u00bb]<div class=\"tlg-spacer\" data-height=\"20\" data-height-tablet=\"20\" data-height-mobile=\"20\" style=\"clear:both;display:block;height:20px;\"><\/div>[vc_column_text]Il a \u00e9t\u00e9 cr\u00e9\u00e9 en janvier 2017 en r\u00e9ponse aux statistiques d&rsquo;Eurostat qui ont montr\u00e9 que le Portugal est le pays de l&rsquo;UE-28 avec le taux de survie des start-ups le plus bas au cours des 5 premi\u00e8res ann\u00e9es.<br \/>\nDEFOIN a \u00e9t\u00e9 cr\u00e9\u00e9 en 2009 avec l&rsquo;id\u00e9e de promouvoir la formation pour l&#8217;emploi et l&rsquo;int\u00e9gration des travailleurs employ\u00e9s et ch\u00f4meurs, \u00e0 une \u00e9poque o\u00f9 la crise \u00e9conomique et les besoins de qualification des travailleurs constituaient une t\u00e2che cruciale.<br \/>\nDEFOIN poss\u00e8de une vaste exp\u00e9rience dans la gestion globale de plans de formation et de solutions sp\u00e9cifiques adapt\u00e9es aux besoins de conception, de gestion et de prestation de formation continue et professionnelle pour les entreprises, les salari\u00e9s et les ch\u00f4meurs.<br \/>\nLes programmes de formation toujours g\u00e9r\u00e9s DEFOIN poursuivent pour am\u00e9liorer les comp\u00e9tences des \u00e9l\u00e8ves, leur int\u00e9gration et leur am\u00e9lioration sur le march\u00e9 du travail, en \u00e9largissant et en actualisant leurs connaissances. Le tout dans le but ultime d&rsquo;am\u00e9liorer la productivit\u00e9 des travailleurs et des organisations, d&rsquo;augmenter la rentabilit\u00e9 et d&rsquo;am\u00e9liorer la qualit\u00e9 des services \u00e0 la fois.[\/vc_column_text]<div class=\"tlg-spacer\" data-height=\"20\" data-height-tablet=\"20\" data-height-mobile=\"20\" style=\"clear:both;display:block;height:20px;\"><\/div><div class=\"\"><a  id=\"btn-69e5f0fb6dfc7\" class=\"btn btn-filled btn-rounded  ti-arrow-right  btn-sm-sm\" href= \"https:\/\/defoin.es\/\" target='_blank' >SITE INTERNET<\/a><\/div>[\/vc_column][\/vc_row]<\/p>\n","protected":false},"excerpt":{"rendered":"<p>[vc_row tlg_text_align=\u00a0\u00bbtext-center\u00a0\u00bb][vc_column][vc_single_image image=\u00a0\u00bb4768&Prime; img_size=\u00a0\u00bbmedium\u00a0\u00bb alignment=\u00a0\u00bbcenter\u00a0\u00bb][vc_column_text]Il a \u00e9t\u00e9 cr\u00e9\u00e9 en janvier 2017 en r\u00e9ponse aux statistiques d&rsquo;Eurostat&#8230;<\/p>\n","protected":false},"author":4,"featured_media":4601,"parent":0,"menu_order":0,"comment_status":"closed","ping_status":"closed","template":"","meta":[],"yoast_head":"<!-- This site is optimized with the Yoast SEO plugin v19.11 - https:\/\/yoast.com\/wordpress\/plugins\/seo\/ -->\n<title>DEFOIN - LBC<\/title>\n<meta name=\"robots\" content=\"index, follow, max-snippet:-1, max-image-preview:large, max-video-preview:-1\" \/>\n<link rel=\"canonical\" href=\"https:\/\/lbc.conform.it\/defoin\/?lang=fr\" \/>\n<meta property=\"og:locale\" content=\"fr_FR\" \/>\n<meta property=\"og:type\" content=\"article\" \/>\n<meta property=\"og:title\" content=\"DEFOIN - LBC\" \/>\n<meta property=\"og:description\" content=\"[vc_row tlg_text_align=\u00a0\u00bbtext-center\u00a0\u00bb][vc_column][vc_single_image image=\u00a0\u00bb4768&Prime; img_size=\u00a0\u00bbmedium\u00a0\u00bb alignment=\u00a0\u00bbcenter\u00a0\u00bb][vc_column_text]Il a \u00e9t\u00e9 cr\u00e9\u00e9 en janvier 2017 en r\u00e9ponse aux statistiques d&rsquo;Eurostat...\" \/>\n<meta property=\"og:url\" content=\"https:\/\/lbc.conform.it\/defoin\/?lang=fr\" \/>\n<meta property=\"og:site_name\" content=\"LBC\" \/>\n<meta property=\"article:publisher\" content=\"https:\/\/www.facebook.com\/conformscarl\/\" \/>\n<meta property=\"og:image\" content=\"https:\/\/lbc.conform.it\/wp-content\/uploads\/2020\/09\/partner.png\" \/>\n\t<meta property=\"og:image:width\" content=\"5482\" \/>\n\t<meta property=\"og:image:height\" content=\"3660\" \/>\n\t<meta property=\"og:image:type\" content=\"image\/png\" \/>\n<meta name=\"twitter:card\" content=\"summary_large_image\" \/>\n<meta name=\"twitter:site\" content=\"@conformscarl\" \/>\n<meta name=\"twitter:label1\" content=\"Dur\u00e9e de lecture estim\u00e9e\" \/>\n\t<meta name=\"twitter:data1\" content=\"1 minute\" \/>\n<script type=\"application\/ld+json\" class=\"yoast-schema-graph\">{\"@context\":\"https:\/\/schema.org\",\"@graph\":[{\"@type\":\"WebPage\",\"@id\":\"https:\/\/lbc.conform.it\/defoin\/?lang=fr\",\"url\":\"https:\/\/lbc.conform.it\/defoin\/?lang=fr\",\"name\":\"DEFOIN - LBC\",\"isPartOf\":{\"@id\":\"https:\/\/lbc.conform.it\/#website\"},\"datePublished\":\"2020-09-09T06:56:40+00:00\",\"dateModified\":\"2020-09-09T06:56:40+00:00\",\"breadcrumb\":{\"@id\":\"https:\/\/lbc.conform.it\/defoin\/?lang=fr#breadcrumb\"},\"inLanguage\":\"fr-FR\",\"potentialAction\":[{\"@type\":\"ReadAction\",\"target\":[\"https:\/\/lbc.conform.it\/defoin\/?lang=fr\"]}]},{\"@type\":\"BreadcrumbList\",\"@id\":\"https:\/\/lbc.conform.it\/defoin\/?lang=fr#breadcrumb\",\"itemListElement\":[{\"@type\":\"ListItem\",\"position\":1,\"name\":\"Home\",\"item\":\"https:\/\/lbc.conform.it\/fr\/\"},{\"@type\":\"ListItem\",\"position\":2,\"name\":\"DEFOIN\"}]},{\"@type\":\"WebSite\",\"@id\":\"https:\/\/lbc.conform.it\/#website\",\"url\":\"https:\/\/lbc.conform.it\/\",\"name\":\"LBC\",\"description\":\"LEARNING BY COMPETING\",\"potentialAction\":[{\"@type\":\"SearchAction\",\"target\":{\"@type\":\"EntryPoint\",\"urlTemplate\":\"https:\/\/lbc.conform.it\/?s={search_term_string}\"},\"query-input\":\"required name=search_term_string\"}],\"inLanguage\":\"fr-FR\"}]}<\/script>\n<!-- \/ Yoast SEO plugin. -->","yoast_head_json":{"title":"DEFOIN - LBC","robots":{"index":"index","follow":"follow","max-snippet":"max-snippet:-1","max-image-preview":"max-image-preview:large","max-video-preview":"max-video-preview:-1"},"canonical":"https:\/\/lbc.conform.it\/defoin\/?lang=fr","og_locale":"fr_FR","og_type":"article","og_title":"DEFOIN - LBC","og_description":"[vc_row tlg_text_align=\u00a0\u00bbtext-center\u00a0\u00bb][vc_column][vc_single_image image=\u00a0\u00bb4768&Prime; img_size=\u00a0\u00bbmedium\u00a0\u00bb alignment=\u00a0\u00bbcenter\u00a0\u00bb][vc_column_text]Il a \u00e9t\u00e9 cr\u00e9\u00e9 en janvier 2017 en r\u00e9ponse aux statistiques d&rsquo;Eurostat...","og_url":"https:\/\/lbc.conform.it\/defoin\/?lang=fr","og_site_name":"LBC","article_publisher":"https:\/\/www.facebook.com\/conformscarl\/","og_image":[{"width":5482,"height":3660,"url":"https:\/\/lbc.conform.it\/wp-content\/uploads\/2020\/09\/partner.png","type":"image\/png"}],"twitter_card":"summary_large_image","twitter_site":"@conformscarl","twitter_misc":{"Dur\u00e9e de lecture estim\u00e9e":"1 minute"},"schema":{"@context":"https:\/\/schema.org","@graph":[{"@type":"WebPage","@id":"https:\/\/lbc.conform.it\/defoin\/?lang=fr","url":"https:\/\/lbc.conform.it\/defoin\/?lang=fr","name":"DEFOIN - LBC","isPartOf":{"@id":"https:\/\/lbc.conform.it\/#website"},"datePublished":"2020-09-09T06:56:40+00:00","dateModified":"2020-09-09T06:56:40+00:00","breadcrumb":{"@id":"https:\/\/lbc.conform.it\/defoin\/?lang=fr#breadcrumb"},"inLanguage":"fr-FR","potentialAction":[{"@type":"ReadAction","target":["https:\/\/lbc.conform.it\/defoin\/?lang=fr"]}]},{"@type":"BreadcrumbList","@id":"https:\/\/lbc.conform.it\/defoin\/?lang=fr#breadcrumb","itemListElement":[{"@type":"ListItem","position":1,"name":"Home","item":"https:\/\/lbc.conform.it\/fr\/"},{"@type":"ListItem","position":2,"name":"DEFOIN"}]},{"@type":"WebSite","@id":"https:\/\/lbc.conform.it\/#website","url":"https:\/\/lbc.conform.it\/","name":"LBC","description":"LEARNING BY COMPETING","potentialAction":[{"@type":"SearchAction","target":{"@type":"EntryPoint","urlTemplate":"https:\/\/lbc.conform.it\/?s={search_term_string}"},"query-input":"required name=search_term_string"}],"inLanguage":"fr-FR"}]}},"_links":{"self":[{"href":"https:\/\/lbc.conform.it\/fr\/wp-json\/wp\/v2\/pages\/4766"}],"collection":[{"href":"https:\/\/lbc.conform.it\/fr\/wp-json\/wp\/v2\/pages"}],"about":[{"href":"https:\/\/lbc.conform.it\/fr\/wp-json\/wp\/v2\/types\/page"}],"author":[{"embeddable":true,"href":"https:\/\/lbc.conform.it\/fr\/wp-json\/wp\/v2\/users\/4"}],"replies":[{"embeddable":true,"href":"https:\/\/lbc.conform.it\/fr\/wp-json\/wp\/v2\/comments?post=4766"}],"version-history":[{"count":3,"href":"https:\/\/lbc.conform.it\/fr\/wp-json\/wp\/v2\/pages\/4766\/revisions"}],"predecessor-version":[{"id":4770,"href":"https:\/\/lbc.conform.it\/fr\/wp-json\/wp\/v2\/pages\/4766\/revisions\/4770"}],"wp:featuredmedia":[{"embeddable":true,"href":"https:\/\/lbc.conform.it\/fr\/wp-json\/wp\/v2\/media\/4601"}],"wp:attachment":[{"href":"https:\/\/lbc.conform.it\/fr\/wp-json\/wp\/v2\/media?parent=4766"}],"curies":[{"name":"wp","href":"https:\/\/api.w.org\/{rel}","templated":true}]}}