{"id":4761,"date":"2020-09-09T06:54:25","date_gmt":"2020-09-09T06:54:25","guid":{"rendered":"https:\/\/lbc.conform.it\/?page_id=4761"},"modified":"2020-09-09T07:03:56","modified_gmt":"2020-09-09T07:03:56","slug":"ovar-forma","status":"publish","type":"page","link":"https:\/\/lbc.conform.it\/fr\/ovar-forma\/","title":{"rendered":"Ovar Forma &#8211; Ensino e Forma\u00e7\u00e3o Lda."},"content":{"rendered":"<p>[vc_row tlg_text_align=\u00a0\u00bbtext-center\u00a0\u00bb][vc_column][vc_single_image image=\u00a0\u00bb4764&Prime; img_size=\u00a0\u00bbmedium\u00a0\u00bb alignment=\u00a0\u00bbcenter\u00a0\u00bb]<div class=\"tlg-spacer\" data-height=\"20\" data-height-tablet=\"20\" data-height-mobile=\"20\" style=\"clear:both;display:block;height:20px;\"><\/div>[vc_column_text]Ovar Forma est le propri\u00e9taire de l&rsquo;Escola Profissional de Cortega\u00e7a, une \u00e9cole professionnelle. Il vise \u00e0 d\u00e9velopper l&rsquo;apprentissage, l&rsquo;investigation et la formation pour contribuer au d\u00e9veloppement des citoyens par une pr\u00e9paration ad\u00e9quate \u00e0 la vie professionnelle active; promouvoir l&rsquo;approche entre les \u00e9coles et les entreprises; analyser les besoins r\u00e9gionaux en termes d&rsquo;apprentissage; promouvoir les opportunit\u00e9s d&rsquo;apprentissage et coop\u00e9rer avec les institutions nationales et \u00e9trang\u00e8res dans le d\u00e9veloppement de l\u2019enseignement professionnel. . Lla qualification professionnelle d\u00e9livr\u00e9e par l&rsquo;\u00e9tablissement est devenue un moyen pour affronter le march\u00e9 concurrentiel, qui exige des ressources humaines plus qualifi\u00e9es. Cette institution apporte la r\u00e9ponse \u00e0 ce nouveau besoin, permettant aux \u00e9tudiants d&rsquo;obtenir une meilleure qualification plus orient\u00e9e vers le monde du travail.[\/vc_column_text]<div class=\"tlg-spacer\" data-height=\"20\" data-height-tablet=\"20\" data-height-mobile=\"20\" style=\"clear:both;display:block;height:20px;\"><\/div><div class=\"\"><a  id=\"btn-69e8b7ddc6e69\" class=\"btn btn-filled btn-rounded  ti-arrow-right  btn-sm-sm\" href= \"http:\/\/www.eprofcor.com\" target='_blank' >SITE INTERNET<\/a><\/div>[\/vc_column][\/vc_row]<\/p>\n","protected":false},"excerpt":{"rendered":"<p>[vc_row tlg_text_align=\u00a0\u00bbtext-center\u00a0\u00bb][vc_column][vc_single_image image=\u00a0\u00bb4764&Prime; img_size=\u00a0\u00bbmedium\u00a0\u00bb alignment=\u00a0\u00bbcenter\u00a0\u00bb][vc_column_text]Ovar Forma est le propri\u00e9taire de l&rsquo;Escola Profissional de Cortega\u00e7a, une \u00e9cole&#8230;<\/p>\n","protected":false},"author":4,"featured_media":4601,"parent":0,"menu_order":0,"comment_status":"closed","ping_status":"closed","template":"","meta":[],"yoast_head":"<!-- This site is optimized with the Yoast SEO plugin v19.11 - https:\/\/yoast.com\/wordpress\/plugins\/seo\/ -->\n<title>Ovar Forma - Ensino e Forma\u00e7\u00e3o Lda. - LBC<\/title>\n<meta name=\"robots\" content=\"index, follow, max-snippet:-1, max-image-preview:large, max-video-preview:-1\" \/>\n<link rel=\"canonical\" href=\"https:\/\/lbc.conform.it\/ovar-forma\/?lang=fr\" \/>\n<meta property=\"og:locale\" content=\"fr_FR\" \/>\n<meta property=\"og:type\" content=\"article\" \/>\n<meta property=\"og:title\" content=\"Ovar Forma - Ensino e Forma\u00e7\u00e3o Lda. - LBC\" \/>\n<meta property=\"og:description\" content=\"[vc_row tlg_text_align=\u00a0\u00bbtext-center\u00a0\u00bb][vc_column][vc_single_image image=\u00a0\u00bb4764&Prime; img_size=\u00a0\u00bbmedium\u00a0\u00bb alignment=\u00a0\u00bbcenter\u00a0\u00bb][vc_column_text]Ovar Forma est le propri\u00e9taire de l&rsquo;Escola Profissional de Cortega\u00e7a, une \u00e9cole...\" \/>\n<meta property=\"og:url\" content=\"https:\/\/lbc.conform.it\/ovar-forma\/?lang=fr\" \/>\n<meta property=\"og:site_name\" content=\"LBC\" \/>\n<meta property=\"article:publisher\" content=\"https:\/\/www.facebook.com\/conformscarl\/\" \/>\n<meta property=\"article:modified_time\" content=\"2020-09-09T07:03:56+00:00\" \/>\n<meta property=\"og:image\" content=\"https:\/\/lbc.conform.it\/wp-content\/uploads\/2020\/09\/partner.png\" \/>\n\t<meta property=\"og:image:width\" content=\"5482\" \/>\n\t<meta property=\"og:image:height\" content=\"3660\" \/>\n\t<meta property=\"og:image:type\" content=\"image\/png\" \/>\n<meta name=\"twitter:card\" content=\"summary_large_image\" \/>\n<meta name=\"twitter:site\" content=\"@conformscarl\" \/>\n<meta name=\"twitter:label1\" content=\"Dur\u00e9e de lecture estim\u00e9e\" \/>\n\t<meta name=\"twitter:data1\" content=\"1 minute\" \/>\n<script type=\"application\/ld+json\" class=\"yoast-schema-graph\">{\"@context\":\"https:\/\/schema.org\",\"@graph\":[{\"@type\":\"WebPage\",\"@id\":\"https:\/\/lbc.conform.it\/ovar-forma\/?lang=fr\",\"url\":\"https:\/\/lbc.conform.it\/ovar-forma\/?lang=fr\",\"name\":\"Ovar Forma - Ensino e Forma\u00e7\u00e3o Lda. - LBC\",\"isPartOf\":{\"@id\":\"https:\/\/lbc.conform.it\/#website\"},\"datePublished\":\"2020-09-09T06:54:25+00:00\",\"dateModified\":\"2020-09-09T07:03:56+00:00\",\"breadcrumb\":{\"@id\":\"https:\/\/lbc.conform.it\/ovar-forma\/?lang=fr#breadcrumb\"},\"inLanguage\":\"fr-FR\",\"potentialAction\":[{\"@type\":\"ReadAction\",\"target\":[\"https:\/\/lbc.conform.it\/ovar-forma\/?lang=fr\"]}]},{\"@type\":\"BreadcrumbList\",\"@id\":\"https:\/\/lbc.conform.it\/ovar-forma\/?lang=fr#breadcrumb\",\"itemListElement\":[{\"@type\":\"ListItem\",\"position\":1,\"name\":\"Home\",\"item\":\"https:\/\/lbc.conform.it\/fr\/\"},{\"@type\":\"ListItem\",\"position\":2,\"name\":\"Ovar Forma &#8211; Ensino e Forma\u00e7\u00e3o Lda.\"}]},{\"@type\":\"WebSite\",\"@id\":\"https:\/\/lbc.conform.it\/#website\",\"url\":\"https:\/\/lbc.conform.it\/\",\"name\":\"LBC\",\"description\":\"LEARNING BY COMPETING\",\"potentialAction\":[{\"@type\":\"SearchAction\",\"target\":{\"@type\":\"EntryPoint\",\"urlTemplate\":\"https:\/\/lbc.conform.it\/?s={search_term_string}\"},\"query-input\":\"required name=search_term_string\"}],\"inLanguage\":\"fr-FR\"}]}<\/script>\n<!-- \/ Yoast SEO plugin. -->","yoast_head_json":{"title":"Ovar Forma - Ensino e Forma\u00e7\u00e3o Lda. - LBC","robots":{"index":"index","follow":"follow","max-snippet":"max-snippet:-1","max-image-preview":"max-image-preview:large","max-video-preview":"max-video-preview:-1"},"canonical":"https:\/\/lbc.conform.it\/ovar-forma\/?lang=fr","og_locale":"fr_FR","og_type":"article","og_title":"Ovar Forma - Ensino e Forma\u00e7\u00e3o Lda. - LBC","og_description":"[vc_row tlg_text_align=\u00a0\u00bbtext-center\u00a0\u00bb][vc_column][vc_single_image image=\u00a0\u00bb4764&Prime; img_size=\u00a0\u00bbmedium\u00a0\u00bb alignment=\u00a0\u00bbcenter\u00a0\u00bb][vc_column_text]Ovar Forma est le propri\u00e9taire de l&rsquo;Escola Profissional de Cortega\u00e7a, une \u00e9cole...","og_url":"https:\/\/lbc.conform.it\/ovar-forma\/?lang=fr","og_site_name":"LBC","article_publisher":"https:\/\/www.facebook.com\/conformscarl\/","article_modified_time":"2020-09-09T07:03:56+00:00","og_image":[{"width":5482,"height":3660,"url":"https:\/\/lbc.conform.it\/wp-content\/uploads\/2020\/09\/partner.png","type":"image\/png"}],"twitter_card":"summary_large_image","twitter_site":"@conformscarl","twitter_misc":{"Dur\u00e9e de lecture estim\u00e9e":"1 minute"},"schema":{"@context":"https:\/\/schema.org","@graph":[{"@type":"WebPage","@id":"https:\/\/lbc.conform.it\/ovar-forma\/?lang=fr","url":"https:\/\/lbc.conform.it\/ovar-forma\/?lang=fr","name":"Ovar Forma - Ensino e Forma\u00e7\u00e3o Lda. - LBC","isPartOf":{"@id":"https:\/\/lbc.conform.it\/#website"},"datePublished":"2020-09-09T06:54:25+00:00","dateModified":"2020-09-09T07:03:56+00:00","breadcrumb":{"@id":"https:\/\/lbc.conform.it\/ovar-forma\/?lang=fr#breadcrumb"},"inLanguage":"fr-FR","potentialAction":[{"@type":"ReadAction","target":["https:\/\/lbc.conform.it\/ovar-forma\/?lang=fr"]}]},{"@type":"BreadcrumbList","@id":"https:\/\/lbc.conform.it\/ovar-forma\/?lang=fr#breadcrumb","itemListElement":[{"@type":"ListItem","position":1,"name":"Home","item":"https:\/\/lbc.conform.it\/fr\/"},{"@type":"ListItem","position":2,"name":"Ovar Forma &#8211; Ensino e Forma\u00e7\u00e3o Lda."}]},{"@type":"WebSite","@id":"https:\/\/lbc.conform.it\/#website","url":"https:\/\/lbc.conform.it\/","name":"LBC","description":"LEARNING BY COMPETING","potentialAction":[{"@type":"SearchAction","target":{"@type":"EntryPoint","urlTemplate":"https:\/\/lbc.conform.it\/?s={search_term_string}"},"query-input":"required name=search_term_string"}],"inLanguage":"fr-FR"}]}},"_links":{"self":[{"href":"https:\/\/lbc.conform.it\/fr\/wp-json\/wp\/v2\/pages\/4761"}],"collection":[{"href":"https:\/\/lbc.conform.it\/fr\/wp-json\/wp\/v2\/pages"}],"about":[{"href":"https:\/\/lbc.conform.it\/fr\/wp-json\/wp\/v2\/types\/page"}],"author":[{"embeddable":true,"href":"https:\/\/lbc.conform.it\/fr\/wp-json\/wp\/v2\/users\/4"}],"replies":[{"embeddable":true,"href":"https:\/\/lbc.conform.it\/fr\/wp-json\/wp\/v2\/comments?post=4761"}],"version-history":[{"count":4,"href":"https:\/\/lbc.conform.it\/fr\/wp-json\/wp\/v2\/pages\/4761\/revisions"}],"predecessor-version":[{"id":4782,"href":"https:\/\/lbc.conform.it\/fr\/wp-json\/wp\/v2\/pages\/4761\/revisions\/4782"}],"wp:featuredmedia":[{"embeddable":true,"href":"https:\/\/lbc.conform.it\/fr\/wp-json\/wp\/v2\/media\/4601"}],"wp:attachment":[{"href":"https:\/\/lbc.conform.it\/fr\/wp-json\/wp\/v2\/media?parent=4761"}],"curies":[{"name":"wp","href":"https:\/\/api.w.org\/{rel}","templated":true}]}}