{"id":4754,"date":"2020-09-08T16:23:06","date_gmt":"2020-09-08T16:23:06","guid":{"rendered":"https:\/\/lbc.conform.it\/?page_id=4754"},"modified":"2020-09-09T07:12:50","modified_gmt":"2020-09-09T07:12:50","slug":"conform","status":"publish","type":"page","link":"https:\/\/lbc.conform.it\/fr\/conform\/","title":{"rendered":"CONFORM S.c.a.r.l."},"content":{"rendered":"<p>[vc_row tlg_text_align=\u00a0\u00bbtext-center\u00a0\u00bb][vc_column][vc_single_image image=\u00a0\u00bb4757&Prime; img_size=\u00a0\u00bbmedium\u00a0\u00bb alignment=\u00a0\u00bbcenter\u00a0\u00bb]<div class=\"tlg-spacer\" data-height=\"20\" data-height-tablet=\"20\" data-height-mobile=\"20\" style=\"clear:both;display:block;height:20px;\"><\/div>[vc_column_text]CONFORM &#8211; Consulenza, Formazione e Management S.c.a.r.l. travaille depuis plus de 20 ans au niveau national et international. Il promeut et d\u00e9veloppe d&rsquo;importants projets de recherche et plans de formation avec des formats et des solutions innovantes en classe, l&rsquo;apprentissage par l&rsquo;exp\u00e9rience et l&rsquo;apprentissage en ligne. Il fournit des conseils et une assistance technique aux entreprises et au secteur public, avec le soutien d&rsquo;un personnel exp\u00e9riment\u00e9 et d&rsquo;une \u00e9quipe consolid\u00e9e de formateurs, consultants, professionnels, gestionnaires et entrepreneurs, tous porteurs d&rsquo;exp\u00e9riences r\u00e9ussies.<\/p>\n<p style=\"text-align: left;\">Il poss\u00e8de une exp\u00e9rience significative dans:<\/p>\n<ul>\n<li style=\"text-align: left;\">Valorisation et d\u00e9veloppement du tourisme, de l&rsquo;artisanat ancien, de l&rsquo;artisanat traditionnel et des produits locaux, avec des actions de marketing territorial et des actions de sensibilisation sociale et culturelle<\/li>\n<li style=\"text-align: left;\">Conception et coproduction d&rsquo;\u0153uvres cin\u00e9matographiques, de vid\u00e9os \u00e9motionnelles, de vid\u00e9os narratives, de reportages vid\u00e9o, de narration vid\u00e9o<\/li>\n<li style=\"text-align: left;\">D\u00e9veloppement de plates-formes sociales et d&rsquo;apprentissage en ligne, pour promouvoir l&rsquo;information 2.0 \/ 3.0, le d\u00e9bat, le dialogue et l&rsquo;interaction avec d&rsquo;autres m\u00e9dias sociaux, l&rsquo;apprentissage informel avec acc\u00e8s via des informations d&rsquo;identification \u00e0 des packages multim\u00e9dias structur\u00e9s d\u00e9velopp\u00e9s avec des techniques de pens\u00e9e visuelle et l&rsquo;utilisation d&rsquo;animations 2D \/ 3D , jeux d&rsquo;entreprise interactifs, tutoriels vid\u00e9o, etc.<\/li>\n<li style=\"text-align: left;\">Cr\u00e9ation de portails et de produits d&rsquo;\u00e9dition 2.0 \/ 3.0<\/li>\n<li style=\"text-align: left;\">Strat\u00e9gies et campagnes de marketing sur les r\u00e9seaux sociaux<\/li>\n<li style=\"text-align: left;\">Conception et design de l&rsquo;identit\u00e9 de marque num\u00e9rique<\/li>\n<\/ul>\n<p>[\/vc_column_text]<div class=\"tlg-spacer\" data-height=\"20\" data-height-tablet=\"20\" data-height-mobile=\"20\" style=\"clear:both;display:block;height:20px;\"><\/div><div class=\"\"><a  id=\"btn-69d426824a0a6\" class=\"btn btn-filled btn-rounded  ti-arrow-right  btn-sm-sm\" href= \"http:\/\/www.conform.it\" target='_blank' >SITE INTERNET<\/a><\/div>[\/vc_column][\/vc_row]<\/p>\n","protected":false},"excerpt":{"rendered":"<p>[vc_row tlg_text_align=\u00a0\u00bbtext-center\u00a0\u00bb][vc_column][vc_single_image image=\u00a0\u00bb4757&Prime; img_size=\u00a0\u00bbmedium\u00a0\u00bb alignment=\u00a0\u00bbcenter\u00a0\u00bb][vc_column_text]CONFORM &#8211; Consulenza, Formazione e Management S.c.a.r.l. travaille depuis plus de 20&#8230;<\/p>\n","protected":false},"author":4,"featured_media":4601,"parent":0,"menu_order":0,"comment_status":"closed","ping_status":"closed","template":"","meta":[],"yoast_head":"<!-- This site is optimized with the Yoast SEO plugin v19.11 - https:\/\/yoast.com\/wordpress\/plugins\/seo\/ -->\n<title>CONFORM S.c.a.r.l. - LBC<\/title>\n<meta name=\"robots\" content=\"index, follow, max-snippet:-1, max-image-preview:large, max-video-preview:-1\" \/>\n<link rel=\"canonical\" href=\"https:\/\/lbc.conform.it\/conform\/?lang=fr\" \/>\n<meta property=\"og:locale\" content=\"fr_FR\" \/>\n<meta property=\"og:type\" content=\"article\" \/>\n<meta property=\"og:title\" content=\"CONFORM S.c.a.r.l. - LBC\" \/>\n<meta property=\"og:description\" content=\"[vc_row tlg_text_align=\u00a0\u00bbtext-center\u00a0\u00bb][vc_column][vc_single_image image=\u00a0\u00bb4757&Prime; img_size=\u00a0\u00bbmedium\u00a0\u00bb alignment=\u00a0\u00bbcenter\u00a0\u00bb][vc_column_text]CONFORM &#8211; Consulenza, Formazione e Management S.c.a.r.l. travaille depuis plus de 20...\" \/>\n<meta property=\"og:url\" content=\"https:\/\/lbc.conform.it\/conform\/?lang=fr\" \/>\n<meta property=\"og:site_name\" content=\"LBC\" \/>\n<meta property=\"article:publisher\" content=\"https:\/\/www.facebook.com\/conformscarl\/\" \/>\n<meta property=\"article:modified_time\" content=\"2020-09-09T07:12:50+00:00\" \/>\n<meta property=\"og:image\" content=\"https:\/\/lbc.conform.it\/wp-content\/uploads\/2020\/09\/partner.png\" \/>\n\t<meta property=\"og:image:width\" content=\"5482\" \/>\n\t<meta property=\"og:image:height\" content=\"3660\" \/>\n\t<meta property=\"og:image:type\" content=\"image\/png\" \/>\n<meta name=\"twitter:card\" content=\"summary_large_image\" \/>\n<meta name=\"twitter:site\" content=\"@conformscarl\" \/>\n<meta name=\"twitter:label1\" content=\"Dur\u00e9e de lecture estim\u00e9e\" \/>\n\t<meta name=\"twitter:data1\" content=\"1 minute\" \/>\n<script type=\"application\/ld+json\" class=\"yoast-schema-graph\">{\"@context\":\"https:\/\/schema.org\",\"@graph\":[{\"@type\":\"WebPage\",\"@id\":\"https:\/\/lbc.conform.it\/conform\/?lang=fr\",\"url\":\"https:\/\/lbc.conform.it\/conform\/?lang=fr\",\"name\":\"CONFORM S.c.a.r.l. - LBC\",\"isPartOf\":{\"@id\":\"https:\/\/lbc.conform.it\/#website\"},\"datePublished\":\"2020-09-08T16:23:06+00:00\",\"dateModified\":\"2020-09-09T07:12:50+00:00\",\"breadcrumb\":{\"@id\":\"https:\/\/lbc.conform.it\/conform\/?lang=fr#breadcrumb\"},\"inLanguage\":\"fr-FR\",\"potentialAction\":[{\"@type\":\"ReadAction\",\"target\":[\"https:\/\/lbc.conform.it\/conform\/?lang=fr\"]}]},{\"@type\":\"BreadcrumbList\",\"@id\":\"https:\/\/lbc.conform.it\/conform\/?lang=fr#breadcrumb\",\"itemListElement\":[{\"@type\":\"ListItem\",\"position\":1,\"name\":\"Home\",\"item\":\"https:\/\/lbc.conform.it\/fr\/\"},{\"@type\":\"ListItem\",\"position\":2,\"name\":\"CONFORM S.c.a.r.l.\"}]},{\"@type\":\"WebSite\",\"@id\":\"https:\/\/lbc.conform.it\/#website\",\"url\":\"https:\/\/lbc.conform.it\/\",\"name\":\"LBC\",\"description\":\"LEARNING BY COMPETING\",\"potentialAction\":[{\"@type\":\"SearchAction\",\"target\":{\"@type\":\"EntryPoint\",\"urlTemplate\":\"https:\/\/lbc.conform.it\/?s={search_term_string}\"},\"query-input\":\"required name=search_term_string\"}],\"inLanguage\":\"fr-FR\"}]}<\/script>\n<!-- \/ Yoast SEO plugin. -->","yoast_head_json":{"title":"CONFORM S.c.a.r.l. - LBC","robots":{"index":"index","follow":"follow","max-snippet":"max-snippet:-1","max-image-preview":"max-image-preview:large","max-video-preview":"max-video-preview:-1"},"canonical":"https:\/\/lbc.conform.it\/conform\/?lang=fr","og_locale":"fr_FR","og_type":"article","og_title":"CONFORM S.c.a.r.l. - LBC","og_description":"[vc_row tlg_text_align=\u00a0\u00bbtext-center\u00a0\u00bb][vc_column][vc_single_image image=\u00a0\u00bb4757&Prime; img_size=\u00a0\u00bbmedium\u00a0\u00bb alignment=\u00a0\u00bbcenter\u00a0\u00bb][vc_column_text]CONFORM &#8211; Consulenza, Formazione e Management S.c.a.r.l. travaille depuis plus de 20...","og_url":"https:\/\/lbc.conform.it\/conform\/?lang=fr","og_site_name":"LBC","article_publisher":"https:\/\/www.facebook.com\/conformscarl\/","article_modified_time":"2020-09-09T07:12:50+00:00","og_image":[{"width":5482,"height":3660,"url":"https:\/\/lbc.conform.it\/wp-content\/uploads\/2020\/09\/partner.png","type":"image\/png"}],"twitter_card":"summary_large_image","twitter_site":"@conformscarl","twitter_misc":{"Dur\u00e9e de lecture estim\u00e9e":"1 minute"},"schema":{"@context":"https:\/\/schema.org","@graph":[{"@type":"WebPage","@id":"https:\/\/lbc.conform.it\/conform\/?lang=fr","url":"https:\/\/lbc.conform.it\/conform\/?lang=fr","name":"CONFORM S.c.a.r.l. - LBC","isPartOf":{"@id":"https:\/\/lbc.conform.it\/#website"},"datePublished":"2020-09-08T16:23:06+00:00","dateModified":"2020-09-09T07:12:50+00:00","breadcrumb":{"@id":"https:\/\/lbc.conform.it\/conform\/?lang=fr#breadcrumb"},"inLanguage":"fr-FR","potentialAction":[{"@type":"ReadAction","target":["https:\/\/lbc.conform.it\/conform\/?lang=fr"]}]},{"@type":"BreadcrumbList","@id":"https:\/\/lbc.conform.it\/conform\/?lang=fr#breadcrumb","itemListElement":[{"@type":"ListItem","position":1,"name":"Home","item":"https:\/\/lbc.conform.it\/fr\/"},{"@type":"ListItem","position":2,"name":"CONFORM S.c.a.r.l."}]},{"@type":"WebSite","@id":"https:\/\/lbc.conform.it\/#website","url":"https:\/\/lbc.conform.it\/","name":"LBC","description":"LEARNING BY COMPETING","potentialAction":[{"@type":"SearchAction","target":{"@type":"EntryPoint","urlTemplate":"https:\/\/lbc.conform.it\/?s={search_term_string}"},"query-input":"required name=search_term_string"}],"inLanguage":"fr-FR"}]}},"_links":{"self":[{"href":"https:\/\/lbc.conform.it\/fr\/wp-json\/wp\/v2\/pages\/4754"}],"collection":[{"href":"https:\/\/lbc.conform.it\/fr\/wp-json\/wp\/v2\/pages"}],"about":[{"href":"https:\/\/lbc.conform.it\/fr\/wp-json\/wp\/v2\/types\/page"}],"author":[{"embeddable":true,"href":"https:\/\/lbc.conform.it\/fr\/wp-json\/wp\/v2\/users\/4"}],"replies":[{"embeddable":true,"href":"https:\/\/lbc.conform.it\/fr\/wp-json\/wp\/v2\/comments?post=4754"}],"version-history":[{"count":4,"href":"https:\/\/lbc.conform.it\/fr\/wp-json\/wp\/v2\/pages\/4754\/revisions"}],"predecessor-version":[{"id":4783,"href":"https:\/\/lbc.conform.it\/fr\/wp-json\/wp\/v2\/pages\/4754\/revisions\/4783"}],"wp:featuredmedia":[{"embeddable":true,"href":"https:\/\/lbc.conform.it\/fr\/wp-json\/wp\/v2\/media\/4601"}],"wp:attachment":[{"href":"https:\/\/lbc.conform.it\/fr\/wp-json\/wp\/v2\/media?parent=4754"}],"curies":[{"name":"wp","href":"https:\/\/api.w.org\/{rel}","templated":true}]}}