{"id":4748,"date":"2020-09-08T16:19:24","date_gmt":"2020-09-08T16:19:24","guid":{"rendered":"https:\/\/lbc.conform.it\/?page_id=4748"},"modified":"2020-10-01T12:29:47","modified_gmt":"2020-10-01T12:29:47","slug":"ceprof","status":"publish","type":"page","link":"https:\/\/lbc.conform.it\/fr\/ceprof\/","title":{"rendered":"CEPROF"},"content":{"rendered":"<p>[vc_row tlg_text_align=\u00a0\u00bbtext-center\u00a0\u00bb][vc_column][vc_single_image image=\u00a0\u00bb4750&Prime; img_size=\u00a0\u00bbmedium\u00a0\u00bb alignment=\u00a0\u00bbcenter\u00a0\u00bb]<div class=\"tlg-spacer\" data-height=\"20\" data-height-tablet=\"20\" data-height-mobile=\"20\" style=\"clear:both;display:block;height:20px;\"><\/div>[vc_column_text]Le CEPROF est propri\u00e9taire de l&rsquo;Escola Profissional de Espinho, une \u00e9cole de V\u00caT et il a \u00e9t\u00e9 cr\u00e9\u00e9 en 1990. Il promeut des centres scolaires et des \u00e9coles professionnelles. Il vise \u00e0 contribuer aux comp\u00e9tences personnelles et professionnelles des apprenants, en les pr\u00e9parant au march\u00e9 du travail. Il promeut l&rsquo;approche entre les \u00e9coles et les entreprises et offre des opportunit\u00e9s d&rsquo;apprentissage en fonction des besoins locaux et nationaux. Les principaux domaines de formation sont ceux li\u00e9s au secteur du tourisme, pour soutenir les demandes de cette industrie dans les r\u00e9gions c\u00f4ti\u00e8res d&rsquo;Aveiro et de Porto. L&rsquo;accent est mis sur la technologie, en particulier dans la m\u00e9catronique et l&rsquo;\u00e9lectronique pour soutenir la r\u00e9gion de l&rsquo;industrie lourde de Porto-Gaia-Ovar. Les \u00e9tudiants sont encourag\u00e9s \u00e0 participer \u00e0 des concours pour pr\u00e9senter des id\u00e9es innovantes, qui leur permettent de d\u00e9velopper la cr\u00e9ativit\u00e9 et l&rsquo;esprit d&rsquo;entreprise.[\/vc_column_text]<div class=\"tlg-spacer\" data-height=\"20\" data-height-tablet=\"20\" data-height-mobile=\"20\" style=\"clear:both;display:block;height:20px;\"><\/div><div class=\"\"><a  id=\"btn-69d3f4ca86d9a\" class=\"btn btn-filled btn-rounded  ti-arrow-right  btn-sm-sm\" href= \"http:\/\/espe.pt\/\" target='_blank' >SITE INTERNET<\/a><\/div>[\/vc_column][\/vc_row]<\/p>\n","protected":false},"excerpt":{"rendered":"<p>[vc_row tlg_text_align=\u00a0\u00bbtext-center\u00a0\u00bb][vc_column][vc_single_image image=\u00a0\u00bb4750&Prime; img_size=\u00a0\u00bbmedium\u00a0\u00bb alignment=\u00a0\u00bbcenter\u00a0\u00bb][vc_column_text]Le CEPROF est propri\u00e9taire de l&rsquo;Escola Profissional de Espinho, une \u00e9cole de&#8230;<\/p>\n","protected":false},"author":4,"featured_media":4601,"parent":0,"menu_order":0,"comment_status":"closed","ping_status":"closed","template":"","meta":[],"yoast_head":"<!-- This site is optimized with the Yoast SEO plugin v19.11 - https:\/\/yoast.com\/wordpress\/plugins\/seo\/ -->\n<title>CEPROF - LBC<\/title>\n<meta name=\"robots\" content=\"index, follow, max-snippet:-1, max-image-preview:large, max-video-preview:-1\" \/>\n<link rel=\"canonical\" href=\"https:\/\/lbc.conform.it\/ceprof\/?lang=fr\" \/>\n<meta property=\"og:locale\" content=\"fr_FR\" \/>\n<meta property=\"og:type\" content=\"article\" \/>\n<meta property=\"og:title\" content=\"CEPROF - LBC\" \/>\n<meta property=\"og:description\" content=\"[vc_row tlg_text_align=\u00a0\u00bbtext-center\u00a0\u00bb][vc_column][vc_single_image image=\u00a0\u00bb4750&Prime; img_size=\u00a0\u00bbmedium\u00a0\u00bb alignment=\u00a0\u00bbcenter\u00a0\u00bb][vc_column_text]Le CEPROF est propri\u00e9taire de l&rsquo;Escola Profissional de Espinho, une \u00e9cole de...\" \/>\n<meta property=\"og:url\" content=\"https:\/\/lbc.conform.it\/ceprof\/?lang=fr\" \/>\n<meta property=\"og:site_name\" content=\"LBC\" \/>\n<meta property=\"article:publisher\" content=\"https:\/\/www.facebook.com\/conformscarl\/\" \/>\n<meta property=\"article:modified_time\" content=\"2020-10-01T12:29:47+00:00\" \/>\n<meta property=\"og:image\" content=\"https:\/\/lbc.conform.it\/wp-content\/uploads\/2020\/09\/partner.png\" \/>\n\t<meta property=\"og:image:width\" content=\"5482\" \/>\n\t<meta property=\"og:image:height\" content=\"3660\" \/>\n\t<meta property=\"og:image:type\" content=\"image\/png\" \/>\n<meta name=\"twitter:card\" content=\"summary_large_image\" \/>\n<meta name=\"twitter:site\" content=\"@conformscarl\" \/>\n<meta name=\"twitter:label1\" content=\"Dur\u00e9e de lecture estim\u00e9e\" \/>\n\t<meta name=\"twitter:data1\" content=\"1 minute\" \/>\n<script type=\"application\/ld+json\" class=\"yoast-schema-graph\">{\"@context\":\"https:\/\/schema.org\",\"@graph\":[{\"@type\":\"WebPage\",\"@id\":\"https:\/\/lbc.conform.it\/ceprof\/?lang=fr\",\"url\":\"https:\/\/lbc.conform.it\/ceprof\/?lang=fr\",\"name\":\"CEPROF - LBC\",\"isPartOf\":{\"@id\":\"https:\/\/lbc.conform.it\/#website\"},\"datePublished\":\"2020-09-08T16:19:24+00:00\",\"dateModified\":\"2020-10-01T12:29:47+00:00\",\"breadcrumb\":{\"@id\":\"https:\/\/lbc.conform.it\/ceprof\/?lang=fr#breadcrumb\"},\"inLanguage\":\"fr-FR\",\"potentialAction\":[{\"@type\":\"ReadAction\",\"target\":[\"https:\/\/lbc.conform.it\/ceprof\/?lang=fr\"]}]},{\"@type\":\"BreadcrumbList\",\"@id\":\"https:\/\/lbc.conform.it\/ceprof\/?lang=fr#breadcrumb\",\"itemListElement\":[{\"@type\":\"ListItem\",\"position\":1,\"name\":\"Home\",\"item\":\"https:\/\/lbc.conform.it\/fr\/\"},{\"@type\":\"ListItem\",\"position\":2,\"name\":\"CEPROF\"}]},{\"@type\":\"WebSite\",\"@id\":\"https:\/\/lbc.conform.it\/#website\",\"url\":\"https:\/\/lbc.conform.it\/\",\"name\":\"LBC\",\"description\":\"LEARNING BY COMPETING\",\"potentialAction\":[{\"@type\":\"SearchAction\",\"target\":{\"@type\":\"EntryPoint\",\"urlTemplate\":\"https:\/\/lbc.conform.it\/?s={search_term_string}\"},\"query-input\":\"required name=search_term_string\"}],\"inLanguage\":\"fr-FR\"}]}<\/script>\n<!-- \/ Yoast SEO plugin. -->","yoast_head_json":{"title":"CEPROF - LBC","robots":{"index":"index","follow":"follow","max-snippet":"max-snippet:-1","max-image-preview":"max-image-preview:large","max-video-preview":"max-video-preview:-1"},"canonical":"https:\/\/lbc.conform.it\/ceprof\/?lang=fr","og_locale":"fr_FR","og_type":"article","og_title":"CEPROF - LBC","og_description":"[vc_row tlg_text_align=\u00a0\u00bbtext-center\u00a0\u00bb][vc_column][vc_single_image image=\u00a0\u00bb4750&Prime; img_size=\u00a0\u00bbmedium\u00a0\u00bb alignment=\u00a0\u00bbcenter\u00a0\u00bb][vc_column_text]Le CEPROF est propri\u00e9taire de l&rsquo;Escola Profissional de Espinho, une \u00e9cole de...","og_url":"https:\/\/lbc.conform.it\/ceprof\/?lang=fr","og_site_name":"LBC","article_publisher":"https:\/\/www.facebook.com\/conformscarl\/","article_modified_time":"2020-10-01T12:29:47+00:00","og_image":[{"width":5482,"height":3660,"url":"https:\/\/lbc.conform.it\/wp-content\/uploads\/2020\/09\/partner.png","type":"image\/png"}],"twitter_card":"summary_large_image","twitter_site":"@conformscarl","twitter_misc":{"Dur\u00e9e de lecture estim\u00e9e":"1 minute"},"schema":{"@context":"https:\/\/schema.org","@graph":[{"@type":"WebPage","@id":"https:\/\/lbc.conform.it\/ceprof\/?lang=fr","url":"https:\/\/lbc.conform.it\/ceprof\/?lang=fr","name":"CEPROF - LBC","isPartOf":{"@id":"https:\/\/lbc.conform.it\/#website"},"datePublished":"2020-09-08T16:19:24+00:00","dateModified":"2020-10-01T12:29:47+00:00","breadcrumb":{"@id":"https:\/\/lbc.conform.it\/ceprof\/?lang=fr#breadcrumb"},"inLanguage":"fr-FR","potentialAction":[{"@type":"ReadAction","target":["https:\/\/lbc.conform.it\/ceprof\/?lang=fr"]}]},{"@type":"BreadcrumbList","@id":"https:\/\/lbc.conform.it\/ceprof\/?lang=fr#breadcrumb","itemListElement":[{"@type":"ListItem","position":1,"name":"Home","item":"https:\/\/lbc.conform.it\/fr\/"},{"@type":"ListItem","position":2,"name":"CEPROF"}]},{"@type":"WebSite","@id":"https:\/\/lbc.conform.it\/#website","url":"https:\/\/lbc.conform.it\/","name":"LBC","description":"LEARNING BY COMPETING","potentialAction":[{"@type":"SearchAction","target":{"@type":"EntryPoint","urlTemplate":"https:\/\/lbc.conform.it\/?s={search_term_string}"},"query-input":"required name=search_term_string"}],"inLanguage":"fr-FR"}]}},"_links":{"self":[{"href":"https:\/\/lbc.conform.it\/fr\/wp-json\/wp\/v2\/pages\/4748"}],"collection":[{"href":"https:\/\/lbc.conform.it\/fr\/wp-json\/wp\/v2\/pages"}],"about":[{"href":"https:\/\/lbc.conform.it\/fr\/wp-json\/wp\/v2\/types\/page"}],"author":[{"embeddable":true,"href":"https:\/\/lbc.conform.it\/fr\/wp-json\/wp\/v2\/users\/4"}],"replies":[{"embeddable":true,"href":"https:\/\/lbc.conform.it\/fr\/wp-json\/wp\/v2\/comments?post=4748"}],"version-history":[{"count":3,"href":"https:\/\/lbc.conform.it\/fr\/wp-json\/wp\/v2\/pages\/4748\/revisions"}],"predecessor-version":[{"id":4753,"href":"https:\/\/lbc.conform.it\/fr\/wp-json\/wp\/v2\/pages\/4748\/revisions\/4753"}],"wp:featuredmedia":[{"embeddable":true,"href":"https:\/\/lbc.conform.it\/fr\/wp-json\/wp\/v2\/media\/4601"}],"wp:attachment":[{"href":"https:\/\/lbc.conform.it\/fr\/wp-json\/wp\/v2\/media?parent=4748"}],"curies":[{"name":"wp","href":"https:\/\/api.w.org\/{rel}","templated":true}]}}