{"id":4717,"date":"2020-09-08T15:59:18","date_gmt":"2020-09-08T15:59:18","guid":{"rendered":"https:\/\/lbc.conform.it\/?page_id=4717"},"modified":"2021-11-03T10:49:16","modified_gmt":"2021-11-03T10:49:16","slug":"plateforme-de-formation","status":"publish","type":"page","link":"https:\/\/lbc.conform.it\/fr\/plateforme-de-formation\/","title":{"rendered":"Plateforme de Formation"},"content":{"rendered":"<p>[vc_row][vc_column][vc_column_text]<\/p>\n<h4 style=\"text-align: center;\">Bienvenue sur la plateforme de formation LEARNING BY COMPETING<\/h4>\n<p style=\"text-align: center;\">Vous trouverez sur cette page, en libre acc\u00e8s, les 4 modules de formation et les ressources relatifs au d\u00e9fi,<br \/>\n\u00e0 la comp\u00e9tition entre les \u00e9tudiants et \u00e0 la mobilit\u00e9\u00a0des \u00e9tudiants en fili\u00e8re professionnelle sp\u00e9cialis\u00e9e en robotique.<br \/>\nIls ont \u00e9t\u00e9 d\u00e9velopp\u00e9s par les partenaires du projet\u00a0Erasmus+ \u201c<span class=\"il\">Learning<\/span>\u00a0By\u00a0<span class=\"il\">Competing<\/span>\u201d<br \/>\n(L\u2019Apprentissage par la comp\u00e9tition)<\/p>\n<h4 style=\"text-align: center;\"><span style=\"color: #ffcc00;\">Veuillez noter que la plateforme de formation sera en ligne d\u00e9but d\u00e9cembre 2021<\/span><\/h4>\n<p>[\/vc_column_text][\/vc_column][\/vc_row][vc_row tlg_background_style=\u00a0\u00bbbg-secondary\u00a0\u00bb][vc_column][vc_single_image image=\u00a0\u00bb4710&Prime; alignment=\u00a0\u00bbcenter\u00a0\u00bb][vc_column_text]<\/p>\n<p style=\"text-align: center;\"><strong>ACC\u00c9DER \u00c0 LA PLATEFORME <\/strong><\/p>\n<p>[\/vc_column_text][\/vc_column][\/vc_row]<\/p>\n","protected":false},"excerpt":{"rendered":"<p>[vc_row][vc_column][vc_column_text] Bienvenue sur la plateforme de formation LEARNING BY COMPETING Vous trouverez sur cette page, en&#8230;<\/p>\n","protected":false},"author":4,"featured_media":4723,"parent":0,"menu_order":0,"comment_status":"closed","ping_status":"closed","template":"","meta":[],"yoast_head":"<!-- This site is optimized with the Yoast SEO plugin v19.11 - https:\/\/yoast.com\/wordpress\/plugins\/seo\/ -->\n<title>Plateforme de Formation - LBC<\/title>\n<meta name=\"robots\" content=\"index, follow, max-snippet:-1, max-image-preview:large, max-video-preview:-1\" \/>\n<link rel=\"canonical\" href=\"https:\/\/lbc.conform.it\/plateforme-de-formation\/?lang=fr\" \/>\n<meta property=\"og:locale\" content=\"fr_FR\" \/>\n<meta property=\"og:type\" content=\"article\" \/>\n<meta property=\"og:title\" content=\"Plateforme de Formation - LBC\" \/>\n<meta property=\"og:description\" content=\"[vc_row][vc_column][vc_column_text] Bienvenue sur la plateforme de formation LEARNING BY COMPETING Vous trouverez sur cette page, en...\" \/>\n<meta property=\"og:url\" content=\"https:\/\/lbc.conform.it\/plateforme-de-formation\/?lang=fr\" \/>\n<meta property=\"og:site_name\" content=\"LBC\" \/>\n<meta property=\"article:publisher\" content=\"https:\/\/www.facebook.com\/conformscarl\/\" \/>\n<meta property=\"article:modified_time\" content=\"2021-11-03T10:49:16+00:00\" \/>\n<meta property=\"og:image\" content=\"https:\/\/lbc.conform.it\/wp-content\/uploads\/2020\/02\/platform-1.png\" \/>\n\t<meta property=\"og:image:width\" content=\"500\" \/>\n\t<meta property=\"og:image:height\" content=\"375\" \/>\n\t<meta property=\"og:image:type\" content=\"image\/png\" \/>\n<meta name=\"twitter:card\" content=\"summary_large_image\" \/>\n<meta name=\"twitter:site\" content=\"@conformscarl\" \/>\n<meta name=\"twitter:label1\" content=\"Dur\u00e9e de lecture estim\u00e9e\" \/>\n\t<meta name=\"twitter:data1\" content=\"1 minute\" \/>\n<script type=\"application\/ld+json\" class=\"yoast-schema-graph\">{\"@context\":\"https:\/\/schema.org\",\"@graph\":[{\"@type\":\"WebPage\",\"@id\":\"https:\/\/lbc.conform.it\/plateforme-de-formation\/?lang=fr\",\"url\":\"https:\/\/lbc.conform.it\/plateforme-de-formation\/?lang=fr\",\"name\":\"Plateforme de Formation - LBC\",\"isPartOf\":{\"@id\":\"https:\/\/lbc.conform.it\/#website\"},\"datePublished\":\"2020-09-08T15:59:18+00:00\",\"dateModified\":\"2021-11-03T10:49:16+00:00\",\"breadcrumb\":{\"@id\":\"https:\/\/lbc.conform.it\/plateforme-de-formation\/?lang=fr#breadcrumb\"},\"inLanguage\":\"fr-FR\",\"potentialAction\":[{\"@type\":\"ReadAction\",\"target\":[\"https:\/\/lbc.conform.it\/plateforme-de-formation\/?lang=fr\"]}]},{\"@type\":\"BreadcrumbList\",\"@id\":\"https:\/\/lbc.conform.it\/plateforme-de-formation\/?lang=fr#breadcrumb\",\"itemListElement\":[{\"@type\":\"ListItem\",\"position\":1,\"name\":\"Home\",\"item\":\"https:\/\/lbc.conform.it\/fr\/\"},{\"@type\":\"ListItem\",\"position\":2,\"name\":\"Plateforme de Formation\"}]},{\"@type\":\"WebSite\",\"@id\":\"https:\/\/lbc.conform.it\/#website\",\"url\":\"https:\/\/lbc.conform.it\/\",\"name\":\"LBC\",\"description\":\"LEARNING BY COMPETING\",\"potentialAction\":[{\"@type\":\"SearchAction\",\"target\":{\"@type\":\"EntryPoint\",\"urlTemplate\":\"https:\/\/lbc.conform.it\/?s={search_term_string}\"},\"query-input\":\"required name=search_term_string\"}],\"inLanguage\":\"fr-FR\"}]}<\/script>\n<!-- \/ Yoast SEO plugin. -->","yoast_head_json":{"title":"Plateforme de Formation - LBC","robots":{"index":"index","follow":"follow","max-snippet":"max-snippet:-1","max-image-preview":"max-image-preview:large","max-video-preview":"max-video-preview:-1"},"canonical":"https:\/\/lbc.conform.it\/plateforme-de-formation\/?lang=fr","og_locale":"fr_FR","og_type":"article","og_title":"Plateforme de Formation - LBC","og_description":"[vc_row][vc_column][vc_column_text] Bienvenue sur la plateforme de formation LEARNING BY COMPETING Vous trouverez sur cette page, en...","og_url":"https:\/\/lbc.conform.it\/plateforme-de-formation\/?lang=fr","og_site_name":"LBC","article_publisher":"https:\/\/www.facebook.com\/conformscarl\/","article_modified_time":"2021-11-03T10:49:16+00:00","og_image":[{"width":500,"height":375,"url":"https:\/\/lbc.conform.it\/wp-content\/uploads\/2020\/02\/platform-1.png","type":"image\/png"}],"twitter_card":"summary_large_image","twitter_site":"@conformscarl","twitter_misc":{"Dur\u00e9e de lecture estim\u00e9e":"1 minute"},"schema":{"@context":"https:\/\/schema.org","@graph":[{"@type":"WebPage","@id":"https:\/\/lbc.conform.it\/plateforme-de-formation\/?lang=fr","url":"https:\/\/lbc.conform.it\/plateforme-de-formation\/?lang=fr","name":"Plateforme de Formation - LBC","isPartOf":{"@id":"https:\/\/lbc.conform.it\/#website"},"datePublished":"2020-09-08T15:59:18+00:00","dateModified":"2021-11-03T10:49:16+00:00","breadcrumb":{"@id":"https:\/\/lbc.conform.it\/plateforme-de-formation\/?lang=fr#breadcrumb"},"inLanguage":"fr-FR","potentialAction":[{"@type":"ReadAction","target":["https:\/\/lbc.conform.it\/plateforme-de-formation\/?lang=fr"]}]},{"@type":"BreadcrumbList","@id":"https:\/\/lbc.conform.it\/plateforme-de-formation\/?lang=fr#breadcrumb","itemListElement":[{"@type":"ListItem","position":1,"name":"Home","item":"https:\/\/lbc.conform.it\/fr\/"},{"@type":"ListItem","position":2,"name":"Plateforme de Formation"}]},{"@type":"WebSite","@id":"https:\/\/lbc.conform.it\/#website","url":"https:\/\/lbc.conform.it\/","name":"LBC","description":"LEARNING BY COMPETING","potentialAction":[{"@type":"SearchAction","target":{"@type":"EntryPoint","urlTemplate":"https:\/\/lbc.conform.it\/?s={search_term_string}"},"query-input":"required name=search_term_string"}],"inLanguage":"fr-FR"}]}},"_links":{"self":[{"href":"https:\/\/lbc.conform.it\/fr\/wp-json\/wp\/v2\/pages\/4717"}],"collection":[{"href":"https:\/\/lbc.conform.it\/fr\/wp-json\/wp\/v2\/pages"}],"about":[{"href":"https:\/\/lbc.conform.it\/fr\/wp-json\/wp\/v2\/types\/page"}],"author":[{"embeddable":true,"href":"https:\/\/lbc.conform.it\/fr\/wp-json\/wp\/v2\/users\/4"}],"replies":[{"embeddable":true,"href":"https:\/\/lbc.conform.it\/fr\/wp-json\/wp\/v2\/comments?post=4717"}],"version-history":[{"count":7,"href":"https:\/\/lbc.conform.it\/fr\/wp-json\/wp\/v2\/pages\/4717\/revisions"}],"predecessor-version":[{"id":5403,"href":"https:\/\/lbc.conform.it\/fr\/wp-json\/wp\/v2\/pages\/4717\/revisions\/5403"}],"wp:featuredmedia":[{"embeddable":true,"href":"https:\/\/lbc.conform.it\/fr\/wp-json\/wp\/v2\/media\/4723"}],"wp:attachment":[{"href":"https:\/\/lbc.conform.it\/fr\/wp-json\/wp\/v2\/media?parent=4717"}],"curies":[{"name":"wp","href":"https:\/\/api.w.org\/{rel}","templated":true}]}}