{"id":4707,"date":"2020-09-08T14:33:41","date_gmt":"2020-09-08T14:33:41","guid":{"rendered":"https:\/\/lbc.conform.it\/?page_id=4707"},"modified":"2021-02-25T10:27:26","modified_gmt":"2021-02-25T10:27:26","slug":"le-projet","status":"publish","type":"page","link":"https:\/\/lbc.conform.it\/fr\/le-projet\/","title":{"rendered":"Le projet"},"content":{"rendered":"<p>[vc_row][vc_column][vc_column_text]Le project Erasmus+<strong> \u201cPromotion de la formation en robotique gr\u00e2ce \u00e0 la mobilit\u00e9 et \u00e0 la participation \u00e0 des concours internationaux de robotique\u201d<\/strong> vise \u00e0 tester et \u00e0 transf\u00e9rer l&rsquo;approche p\u00e9dagogique de \u00ab\u00a0l&rsquo;Apprentissage par la Comp\u00e9tition\u00a0\u00bb, test\u00e9e par CEPROF, \u00e0 d&rsquo;autres \u00e9tablissements professionnels dans d&rsquo;autres pays europ\u00e9ens.<br \/>\nIl a \u00e9t\u00e9 observ\u00e9 que les \u00e9tudiants qui r\u00e9ussissent mieux en classe et qui obtiennent le plus d\u2019offres d&#8217;emploi sont ceux qui ont particip\u00e9 aux comp\u00e9titions robotiques.[\/vc_column_text][\/vc_column][\/vc_row][vc_row tlg_background_style=\u00a0\u00bbbg-secondary\u00a0\u00bb tlg_text_align=\u00a0\u00bbtext-center\u00a0\u00bb][vc_column width=\u00a0\u00bb1\/4&Prime;][vc_single_image image=\u00a0\u00bb4709&Prime; alignment=\u00a0\u00bbcenter\u00a0\u00bb][\/vc_column][vc_column width=\u00a0\u00bb3\/4&Prime;][vc_column_text]<\/p>\n<p style=\"text-align: left;\">Les<strong> principaux objectifs<\/strong> sont les suivants:<\/p>\n<ul>\n<li style=\"text-align: left;\">Cr\u00e9er et tester des m\u00e9thodologies d&rsquo;enseignement innovantes;<\/li>\n<li style=\"text-align: left;\">Introduire la comp\u00e9tition dans les m\u00e9thodes d&rsquo;enseignement et d&rsquo;apprentissage;<\/li>\n<li style=\"text-align: left;\">D\u00e9velopper les comp\u00e9tences TIC et les mobilit\u00e9s;<\/li>\n<li style=\"text-align: left;\">Promouvoir la pers\u00e9v\u00e9rance et la r\u00e9silience comme outils de r\u00e9ussite;<\/li>\n<li style=\"text-align: left;\">D\u00e9velopper des comp\u00e9tences g\u00e9n\u00e9rales et utiliser les effets de motivation de la robotique pour d\u00e9velopper les comp\u00e9tences des \u00e9l\u00e8ves dans les domaines de la science et de la technologie.<\/li>\n<\/ul>\n<p style=\"text-align: left;\">La Comp\u00e9tition comme th\u00e9orie d\u2019apprentissage s\u2019int\u00e9ressera \u00e0 <strong>la Robotique<\/strong> en tant que mod\u00e8le de travail.<br \/>\nLe projet d\u00e9veloppera <strong>4 modules de formation e-learning<\/strong> sur la robotique du niveau basique au niveau avanc\u00e9, disponibles gratuitement en ligne. Les modules seront test\u00e9s et il y aura <strong>3 flux de mobilit\u00e9<\/strong> pour permettre la participation \u00e0 3 comp\u00e9titions.<\/p>\n<p>[\/vc_column_text][\/vc_column][\/vc_row][vc_row tlg_background_style=\u00a0\u00bbbg-secondary\u00a0\u00bb tlg_text_align=\u00a0\u00bbtext-center\u00a0\u00bb][vc_column width=\u00a0\u00bb1\/3&Prime;][vc_single_image image=\u00a0\u00bb5142&Prime; alignment=\u00a0\u00bbcenter\u00a0\u00bb]<div id=\"iconbox-69d40cd2bd81f\" class=\"\"><div class=\"icon-link\"><a class=\"inherit\" href= \"\/soggetto-presentatore\" target=\"_self\" ><div class=\"relative mb0 text-center\">\n\t\t\t\t\t\t\t<i  class=\"   inline-block mb16 ms-text icon-lg\"><\/i>\n\t\t\t\t\t\t\t<h5  class=\"widgettitle mb8\"><\/h5>\n\t\t\t\t\t\t\t<div  class=\"widgetsubtitle mb16\"><\/div>\n\t\t\t\t\t\t\t<div  class=\"icon-content\"><\/p>\n<h5 style=\"text-align: center;\"><span style=\"color: #000000;\"><a style=\"color: #000000;\" href=\"https:\/\/lbc.conform.it\/wp-content\/uploads\/2021\/02\/Brochure_LBC-FR-1.pdf\">T\u00c9L\u00c9CHARGER LA BROCHURE<\/a><\/span><\/h5>\n<p>\n<\/div> \n\t\t\t\t\t\t<\/div><\/a><\/div><\/div>[\/vc_column][vc_column width=\u00a0\u00bb1\/3&Prime;][vc_single_image image=\u00a0\u00bb4710&Prime; alignment=\u00a0\u00bbcenter\u00a0\u00bb]<div id=\"iconbox-69d40cd2bd89b\" class=\"\"><div class=\"icon-link\"><a class=\"inherit\" href= \"\/soggetto-presentatore\" target=\"_self\" ><div class=\"relative mb0 text-center\">\n\t\t\t\t\t\t\t<i  class=\"   inline-block mb16 ms-text icon-lg\"><\/i>\n\t\t\t\t\t\t\t<h5  class=\"widgettitle mb8\"><\/h5>\n\t\t\t\t\t\t\t<div  class=\"widgetsubtitle mb16\"><\/div>\n\t\t\t\t\t\t\t<div  class=\"icon-content\"><\/p>\n<h5 style=\"text-align: center;\"><span style=\"color: #000000;\"><a style=\"color: #000000;\" href=\"https:\/\/lbc.conform.it\/training-platform\/\">PRODUCTION 2<\/a><\/span><\/h5>\n<p style=\"text-align: center;\">PLATEFORME DE FORMATION<\/p>\n<p>\n<\/div> \n\t\t\t\t\t\t<\/div><\/a><\/div><\/div>[\/vc_column][vc_column width=\u00a0\u00bb1\/3&Prime;][vc_single_image image=\u00a0\u00bb4711&Prime; alignment=\u00a0\u00bbcenter\u00a0\u00bb]<div id=\"iconbox-69d40cd2bd8e4\" class=\"\"><div class=\"icon-link\"><a class=\"inherit\" href= \"\/soggetto-attuatore\" target=\"_self\" ><div class=\"relative mb0 text-center\">\n\t\t\t\t\t\t\t<i style=\"font-size:40px!important;\" class=\"   inline-block mb16 ms-text icon-lg\"><\/i>\n\t\t\t\t\t\t\t<h5  class=\"widgettitle mb8\"><\/h5>\n\t\t\t\t\t\t\t<div  class=\"widgetsubtitle mb16\"><\/div>\n\t\t\t\t\t\t\t<div  class=\"icon-content\"><\/p>\n<h5 style=\"text-align: center;\"><span style=\"color: #000000;\"><a style=\"color: #000000;\" href=\"\/soggetto-attuatore\">PRODUCTION 3<\/a><\/span><\/h5>\n<p style=\"text-align: center;\">PILOTAGE<\/p>\n<p>\n<\/div> \n\t\t\t\t\t\t<\/div><\/a><\/div><\/div>[\/vc_column][\/vc_row]<\/p>\n","protected":false},"excerpt":{"rendered":"<p>[vc_row][vc_column][vc_column_text]Le project Erasmus+ \u201cPromotion de la formation en robotique gr\u00e2ce \u00e0 la mobilit\u00e9 et \u00e0 la&#8230;<\/p>\n","protected":false},"author":4,"featured_media":4712,"parent":0,"menu_order":0,"comment_status":"closed","ping_status":"closed","template":"","meta":[],"yoast_head":"<!-- This site is optimized with the Yoast SEO plugin v19.11 - https:\/\/yoast.com\/wordpress\/plugins\/seo\/ -->\n<title>Le projet - LBC<\/title>\n<meta name=\"robots\" content=\"index, follow, max-snippet:-1, max-image-preview:large, max-video-preview:-1\" \/>\n<link rel=\"canonical\" href=\"https:\/\/lbc.conform.it\/le-projet\/?lang=fr\" \/>\n<meta property=\"og:locale\" content=\"fr_FR\" \/>\n<meta property=\"og:type\" content=\"article\" \/>\n<meta property=\"og:title\" content=\"Le projet - LBC\" \/>\n<meta property=\"og:description\" content=\"[vc_row][vc_column][vc_column_text]Le project Erasmus+ \u201cPromotion de la formation en robotique gr\u00e2ce \u00e0 la mobilit\u00e9 et \u00e0 la...\" \/>\n<meta property=\"og:url\" content=\"https:\/\/lbc.conform.it\/le-projet\/?lang=fr\" \/>\n<meta property=\"og:site_name\" content=\"LBC\" \/>\n<meta property=\"article:publisher\" content=\"https:\/\/www.facebook.com\/conformscarl\/\" \/>\n<meta property=\"article:modified_time\" content=\"2021-02-25T10:27:26+00:00\" \/>\n<meta property=\"og:image\" content=\"https:\/\/lbc.conform.it\/wp-content\/uploads\/2020\/02\/img-int-Learning-by-competing.jpg\" \/>\n\t<meta property=\"og:image:width\" content=\"1500\" \/>\n\t<meta property=\"og:image:height\" content=\"981\" \/>\n\t<meta property=\"og:image:type\" content=\"image\/jpeg\" \/>\n<meta name=\"twitter:card\" content=\"summary_large_image\" \/>\n<meta name=\"twitter:site\" content=\"@conformscarl\" \/>\n<meta name=\"twitter:label1\" content=\"Dur\u00e9e de lecture estim\u00e9e\" \/>\n\t<meta name=\"twitter:data1\" content=\"2 minutes\" \/>\n<script type=\"application\/ld+json\" class=\"yoast-schema-graph\">{\"@context\":\"https:\/\/schema.org\",\"@graph\":[{\"@type\":\"WebPage\",\"@id\":\"https:\/\/lbc.conform.it\/le-projet\/?lang=fr\",\"url\":\"https:\/\/lbc.conform.it\/le-projet\/?lang=fr\",\"name\":\"Le projet - LBC\",\"isPartOf\":{\"@id\":\"https:\/\/lbc.conform.it\/#website\"},\"datePublished\":\"2020-09-08T14:33:41+00:00\",\"dateModified\":\"2021-02-25T10:27:26+00:00\",\"breadcrumb\":{\"@id\":\"https:\/\/lbc.conform.it\/le-projet\/?lang=fr#breadcrumb\"},\"inLanguage\":\"fr-FR\",\"potentialAction\":[{\"@type\":\"ReadAction\",\"target\":[\"https:\/\/lbc.conform.it\/le-projet\/?lang=fr\"]}]},{\"@type\":\"BreadcrumbList\",\"@id\":\"https:\/\/lbc.conform.it\/le-projet\/?lang=fr#breadcrumb\",\"itemListElement\":[{\"@type\":\"ListItem\",\"position\":1,\"name\":\"Home\",\"item\":\"https:\/\/lbc.conform.it\/fr\/\"},{\"@type\":\"ListItem\",\"position\":2,\"name\":\"Le projet\"}]},{\"@type\":\"WebSite\",\"@id\":\"https:\/\/lbc.conform.it\/#website\",\"url\":\"https:\/\/lbc.conform.it\/\",\"name\":\"LBC\",\"description\":\"LEARNING BY COMPETING\",\"potentialAction\":[{\"@type\":\"SearchAction\",\"target\":{\"@type\":\"EntryPoint\",\"urlTemplate\":\"https:\/\/lbc.conform.it\/?s={search_term_string}\"},\"query-input\":\"required name=search_term_string\"}],\"inLanguage\":\"fr-FR\"}]}<\/script>\n<!-- \/ Yoast SEO plugin. -->","yoast_head_json":{"title":"Le projet - LBC","robots":{"index":"index","follow":"follow","max-snippet":"max-snippet:-1","max-image-preview":"max-image-preview:large","max-video-preview":"max-video-preview:-1"},"canonical":"https:\/\/lbc.conform.it\/le-projet\/?lang=fr","og_locale":"fr_FR","og_type":"article","og_title":"Le projet - LBC","og_description":"[vc_row][vc_column][vc_column_text]Le project Erasmus+ \u201cPromotion de la formation en robotique gr\u00e2ce \u00e0 la mobilit\u00e9 et \u00e0 la...","og_url":"https:\/\/lbc.conform.it\/le-projet\/?lang=fr","og_site_name":"LBC","article_publisher":"https:\/\/www.facebook.com\/conformscarl\/","article_modified_time":"2021-02-25T10:27:26+00:00","og_image":[{"width":1500,"height":981,"url":"https:\/\/lbc.conform.it\/wp-content\/uploads\/2020\/02\/img-int-Learning-by-competing.jpg","type":"image\/jpeg"}],"twitter_card":"summary_large_image","twitter_site":"@conformscarl","twitter_misc":{"Dur\u00e9e de lecture estim\u00e9e":"2 minutes"},"schema":{"@context":"https:\/\/schema.org","@graph":[{"@type":"WebPage","@id":"https:\/\/lbc.conform.it\/le-projet\/?lang=fr","url":"https:\/\/lbc.conform.it\/le-projet\/?lang=fr","name":"Le projet - LBC","isPartOf":{"@id":"https:\/\/lbc.conform.it\/#website"},"datePublished":"2020-09-08T14:33:41+00:00","dateModified":"2021-02-25T10:27:26+00:00","breadcrumb":{"@id":"https:\/\/lbc.conform.it\/le-projet\/?lang=fr#breadcrumb"},"inLanguage":"fr-FR","potentialAction":[{"@type":"ReadAction","target":["https:\/\/lbc.conform.it\/le-projet\/?lang=fr"]}]},{"@type":"BreadcrumbList","@id":"https:\/\/lbc.conform.it\/le-projet\/?lang=fr#breadcrumb","itemListElement":[{"@type":"ListItem","position":1,"name":"Home","item":"https:\/\/lbc.conform.it\/fr\/"},{"@type":"ListItem","position":2,"name":"Le projet"}]},{"@type":"WebSite","@id":"https:\/\/lbc.conform.it\/#website","url":"https:\/\/lbc.conform.it\/","name":"LBC","description":"LEARNING BY COMPETING","potentialAction":[{"@type":"SearchAction","target":{"@type":"EntryPoint","urlTemplate":"https:\/\/lbc.conform.it\/?s={search_term_string}"},"query-input":"required name=search_term_string"}],"inLanguage":"fr-FR"}]}},"_links":{"self":[{"href":"https:\/\/lbc.conform.it\/fr\/wp-json\/wp\/v2\/pages\/4707"}],"collection":[{"href":"https:\/\/lbc.conform.it\/fr\/wp-json\/wp\/v2\/pages"}],"about":[{"href":"https:\/\/lbc.conform.it\/fr\/wp-json\/wp\/v2\/types\/page"}],"author":[{"embeddable":true,"href":"https:\/\/lbc.conform.it\/fr\/wp-json\/wp\/v2\/users\/4"}],"replies":[{"embeddable":true,"href":"https:\/\/lbc.conform.it\/fr\/wp-json\/wp\/v2\/comments?post=4707"}],"version-history":[{"count":9,"href":"https:\/\/lbc.conform.it\/fr\/wp-json\/wp\/v2\/pages\/4707\/revisions"}],"predecessor-version":[{"id":5314,"href":"https:\/\/lbc.conform.it\/fr\/wp-json\/wp\/v2\/pages\/4707\/revisions\/5314"}],"wp:featuredmedia":[{"embeddable":true,"href":"https:\/\/lbc.conform.it\/fr\/wp-json\/wp\/v2\/media\/4712"}],"wp:attachment":[{"href":"https:\/\/lbc.conform.it\/fr\/wp-json\/wp\/v2\/media?parent=4707"}],"curies":[{"name":"wp","href":"https:\/\/api.w.org\/{rel}","templated":true}]}}