{"id":5269,"date":"2021-02-24T09:24:24","date_gmt":"2021-02-24T09:24:24","guid":{"rendered":"https:\/\/lbc.conform.it\/?page_id=5269"},"modified":"2021-03-11T09:44:16","modified_gmt":"2021-03-11T09:44:16","slug":"apsu-associacao-portuguesa-de-startups","status":"publish","type":"page","link":"https:\/\/lbc.conform.it\/es\/apsu-associacao-portuguesa-de-startups\/","title":{"rendered":"APSU  &#8211; Associa\u00e7\u00e3o Portuguesa de StartUps"},"content":{"rendered":"<p>[vc_row tlg_text_align=\u00bbtext-center\u00bb][vc_column][vc_single_image image=\u00bb4388&#8243; img_size=\u00bbmedium\u00bb alignment=\u00bbcenter\u00bb]<div class=\"tlg-spacer\" data-height=\"20\" data-height-tablet=\"20\" data-height-mobile=\"20\" style=\"clear:both;display:block;height:20px;\"><\/div>[vc_column_text]<\/p>\n<p style=\"font-weight: 400;\">APSU\u00a0se cre\u00f3 en enero de 2017 en respuesta a las estad\u00edsticas de Eurostat que mostraban a Portugal como el pa\u00eds de la UE-28 con la tasa de supervivencia m\u00e1s baja de Start-Ups en los primeros 5 a\u00f1os.<br \/>\nNaci\u00f3 con la misi\u00f3n de promover el emprendimiento y nutrir a las Start-Ups y a los emprendedores, especialmente en las primeras etapas.<br \/>\nAlgunas de las principales actividades de APSU son: trabajo en red; promover la cooperaci\u00f3n comercial y asesorar profesionalmente y en cuanto a servicios administrativos, legales y burocr\u00e1ticos a los emprendedores. Tambi\u00e9n se enfoca en la elaboraci\u00f3n de capacitaciones y otras formas de capacitaci\u00f3n profesional a los empresarios y trabajadores de las PyMEs. Estas capacitaciones se enfocan principalmente en competencias transversales, tecnolog\u00edas y otras \u00e1reas t\u00e9cnicas.<br \/>\nEn definitiva,\u00a0APSU\u00a0establece la cooperaci\u00f3n nacional e internacional con el fin de crear formaci\u00f3n innovadora, procesos y productos innovadores.<\/p>\n<p>[\/vc_column_text]<div class=\"tlg-spacer\" data-height=\"20\" data-height-tablet=\"20\" data-height-mobile=\"20\" style=\"clear:both;display:block;height:20px;\"><\/div><div class=\"\"><a  id=\"btn-69ea5116cfab0\" class=\"btn btn-filled btn-rounded  ti-arrow-right  btn-sm-sm\" href= \"http:\/\/apsu.pt\/\" target='_blank' >WEBSITE<\/a><\/div>[\/vc_column][\/vc_row]<\/p>\n","protected":false},"excerpt":{"rendered":"<p>[vc_row tlg_text_align=\u00bbtext-center\u00bb][vc_column][vc_single_image image=\u00bb4388&#8243; img_size=\u00bbmedium\u00bb alignment=\u00bbcenter\u00bb][vc_column_text] APSU\u00a0se cre\u00f3 en enero de 2017 en respuesta a las estad\u00edsticas&#8230;<\/p>\n","protected":false},"author":4,"featured_media":4603,"parent":0,"menu_order":0,"comment_status":"closed","ping_status":"closed","template":"","meta":[],"yoast_head":"<!-- This site is optimized with the Yoast SEO plugin v19.11 - https:\/\/yoast.com\/wordpress\/plugins\/seo\/ -->\n<title>APSU - Associa\u00e7\u00e3o Portuguesa de StartUps - LBC<\/title>\n<meta name=\"robots\" content=\"index, follow, max-snippet:-1, max-image-preview:large, max-video-preview:-1\" \/>\n<link rel=\"canonical\" href=\"https:\/\/lbc.conform.it\/apsu-associacao-portuguesa-de-startups\/?lang=es\" \/>\n<meta property=\"og:locale\" content=\"es_ES\" \/>\n<meta property=\"og:type\" content=\"article\" \/>\n<meta property=\"og:title\" content=\"APSU - Associa\u00e7\u00e3o Portuguesa de StartUps - LBC\" \/>\n<meta property=\"og:description\" content=\"[vc_row tlg_text_align=\u00bbtext-center\u00bb][vc_column][vc_single_image image=\u00bb4388&#8243; img_size=\u00bbmedium\u00bb alignment=\u00bbcenter\u00bb][vc_column_text] APSU\u00a0se cre\u00f3 en enero de 2017 en respuesta a las estad\u00edsticas...\" \/>\n<meta property=\"og:url\" content=\"https:\/\/lbc.conform.it\/apsu-associacao-portuguesa-de-startups\/?lang=es\" \/>\n<meta property=\"og:site_name\" content=\"LBC\" \/>\n<meta property=\"article:publisher\" content=\"https:\/\/www.facebook.com\/conformscarl\/\" \/>\n<meta property=\"article:modified_time\" content=\"2021-03-11T09:44:16+00:00\" \/>\n<meta property=\"og:image\" content=\"https:\/\/lbc.conform.it\/wp-content\/uploads\/2020\/09\/partner.png\" \/>\n\t<meta property=\"og:image:width\" content=\"5482\" \/>\n\t<meta property=\"og:image:height\" content=\"3660\" \/>\n\t<meta property=\"og:image:type\" content=\"image\/png\" \/>\n<meta name=\"twitter:card\" content=\"summary_large_image\" \/>\n<meta name=\"twitter:site\" content=\"@conformscarl\" \/>\n<meta name=\"twitter:label1\" content=\"Tiempo de lectura\" \/>\n\t<meta name=\"twitter:data1\" content=\"1 minuto\" \/>\n<script type=\"application\/ld+json\" class=\"yoast-schema-graph\">{\"@context\":\"https:\/\/schema.org\",\"@graph\":[{\"@type\":\"WebPage\",\"@id\":\"https:\/\/lbc.conform.it\/apsu-associacao-portuguesa-de-startups\/?lang=es\",\"url\":\"https:\/\/lbc.conform.it\/apsu-associacao-portuguesa-de-startups\/?lang=es\",\"name\":\"APSU - Associa\u00e7\u00e3o Portuguesa de StartUps - LBC\",\"isPartOf\":{\"@id\":\"https:\/\/lbc.conform.it\/#website\"},\"datePublished\":\"2021-02-24T09:24:24+00:00\",\"dateModified\":\"2021-03-11T09:44:16+00:00\",\"breadcrumb\":{\"@id\":\"https:\/\/lbc.conform.it\/apsu-associacao-portuguesa-de-startups\/?lang=es#breadcrumb\"},\"inLanguage\":\"es\",\"potentialAction\":[{\"@type\":\"ReadAction\",\"target\":[\"https:\/\/lbc.conform.it\/apsu-associacao-portuguesa-de-startups\/?lang=es\"]}]},{\"@type\":\"BreadcrumbList\",\"@id\":\"https:\/\/lbc.conform.it\/apsu-associacao-portuguesa-de-startups\/?lang=es#breadcrumb\",\"itemListElement\":[{\"@type\":\"ListItem\",\"position\":1,\"name\":\"Home\",\"item\":\"https:\/\/lbc.conform.it\/es\/\"},{\"@type\":\"ListItem\",\"position\":2,\"name\":\"APSU &#8211; Associa\u00e7\u00e3o Portuguesa de StartUps\"}]},{\"@type\":\"WebSite\",\"@id\":\"https:\/\/lbc.conform.it\/#website\",\"url\":\"https:\/\/lbc.conform.it\/\",\"name\":\"LBC\",\"description\":\"LEARNING BY COMPETING\",\"potentialAction\":[{\"@type\":\"SearchAction\",\"target\":{\"@type\":\"EntryPoint\",\"urlTemplate\":\"https:\/\/lbc.conform.it\/?s={search_term_string}\"},\"query-input\":\"required name=search_term_string\"}],\"inLanguage\":\"es\"}]}<\/script>\n<!-- \/ Yoast SEO plugin. -->","yoast_head_json":{"title":"APSU - Associa\u00e7\u00e3o Portuguesa de StartUps - LBC","robots":{"index":"index","follow":"follow","max-snippet":"max-snippet:-1","max-image-preview":"max-image-preview:large","max-video-preview":"max-video-preview:-1"},"canonical":"https:\/\/lbc.conform.it\/apsu-associacao-portuguesa-de-startups\/?lang=es","og_locale":"es_ES","og_type":"article","og_title":"APSU - Associa\u00e7\u00e3o Portuguesa de StartUps - LBC","og_description":"[vc_row tlg_text_align=\u00bbtext-center\u00bb][vc_column][vc_single_image image=\u00bb4388&#8243; img_size=\u00bbmedium\u00bb alignment=\u00bbcenter\u00bb][vc_column_text] APSU\u00a0se cre\u00f3 en enero de 2017 en respuesta a las estad\u00edsticas...","og_url":"https:\/\/lbc.conform.it\/apsu-associacao-portuguesa-de-startups\/?lang=es","og_site_name":"LBC","article_publisher":"https:\/\/www.facebook.com\/conformscarl\/","article_modified_time":"2021-03-11T09:44:16+00:00","og_image":[{"width":5482,"height":3660,"url":"https:\/\/lbc.conform.it\/wp-content\/uploads\/2020\/09\/partner.png","type":"image\/png"}],"twitter_card":"summary_large_image","twitter_site":"@conformscarl","twitter_misc":{"Tiempo de lectura":"1 minuto"},"schema":{"@context":"https:\/\/schema.org","@graph":[{"@type":"WebPage","@id":"https:\/\/lbc.conform.it\/apsu-associacao-portuguesa-de-startups\/?lang=es","url":"https:\/\/lbc.conform.it\/apsu-associacao-portuguesa-de-startups\/?lang=es","name":"APSU - Associa\u00e7\u00e3o Portuguesa de StartUps - LBC","isPartOf":{"@id":"https:\/\/lbc.conform.it\/#website"},"datePublished":"2021-02-24T09:24:24+00:00","dateModified":"2021-03-11T09:44:16+00:00","breadcrumb":{"@id":"https:\/\/lbc.conform.it\/apsu-associacao-portuguesa-de-startups\/?lang=es#breadcrumb"},"inLanguage":"es","potentialAction":[{"@type":"ReadAction","target":["https:\/\/lbc.conform.it\/apsu-associacao-portuguesa-de-startups\/?lang=es"]}]},{"@type":"BreadcrumbList","@id":"https:\/\/lbc.conform.it\/apsu-associacao-portuguesa-de-startups\/?lang=es#breadcrumb","itemListElement":[{"@type":"ListItem","position":1,"name":"Home","item":"https:\/\/lbc.conform.it\/es\/"},{"@type":"ListItem","position":2,"name":"APSU &#8211; Associa\u00e7\u00e3o Portuguesa de StartUps"}]},{"@type":"WebSite","@id":"https:\/\/lbc.conform.it\/#website","url":"https:\/\/lbc.conform.it\/","name":"LBC","description":"LEARNING BY COMPETING","potentialAction":[{"@type":"SearchAction","target":{"@type":"EntryPoint","urlTemplate":"https:\/\/lbc.conform.it\/?s={search_term_string}"},"query-input":"required name=search_term_string"}],"inLanguage":"es"}]}},"_links":{"self":[{"href":"https:\/\/lbc.conform.it\/es\/wp-json\/wp\/v2\/pages\/5269"}],"collection":[{"href":"https:\/\/lbc.conform.it\/es\/wp-json\/wp\/v2\/pages"}],"about":[{"href":"https:\/\/lbc.conform.it\/es\/wp-json\/wp\/v2\/types\/page"}],"author":[{"embeddable":true,"href":"https:\/\/lbc.conform.it\/es\/wp-json\/wp\/v2\/users\/4"}],"replies":[{"embeddable":true,"href":"https:\/\/lbc.conform.it\/es\/wp-json\/wp\/v2\/comments?post=5269"}],"version-history":[{"count":4,"href":"https:\/\/lbc.conform.it\/es\/wp-json\/wp\/v2\/pages\/5269\/revisions"}],"predecessor-version":[{"id":5378,"href":"https:\/\/lbc.conform.it\/es\/wp-json\/wp\/v2\/pages\/5269\/revisions\/5378"}],"wp:featuredmedia":[{"embeddable":true,"href":"https:\/\/lbc.conform.it\/es\/wp-json\/wp\/v2\/media\/4603"}],"wp:attachment":[{"href":"https:\/\/lbc.conform.it\/es\/wp-json\/wp\/v2\/media?parent=5269"}],"curies":[{"name":"wp","href":"https:\/\/api.w.org\/{rel}","templated":true}]}}