{"id":4857,"date":"2020-02-27T16:45:25","date_gmt":"2020-02-27T16:45:25","guid":{"rendered":"https:\/\/lbc.conform.it\/partnership-eu15\/"},"modified":"2020-10-01T12:49:26","modified_gmt":"2020-10-01T12:49:26","slug":"partnership-eu15","status":"publish","type":"page","link":"https:\/\/lbc.conform.it\/es\/partnership-eu15\/","title":{"rendered":"EU15 Ltd"},"content":{"rendered":"<p>[vc_row tlg_text_align=\u00bbtext-center\u00bb][vc_column][vc_single_image image=\u00bb4858&#8243; img_size=\u00bbmedium\u00bb alignment=\u00bbcenter\u00bb]<div class=\"tlg-spacer\" data-height=\"20\" data-height-tablet=\"20\" data-height-mobile=\"20\" style=\"clear:both;display:block;height:20px;\"><\/div>[vc_column_text]EU15 Ltd es una consultora de gesti\u00f3n profesional, formaci\u00f3n y desarrollo de software (establecida en 2002) con experiencia en todo el mundo obtenida a trav\u00e9s del trabajo en colaboraci\u00f3n con organizaciones, desde empresas de primer nivel hasta gobiernos y universidades. EU15 Ltd se ha especializado en soluciones de eLearning tanto para el sector p\u00fablico como para el privado. Con la creciente importancia y los desaf\u00edos a los que se enfrenta la formaci\u00f3n para las \u201ctecnolog\u00edas de la nueva era\u201d, EU15 tiene un gran inter\u00e9s en trabajar para desarrollar nuevas metodolog\u00edas de formaci\u00f3n que mejoren las habilidades de las nuevas generaciones, que facilitar\u00e1n su adecuada inserci\u00f3n en el mercado laboral.<\/p>\n<p>EU15 Ltd ha coordinado dos Proyectos Europeos relacionados con el desarrollo de programas de formaci\u00f3n en robots, IA e impresi\u00f3n 3D para pymes. El Director Gerente, Dr. Paul Quantock, ha trabajado en Estados Unidos con The 4Civiltiy Institute y la Universidad de Indiana durante los \u00faltimos 2 a\u00f1os en una investigaci\u00f3n autofinanciada sobre las necesidades de las PYMES y la introducci\u00f3n de robots \/ IA en el lugar de trabajo. Tiene una amplia experiencia (m\u00e1s de 40 a\u00f1os) en la gesti\u00f3n de proyectos paneuropeos financiados por la UE tanto como Socio como Promotor. Tiene m\u00e1s de 25 a\u00f1os de experiencia desarrollando, impartiendo y gestionando actividades de formaci\u00f3n y promoviendo colaboraciones de formaci\u00f3n internacionales eficaces en todo el mundo. Su especialidad es la creaci\u00f3n de materiales interactivos de cursos de eLearning multimedia y una especializaci\u00f3n incipiente en el uso de la rob\u00f3tica en las pymes.[\/vc_column_text]<div class=\"tlg-spacer\" data-height=\"20\" data-height-tablet=\"20\" data-height-mobile=\"20\" style=\"clear:both;display:block;height:20px;\"><\/div><div class=\"\"><a  id=\"btn-69d3f4b46e547\" class=\"btn btn-filled btn-rounded  ti-arrow-right  btn-sm-sm\" href= \"http:\/\/www.eu15.co.uk\" target='_blank' >SITIO WEB<\/a><\/div>[\/vc_column][\/vc_row]<\/p>\n","protected":false},"excerpt":{"rendered":"<p>[vc_row tlg_text_align=\u00bbtext-center\u00bb][vc_column][vc_single_image image=\u00bb4858&#8243; img_size=\u00bbmedium\u00bb alignment=\u00bbcenter\u00bb][vc_column_text]EU15 Ltd es una consultora de gesti\u00f3n profesional, formaci\u00f3n y desarrollo de&#8230;<\/p>\n","protected":false},"author":4,"featured_media":4834,"parent":0,"menu_order":0,"comment_status":"closed","ping_status":"closed","template":"","meta":[],"yoast_head":"<!-- This site is optimized with the Yoast SEO plugin v19.11 - https:\/\/yoast.com\/wordpress\/plugins\/seo\/ -->\n<title>EU15 Ltd - LBC<\/title>\n<meta name=\"robots\" content=\"index, follow, max-snippet:-1, max-image-preview:large, max-video-preview:-1\" \/>\n<link rel=\"canonical\" href=\"https:\/\/lbc.conform.it\/partnership-eu15\/?lang=es\" \/>\n<meta property=\"og:locale\" content=\"es_ES\" \/>\n<meta property=\"og:type\" content=\"article\" \/>\n<meta property=\"og:title\" content=\"EU15 Ltd - LBC\" \/>\n<meta property=\"og:description\" content=\"[vc_row tlg_text_align=\u00bbtext-center\u00bb][vc_column][vc_single_image image=\u00bb4858&#8243; img_size=\u00bbmedium\u00bb alignment=\u00bbcenter\u00bb][vc_column_text]EU15 Ltd es una consultora de gesti\u00f3n profesional, formaci\u00f3n y desarrollo de...\" \/>\n<meta property=\"og:url\" content=\"https:\/\/lbc.conform.it\/partnership-eu15\/?lang=es\" \/>\n<meta property=\"og:site_name\" content=\"LBC\" \/>\n<meta property=\"article:publisher\" content=\"https:\/\/www.facebook.com\/conformscarl\/\" \/>\n<meta property=\"article:modified_time\" content=\"2020-10-01T12:49:26+00:00\" \/>\n<meta property=\"og:image\" content=\"https:\/\/lbc.conform.it\/wp-content\/uploads\/2020\/02\/partner.png\" \/>\n\t<meta property=\"og:image:width\" content=\"5482\" \/>\n\t<meta property=\"og:image:height\" content=\"3660\" \/>\n\t<meta property=\"og:image:type\" content=\"image\/png\" \/>\n<meta name=\"twitter:card\" content=\"summary_large_image\" \/>\n<meta name=\"twitter:site\" content=\"@conformscarl\" \/>\n<meta name=\"twitter:label1\" content=\"Tiempo de lectura\" \/>\n\t<meta name=\"twitter:data1\" content=\"2 minutos\" \/>\n<script type=\"application\/ld+json\" class=\"yoast-schema-graph\">{\"@context\":\"https:\/\/schema.org\",\"@graph\":[{\"@type\":\"WebPage\",\"@id\":\"https:\/\/lbc.conform.it\/partnership-eu15\/?lang=es\",\"url\":\"https:\/\/lbc.conform.it\/partnership-eu15\/?lang=es\",\"name\":\"EU15 Ltd - LBC\",\"isPartOf\":{\"@id\":\"https:\/\/lbc.conform.it\/#website\"},\"datePublished\":\"2020-02-27T16:45:25+00:00\",\"dateModified\":\"2020-10-01T12:49:26+00:00\",\"breadcrumb\":{\"@id\":\"https:\/\/lbc.conform.it\/partnership-eu15\/?lang=es#breadcrumb\"},\"inLanguage\":\"es\",\"potentialAction\":[{\"@type\":\"ReadAction\",\"target\":[\"https:\/\/lbc.conform.it\/partnership-eu15\/?lang=es\"]}]},{\"@type\":\"BreadcrumbList\",\"@id\":\"https:\/\/lbc.conform.it\/partnership-eu15\/?lang=es#breadcrumb\",\"itemListElement\":[{\"@type\":\"ListItem\",\"position\":1,\"name\":\"Home\",\"item\":\"https:\/\/lbc.conform.it\/es\/\"},{\"@type\":\"ListItem\",\"position\":2,\"name\":\"EU15 Ltd\"}]},{\"@type\":\"WebSite\",\"@id\":\"https:\/\/lbc.conform.it\/#website\",\"url\":\"https:\/\/lbc.conform.it\/\",\"name\":\"LBC\",\"description\":\"LEARNING BY COMPETING\",\"potentialAction\":[{\"@type\":\"SearchAction\",\"target\":{\"@type\":\"EntryPoint\",\"urlTemplate\":\"https:\/\/lbc.conform.it\/?s={search_term_string}\"},\"query-input\":\"required name=search_term_string\"}],\"inLanguage\":\"es\"}]}<\/script>\n<!-- \/ Yoast SEO plugin. -->","yoast_head_json":{"title":"EU15 Ltd - LBC","robots":{"index":"index","follow":"follow","max-snippet":"max-snippet:-1","max-image-preview":"max-image-preview:large","max-video-preview":"max-video-preview:-1"},"canonical":"https:\/\/lbc.conform.it\/partnership-eu15\/?lang=es","og_locale":"es_ES","og_type":"article","og_title":"EU15 Ltd - LBC","og_description":"[vc_row tlg_text_align=\u00bbtext-center\u00bb][vc_column][vc_single_image image=\u00bb4858&#8243; img_size=\u00bbmedium\u00bb alignment=\u00bbcenter\u00bb][vc_column_text]EU15 Ltd es una consultora de gesti\u00f3n profesional, formaci\u00f3n y desarrollo de...","og_url":"https:\/\/lbc.conform.it\/partnership-eu15\/?lang=es","og_site_name":"LBC","article_publisher":"https:\/\/www.facebook.com\/conformscarl\/","article_modified_time":"2020-10-01T12:49:26+00:00","og_image":[{"width":5482,"height":3660,"url":"https:\/\/lbc.conform.it\/wp-content\/uploads\/2020\/02\/partner.png","type":"image\/png"}],"twitter_card":"summary_large_image","twitter_site":"@conformscarl","twitter_misc":{"Tiempo de lectura":"2 minutos"},"schema":{"@context":"https:\/\/schema.org","@graph":[{"@type":"WebPage","@id":"https:\/\/lbc.conform.it\/partnership-eu15\/?lang=es","url":"https:\/\/lbc.conform.it\/partnership-eu15\/?lang=es","name":"EU15 Ltd - LBC","isPartOf":{"@id":"https:\/\/lbc.conform.it\/#website"},"datePublished":"2020-02-27T16:45:25+00:00","dateModified":"2020-10-01T12:49:26+00:00","breadcrumb":{"@id":"https:\/\/lbc.conform.it\/partnership-eu15\/?lang=es#breadcrumb"},"inLanguage":"es","potentialAction":[{"@type":"ReadAction","target":["https:\/\/lbc.conform.it\/partnership-eu15\/?lang=es"]}]},{"@type":"BreadcrumbList","@id":"https:\/\/lbc.conform.it\/partnership-eu15\/?lang=es#breadcrumb","itemListElement":[{"@type":"ListItem","position":1,"name":"Home","item":"https:\/\/lbc.conform.it\/es\/"},{"@type":"ListItem","position":2,"name":"EU15 Ltd"}]},{"@type":"WebSite","@id":"https:\/\/lbc.conform.it\/#website","url":"https:\/\/lbc.conform.it\/","name":"LBC","description":"LEARNING BY COMPETING","potentialAction":[{"@type":"SearchAction","target":{"@type":"EntryPoint","urlTemplate":"https:\/\/lbc.conform.it\/?s={search_term_string}"},"query-input":"required name=search_term_string"}],"inLanguage":"es"}]}},"_links":{"self":[{"href":"https:\/\/lbc.conform.it\/es\/wp-json\/wp\/v2\/pages\/4857"}],"collection":[{"href":"https:\/\/lbc.conform.it\/es\/wp-json\/wp\/v2\/pages"}],"about":[{"href":"https:\/\/lbc.conform.it\/es\/wp-json\/wp\/v2\/types\/page"}],"author":[{"embeddable":true,"href":"https:\/\/lbc.conform.it\/es\/wp-json\/wp\/v2\/users\/4"}],"replies":[{"embeddable":true,"href":"https:\/\/lbc.conform.it\/es\/wp-json\/wp\/v2\/comments?post=4857"}],"version-history":[{"count":4,"href":"https:\/\/lbc.conform.it\/es\/wp-json\/wp\/v2\/pages\/4857\/revisions"}],"predecessor-version":[{"id":4863,"href":"https:\/\/lbc.conform.it\/es\/wp-json\/wp\/v2\/pages\/4857\/revisions\/4863"}],"wp:featuredmedia":[{"embeddable":true,"href":"https:\/\/lbc.conform.it\/es\/wp-json\/wp\/v2\/media\/4834"}],"wp:attachment":[{"href":"https:\/\/lbc.conform.it\/es\/wp-json\/wp\/v2\/media?parent=4857"}],"curies":[{"name":"wp","href":"https:\/\/api.w.org\/{rel}","templated":true}]}}