{"id":4844,"date":"2020-10-01T12:37:56","date_gmt":"2020-10-01T12:37:56","guid":{"rendered":"https:\/\/lbc.conform.it\/?page_id=4844"},"modified":"2020-10-01T13:00:39","modified_gmt":"2020-10-01T13:00:39","slug":"conform-s-c-a-r-l","status":"publish","type":"page","link":"https:\/\/lbc.conform.it\/es\/conform-s-c-a-r-l\/","title":{"rendered":"CONFORM S.c.a.r.l."},"content":{"rendered":"<p>[vc_row tlg_text_align=\u00bbtext-center\u00bb][vc_column][vc_single_image image=\u00bb4847&#8243; img_size=\u00bbmedium\u00bb alignment=\u00bbcenter\u00bb]<div class=\"tlg-spacer\" data-height=\"20\" data-height-tablet=\"20\" data-height-mobile=\"20\" style=\"clear:both;display:block;height:20px;\"><\/div>[vc_column_text]CONFORM &#8211; Consulenza, Formazione e Management S.c.a.r.l. Lleva m\u00e1s de 20 a\u00f1os trabajando a nivel nacional e internacional. Promueve y desarrolla importantes proyectos de investigaci\u00f3n y planes de formaci\u00f3n con formatos y soluciones innovadores en el aula, aprendizaje experiencial y e-learning. Brinda consultor\u00eda y asistencia t\u00e9cnica a las empresas y al Sector P\u00fablico, con el apoyo de personal experimentado y un equipo consolidado de formadores, consultores, profesionales, gerentes y emprendedores, que han participado en numerosas experiencias exitosas.<\/p>\n<p>Tiene una experiencia significativa en:<\/p>\n<ul>\n<li>Valorizaci\u00f3n y desarrollo del turismo, la artesan\u00eda antigua, la artesan\u00eda tradicional y los productos locales, con acciones de marketing territorial y acciones de sensibilizaci\u00f3n social y cultural.<\/li>\n<li>Dise\u00f1o y coproducci\u00f3n de trabajos cinematogr\u00e1ficos, videos emocionales, videos narrativos, reportajes, storytelling<\/li>\n<li>Desarrollo de plataformas sociales y e-learning, para promover informaci\u00f3n 2.0 \/ 3.0, debate, di\u00e1logo e interacci\u00f3n con otras redes sociales, aprendizaje informal con acceso a trav\u00e9s de credenciales a paquetes multimedia estructurados desarrollados con t\u00e9cnicas de pensamiento visual y el uso de animaciones 2D \/ 3D, juegos empresariales interactivos, videotutoriales, etc.<\/li>\n<li>Creaci\u00f3n de portales y productos editoriales 2.0 \/ 3.0<\/li>\n<li>Estrategias y campa\u00f1as de Social Media Marketing<\/li>\n<li>Concepci\u00f3n y dise\u00f1o de la Identidad de Marca digital<\/li>\n<\/ul>\n<p>[\/vc_column_text]<div class=\"tlg-spacer\" data-height=\"20\" data-height-tablet=\"20\" data-height-mobile=\"20\" style=\"clear:both;display:block;height:20px;\"><\/div><div class=\"\"><a  id=\"btn-69d40f6073a90\" class=\"btn btn-filled btn-rounded  ti-arrow-right  btn-sm-sm\" href= \"http:\/\/www.conform.it\" target='_blank' >SITIO WEB<\/a><\/div>[\/vc_column][\/vc_row]<\/p>\n","protected":false},"excerpt":{"rendered":"<p>[vc_row tlg_text_align=\u00bbtext-center\u00bb][vc_column][vc_single_image image=\u00bb4847&#8243; img_size=\u00bbmedium\u00bb alignment=\u00bbcenter\u00bb][vc_column_text]CONFORM &#8211; Consulenza, Formazione e Management S.c.a.r.l. Lleva m\u00e1s de 20 a\u00f1os&#8230;<\/p>\n","protected":false},"author":4,"featured_media":4603,"parent":0,"menu_order":0,"comment_status":"closed","ping_status":"closed","template":"","meta":[],"yoast_head":"<!-- This site is optimized with the Yoast SEO plugin v19.11 - https:\/\/yoast.com\/wordpress\/plugins\/seo\/ -->\n<title>CONFORM S.c.a.r.l. - LBC<\/title>\n<meta name=\"robots\" content=\"index, follow, max-snippet:-1, max-image-preview:large, max-video-preview:-1\" \/>\n<link rel=\"canonical\" href=\"https:\/\/lbc.conform.it\/conform-s-c-a-r-l\/?lang=es\" \/>\n<meta property=\"og:locale\" content=\"es_ES\" \/>\n<meta property=\"og:type\" content=\"article\" \/>\n<meta property=\"og:title\" content=\"CONFORM S.c.a.r.l. - LBC\" \/>\n<meta property=\"og:description\" content=\"[vc_row tlg_text_align=\u00bbtext-center\u00bb][vc_column][vc_single_image image=\u00bb4847&#8243; img_size=\u00bbmedium\u00bb alignment=\u00bbcenter\u00bb][vc_column_text]CONFORM &#8211; Consulenza, Formazione e Management S.c.a.r.l. Lleva m\u00e1s de 20 a\u00f1os...\" \/>\n<meta property=\"og:url\" content=\"https:\/\/lbc.conform.it\/conform-s-c-a-r-l\/?lang=es\" \/>\n<meta property=\"og:site_name\" content=\"LBC\" \/>\n<meta property=\"article:publisher\" content=\"https:\/\/www.facebook.com\/conformscarl\/\" \/>\n<meta property=\"article:modified_time\" content=\"2020-10-01T13:00:39+00:00\" \/>\n<meta property=\"og:image\" content=\"https:\/\/lbc.conform.it\/wp-content\/uploads\/2020\/09\/partner.png\" \/>\n\t<meta property=\"og:image:width\" content=\"5482\" \/>\n\t<meta property=\"og:image:height\" content=\"3660\" \/>\n\t<meta property=\"og:image:type\" content=\"image\/png\" \/>\n<meta name=\"twitter:card\" content=\"summary_large_image\" \/>\n<meta name=\"twitter:site\" content=\"@conformscarl\" \/>\n<meta name=\"twitter:label1\" content=\"Tiempo de lectura\" \/>\n\t<meta name=\"twitter:data1\" content=\"1 minuto\" \/>\n<script type=\"application\/ld+json\" class=\"yoast-schema-graph\">{\"@context\":\"https:\/\/schema.org\",\"@graph\":[{\"@type\":\"WebPage\",\"@id\":\"https:\/\/lbc.conform.it\/conform-s-c-a-r-l\/?lang=es\",\"url\":\"https:\/\/lbc.conform.it\/conform-s-c-a-r-l\/?lang=es\",\"name\":\"CONFORM S.c.a.r.l. - LBC\",\"isPartOf\":{\"@id\":\"https:\/\/lbc.conform.it\/#website\"},\"datePublished\":\"2020-10-01T12:37:56+00:00\",\"dateModified\":\"2020-10-01T13:00:39+00:00\",\"breadcrumb\":{\"@id\":\"https:\/\/lbc.conform.it\/conform-s-c-a-r-l\/?lang=es#breadcrumb\"},\"inLanguage\":\"es\",\"potentialAction\":[{\"@type\":\"ReadAction\",\"target\":[\"https:\/\/lbc.conform.it\/conform-s-c-a-r-l\/?lang=es\"]}]},{\"@type\":\"BreadcrumbList\",\"@id\":\"https:\/\/lbc.conform.it\/conform-s-c-a-r-l\/?lang=es#breadcrumb\",\"itemListElement\":[{\"@type\":\"ListItem\",\"position\":1,\"name\":\"Home\",\"item\":\"https:\/\/lbc.conform.it\/es\/\"},{\"@type\":\"ListItem\",\"position\":2,\"name\":\"CONFORM S.c.a.r.l.\"}]},{\"@type\":\"WebSite\",\"@id\":\"https:\/\/lbc.conform.it\/#website\",\"url\":\"https:\/\/lbc.conform.it\/\",\"name\":\"LBC\",\"description\":\"LEARNING BY COMPETING\",\"potentialAction\":[{\"@type\":\"SearchAction\",\"target\":{\"@type\":\"EntryPoint\",\"urlTemplate\":\"https:\/\/lbc.conform.it\/?s={search_term_string}\"},\"query-input\":\"required name=search_term_string\"}],\"inLanguage\":\"es\"}]}<\/script>\n<!-- \/ Yoast SEO plugin. -->","yoast_head_json":{"title":"CONFORM S.c.a.r.l. - LBC","robots":{"index":"index","follow":"follow","max-snippet":"max-snippet:-1","max-image-preview":"max-image-preview:large","max-video-preview":"max-video-preview:-1"},"canonical":"https:\/\/lbc.conform.it\/conform-s-c-a-r-l\/?lang=es","og_locale":"es_ES","og_type":"article","og_title":"CONFORM S.c.a.r.l. - LBC","og_description":"[vc_row tlg_text_align=\u00bbtext-center\u00bb][vc_column][vc_single_image image=\u00bb4847&#8243; img_size=\u00bbmedium\u00bb alignment=\u00bbcenter\u00bb][vc_column_text]CONFORM &#8211; Consulenza, Formazione e Management S.c.a.r.l. Lleva m\u00e1s de 20 a\u00f1os...","og_url":"https:\/\/lbc.conform.it\/conform-s-c-a-r-l\/?lang=es","og_site_name":"LBC","article_publisher":"https:\/\/www.facebook.com\/conformscarl\/","article_modified_time":"2020-10-01T13:00:39+00:00","og_image":[{"width":5482,"height":3660,"url":"https:\/\/lbc.conform.it\/wp-content\/uploads\/2020\/09\/partner.png","type":"image\/png"}],"twitter_card":"summary_large_image","twitter_site":"@conformscarl","twitter_misc":{"Tiempo de lectura":"1 minuto"},"schema":{"@context":"https:\/\/schema.org","@graph":[{"@type":"WebPage","@id":"https:\/\/lbc.conform.it\/conform-s-c-a-r-l\/?lang=es","url":"https:\/\/lbc.conform.it\/conform-s-c-a-r-l\/?lang=es","name":"CONFORM S.c.a.r.l. - LBC","isPartOf":{"@id":"https:\/\/lbc.conform.it\/#website"},"datePublished":"2020-10-01T12:37:56+00:00","dateModified":"2020-10-01T13:00:39+00:00","breadcrumb":{"@id":"https:\/\/lbc.conform.it\/conform-s-c-a-r-l\/?lang=es#breadcrumb"},"inLanguage":"es","potentialAction":[{"@type":"ReadAction","target":["https:\/\/lbc.conform.it\/conform-s-c-a-r-l\/?lang=es"]}]},{"@type":"BreadcrumbList","@id":"https:\/\/lbc.conform.it\/conform-s-c-a-r-l\/?lang=es#breadcrumb","itemListElement":[{"@type":"ListItem","position":1,"name":"Home","item":"https:\/\/lbc.conform.it\/es\/"},{"@type":"ListItem","position":2,"name":"CONFORM S.c.a.r.l."}]},{"@type":"WebSite","@id":"https:\/\/lbc.conform.it\/#website","url":"https:\/\/lbc.conform.it\/","name":"LBC","description":"LEARNING BY COMPETING","potentialAction":[{"@type":"SearchAction","target":{"@type":"EntryPoint","urlTemplate":"https:\/\/lbc.conform.it\/?s={search_term_string}"},"query-input":"required name=search_term_string"}],"inLanguage":"es"}]}},"_links":{"self":[{"href":"https:\/\/lbc.conform.it\/es\/wp-json\/wp\/v2\/pages\/4844"}],"collection":[{"href":"https:\/\/lbc.conform.it\/es\/wp-json\/wp\/v2\/pages"}],"about":[{"href":"https:\/\/lbc.conform.it\/es\/wp-json\/wp\/v2\/types\/page"}],"author":[{"embeddable":true,"href":"https:\/\/lbc.conform.it\/es\/wp-json\/wp\/v2\/users\/4"}],"replies":[{"embeddable":true,"href":"https:\/\/lbc.conform.it\/es\/wp-json\/wp\/v2\/comments?post=4844"}],"version-history":[{"count":3,"href":"https:\/\/lbc.conform.it\/es\/wp-json\/wp\/v2\/pages\/4844\/revisions"}],"predecessor-version":[{"id":4849,"href":"https:\/\/lbc.conform.it\/es\/wp-json\/wp\/v2\/pages\/4844\/revisions\/4849"}],"wp:featuredmedia":[{"embeddable":true,"href":"https:\/\/lbc.conform.it\/es\/wp-json\/wp\/v2\/media\/4603"}],"wp:attachment":[{"href":"https:\/\/lbc.conform.it\/es\/wp-json\/wp\/v2\/media?parent=4844"}],"curies":[{"name":"wp","href":"https:\/\/api.w.org\/{rel}","templated":true}]}}