{"id":4841,"date":"2020-10-01T12:32:03","date_gmt":"2020-10-01T12:32:03","guid":{"rendered":"https:\/\/lbc.conform.it\/?page_id=4841"},"modified":"2020-10-01T12:58:39","modified_gmt":"2020-10-01T12:58:39","slug":"ovar-forma","status":"publish","type":"page","link":"https:\/\/lbc.conform.it\/es\/ovar-forma\/","title":{"rendered":"Ovar Forma &#8211; Ensino e Forma\u00e7\u00e3o Lda."},"content":{"rendered":"<p>[vc_row tlg_text_align=\u00bbtext-center\u00bb][vc_column][vc_single_image image=\u00bb4400&#8243; img_size=\u00bbmedium\u00bb alignment=\u00bbcenter\u00bb]<div class=\"tlg-spacer\" data-height=\"20\" data-height-tablet=\"20\" data-height-mobile=\"20\" style=\"clear:both;display:block;height:20px;\"><\/div>[vc_column_text]Ovar Forma es el propietario de la Escola Profissional de Cortega\u00e7a, una escuela de FP. Tiene como objetivo desarrollar el aprendizaje, la investigaci\u00f3n y la formaci\u00f3n para contribuir al desarrollo de la ciudadan\u00eda a trav\u00e9s de una adecuada preparaci\u00f3n a la vida profesional activa; promover el acercamiento entre escuelas y empresas; analizar las necesidades regionales en t\u00e9rminos de aprendizaje; promover oportunidades de aprendizaje y cooperar con las instituciones nacionales y extranjeras en el desarrollo de la FP. Progresivamente, la cualificaci\u00f3n profesional brindada por la instituci\u00f3n se convirti\u00f3 en un importante medio para enfrentar un mercado cada vez m\u00e1s competitivo, que demanda recursos humanos m\u00e1s cualificados. Esta instituci\u00f3n da respuesta a esta nueva necesidad, permitiendo a los estudiantes obtener una preparaci\u00f3n m\u00e1s orientada al mundo laboral.[\/vc_column_text]<div class=\"tlg-spacer\" data-height=\"20\" data-height-tablet=\"20\" data-height-mobile=\"20\" style=\"clear:both;display:block;height:20px;\"><\/div><div class=\"\"><a  id=\"btn-69f3dc9d94dce\" class=\"btn btn-filled btn-rounded  ti-arrow-right  btn-sm-sm\" href= \"http:\/\/www.eprofcor.com\" target='_blank' >SITIO WEB<\/a><\/div>[\/vc_column][\/vc_row]<\/p>\n","protected":false},"excerpt":{"rendered":"<p>[vc_row tlg_text_align=\u00bbtext-center\u00bb][vc_column][vc_single_image image=\u00bb4400&#8243; img_size=\u00bbmedium\u00bb alignment=\u00bbcenter\u00bb][vc_column_text]Ovar Forma es el propietario de la Escola Profissional de Cortega\u00e7a, una&#8230;<\/p>\n","protected":false},"author":4,"featured_media":4834,"parent":0,"menu_order":0,"comment_status":"closed","ping_status":"closed","template":"","meta":[],"yoast_head":"<!-- This site is optimized with the Yoast SEO plugin v19.11 - https:\/\/yoast.com\/wordpress\/plugins\/seo\/ -->\n<title>Ovar Forma - Ensino e Forma\u00e7\u00e3o Lda. - LBC<\/title>\n<meta name=\"robots\" content=\"index, follow, max-snippet:-1, max-image-preview:large, max-video-preview:-1\" \/>\n<link rel=\"canonical\" href=\"https:\/\/lbc.conform.it\/ovar-forma\/?lang=es\" \/>\n<meta property=\"og:locale\" content=\"es_ES\" \/>\n<meta property=\"og:type\" content=\"article\" \/>\n<meta property=\"og:title\" content=\"Ovar Forma - Ensino e Forma\u00e7\u00e3o Lda. - LBC\" \/>\n<meta property=\"og:description\" content=\"[vc_row tlg_text_align=\u00bbtext-center\u00bb][vc_column][vc_single_image image=\u00bb4400&#8243; img_size=\u00bbmedium\u00bb alignment=\u00bbcenter\u00bb][vc_column_text]Ovar Forma es el propietario de la Escola Profissional de Cortega\u00e7a, una...\" \/>\n<meta property=\"og:url\" content=\"https:\/\/lbc.conform.it\/ovar-forma\/?lang=es\" \/>\n<meta property=\"og:site_name\" content=\"LBC\" \/>\n<meta property=\"article:publisher\" content=\"https:\/\/www.facebook.com\/conformscarl\/\" \/>\n<meta property=\"article:modified_time\" content=\"2020-10-01T12:58:39+00:00\" \/>\n<meta property=\"og:image\" content=\"https:\/\/lbc.conform.it\/wp-content\/uploads\/2020\/02\/partner.png\" \/>\n\t<meta property=\"og:image:width\" content=\"5482\" \/>\n\t<meta property=\"og:image:height\" content=\"3660\" \/>\n\t<meta property=\"og:image:type\" content=\"image\/png\" \/>\n<meta name=\"twitter:card\" content=\"summary_large_image\" \/>\n<meta name=\"twitter:site\" content=\"@conformscarl\" \/>\n<meta name=\"twitter:label1\" content=\"Tiempo de lectura\" \/>\n\t<meta name=\"twitter:data1\" content=\"1 minuto\" \/>\n<script type=\"application\/ld+json\" class=\"yoast-schema-graph\">{\"@context\":\"https:\/\/schema.org\",\"@graph\":[{\"@type\":\"WebPage\",\"@id\":\"https:\/\/lbc.conform.it\/ovar-forma\/?lang=es\",\"url\":\"https:\/\/lbc.conform.it\/ovar-forma\/?lang=es\",\"name\":\"Ovar Forma - Ensino e Forma\u00e7\u00e3o Lda. - LBC\",\"isPartOf\":{\"@id\":\"https:\/\/lbc.conform.it\/#website\"},\"datePublished\":\"2020-10-01T12:32:03+00:00\",\"dateModified\":\"2020-10-01T12:58:39+00:00\",\"breadcrumb\":{\"@id\":\"https:\/\/lbc.conform.it\/ovar-forma\/?lang=es#breadcrumb\"},\"inLanguage\":\"es\",\"potentialAction\":[{\"@type\":\"ReadAction\",\"target\":[\"https:\/\/lbc.conform.it\/ovar-forma\/?lang=es\"]}]},{\"@type\":\"BreadcrumbList\",\"@id\":\"https:\/\/lbc.conform.it\/ovar-forma\/?lang=es#breadcrumb\",\"itemListElement\":[{\"@type\":\"ListItem\",\"position\":1,\"name\":\"Home\",\"item\":\"https:\/\/lbc.conform.it\/es\/\"},{\"@type\":\"ListItem\",\"position\":2,\"name\":\"Ovar Forma &#8211; Ensino e Forma\u00e7\u00e3o Lda.\"}]},{\"@type\":\"WebSite\",\"@id\":\"https:\/\/lbc.conform.it\/#website\",\"url\":\"https:\/\/lbc.conform.it\/\",\"name\":\"LBC\",\"description\":\"LEARNING BY COMPETING\",\"potentialAction\":[{\"@type\":\"SearchAction\",\"target\":{\"@type\":\"EntryPoint\",\"urlTemplate\":\"https:\/\/lbc.conform.it\/?s={search_term_string}\"},\"query-input\":\"required name=search_term_string\"}],\"inLanguage\":\"es\"}]}<\/script>\n<!-- \/ Yoast SEO plugin. -->","yoast_head_json":{"title":"Ovar Forma - Ensino e Forma\u00e7\u00e3o Lda. - LBC","robots":{"index":"index","follow":"follow","max-snippet":"max-snippet:-1","max-image-preview":"max-image-preview:large","max-video-preview":"max-video-preview:-1"},"canonical":"https:\/\/lbc.conform.it\/ovar-forma\/?lang=es","og_locale":"es_ES","og_type":"article","og_title":"Ovar Forma - Ensino e Forma\u00e7\u00e3o Lda. - LBC","og_description":"[vc_row tlg_text_align=\u00bbtext-center\u00bb][vc_column][vc_single_image image=\u00bb4400&#8243; img_size=\u00bbmedium\u00bb alignment=\u00bbcenter\u00bb][vc_column_text]Ovar Forma es el propietario de la Escola Profissional de Cortega\u00e7a, una...","og_url":"https:\/\/lbc.conform.it\/ovar-forma\/?lang=es","og_site_name":"LBC","article_publisher":"https:\/\/www.facebook.com\/conformscarl\/","article_modified_time":"2020-10-01T12:58:39+00:00","og_image":[{"width":5482,"height":3660,"url":"https:\/\/lbc.conform.it\/wp-content\/uploads\/2020\/02\/partner.png","type":"image\/png"}],"twitter_card":"summary_large_image","twitter_site":"@conformscarl","twitter_misc":{"Tiempo de lectura":"1 minuto"},"schema":{"@context":"https:\/\/schema.org","@graph":[{"@type":"WebPage","@id":"https:\/\/lbc.conform.it\/ovar-forma\/?lang=es","url":"https:\/\/lbc.conform.it\/ovar-forma\/?lang=es","name":"Ovar Forma - Ensino e Forma\u00e7\u00e3o Lda. - LBC","isPartOf":{"@id":"https:\/\/lbc.conform.it\/#website"},"datePublished":"2020-10-01T12:32:03+00:00","dateModified":"2020-10-01T12:58:39+00:00","breadcrumb":{"@id":"https:\/\/lbc.conform.it\/ovar-forma\/?lang=es#breadcrumb"},"inLanguage":"es","potentialAction":[{"@type":"ReadAction","target":["https:\/\/lbc.conform.it\/ovar-forma\/?lang=es"]}]},{"@type":"BreadcrumbList","@id":"https:\/\/lbc.conform.it\/ovar-forma\/?lang=es#breadcrumb","itemListElement":[{"@type":"ListItem","position":1,"name":"Home","item":"https:\/\/lbc.conform.it\/es\/"},{"@type":"ListItem","position":2,"name":"Ovar Forma &#8211; Ensino e Forma\u00e7\u00e3o Lda."}]},{"@type":"WebSite","@id":"https:\/\/lbc.conform.it\/#website","url":"https:\/\/lbc.conform.it\/","name":"LBC","description":"LEARNING BY COMPETING","potentialAction":[{"@type":"SearchAction","target":{"@type":"EntryPoint","urlTemplate":"https:\/\/lbc.conform.it\/?s={search_term_string}"},"query-input":"required name=search_term_string"}],"inLanguage":"es"}]}},"_links":{"self":[{"href":"https:\/\/lbc.conform.it\/es\/wp-json\/wp\/v2\/pages\/4841"}],"collection":[{"href":"https:\/\/lbc.conform.it\/es\/wp-json\/wp\/v2\/pages"}],"about":[{"href":"https:\/\/lbc.conform.it\/es\/wp-json\/wp\/v2\/types\/page"}],"author":[{"embeddable":true,"href":"https:\/\/lbc.conform.it\/es\/wp-json\/wp\/v2\/users\/4"}],"replies":[{"embeddable":true,"href":"https:\/\/lbc.conform.it\/es\/wp-json\/wp\/v2\/comments?post=4841"}],"version-history":[{"count":2,"href":"https:\/\/lbc.conform.it\/es\/wp-json\/wp\/v2\/pages\/4841\/revisions"}],"predecessor-version":[{"id":4843,"href":"https:\/\/lbc.conform.it\/es\/wp-json\/wp\/v2\/pages\/4841\/revisions\/4843"}],"wp:featuredmedia":[{"embeddable":true,"href":"https:\/\/lbc.conform.it\/es\/wp-json\/wp\/v2\/media\/4834"}],"wp:attachment":[{"href":"https:\/\/lbc.conform.it\/es\/wp-json\/wp\/v2\/media?parent=4841"}],"curies":[{"name":"wp","href":"https:\/\/api.w.org\/{rel}","templated":true}]}}