{"id":4836,"date":"2020-10-01T12:30:31","date_gmt":"2020-10-01T12:30:31","guid":{"rendered":"https:\/\/lbc.conform.it\/?page_id=4836"},"modified":"2020-10-01T12:59:42","modified_gmt":"2020-10-01T12:59:42","slug":"ceprof","status":"publish","type":"page","link":"https:\/\/lbc.conform.it\/es\/ceprof\/","title":{"rendered":"CEPROF"},"content":{"rendered":"<p>[vc_row tlg_text_align=\u00bbtext-center\u00bb][vc_column][vc_single_image image=\u00bb4833&#8243; img_size=\u00bbmedium\u00bb alignment=\u00bbcenter\u00bb]<div class=\"tlg-spacer\" data-height=\"20\" data-height-tablet=\"20\" data-height-mobile=\"20\" style=\"clear:both;display:block;height:20px;\"><\/div>[vc_column_text]CEPROF es titular de la \u201cEscola Profissional de Espinho\u201d, un centro de FP y fue fundada en 1990. Su vocaci\u00f3n es la promoci\u00f3n de centros escolares y escuelas de formaci\u00f3n profesional. Su objetivo es contribuir a las habilidades personales y profesionales de los alumnos, prepar\u00e1ndolos para el mercado laboral. Promueve el acercamiento entre escuelas y empresas y brinda oportunidades de aprendizaje de acuerdo con las necesidades locales y nacionales. Las principales \u00e1reas de enfoque de formaci\u00f3n son las relacionadas con el sector del Turismo, para apoyar las demandas de esta Industria en las regiones costeras de Aveiro y Porto. El enfoque en la tecnolog\u00eda tambi\u00e9n es muy importante, especialmente en Mecatr\u00f3nica y Electr\u00f3nica para respaldar la regi\u00f3n de industria pesada de Porto-Gaia-Ovar. Se anima a los estudiantes a participar en concursos para presentar ideas innovadoras, que les permitan desarrollar la creatividad y el emprendimiento.[\/vc_column_text]<div class=\"tlg-spacer\" data-height=\"20\" data-height-tablet=\"20\" data-height-mobile=\"20\" style=\"clear:both;display:block;height:20px;\"><\/div><div class=\"\"><a  id=\"btn-69d3f46fec46d\" class=\"btn btn-filled btn-rounded  ti-arrow-right  btn-sm-sm\" href= \"http:\/\/espe.pt\/\" target='_blank' >SITIO WEB<\/a><\/div>[\/vc_column][\/vc_row]<\/p>\n","protected":false},"excerpt":{"rendered":"<p>[vc_row tlg_text_align=\u00bbtext-center\u00bb][vc_column][vc_single_image image=\u00bb4833&#8243; img_size=\u00bbmedium\u00bb alignment=\u00bbcenter\u00bb][vc_column_text]CEPROF es titular de la \u201cEscola Profissional de Espinho\u201d, un centro de&#8230;<\/p>\n","protected":false},"author":4,"featured_media":4603,"parent":0,"menu_order":0,"comment_status":"closed","ping_status":"closed","template":"","meta":[],"yoast_head":"<!-- This site is optimized with the Yoast SEO plugin v19.11 - https:\/\/yoast.com\/wordpress\/plugins\/seo\/ -->\n<title>CEPROF - LBC<\/title>\n<meta name=\"robots\" content=\"index, follow, max-snippet:-1, max-image-preview:large, max-video-preview:-1\" \/>\n<link rel=\"canonical\" href=\"https:\/\/lbc.conform.it\/ceprof\/?lang=es\" \/>\n<meta property=\"og:locale\" content=\"es_ES\" \/>\n<meta property=\"og:type\" content=\"article\" \/>\n<meta property=\"og:title\" content=\"CEPROF - LBC\" \/>\n<meta property=\"og:description\" content=\"[vc_row tlg_text_align=\u00bbtext-center\u00bb][vc_column][vc_single_image image=\u00bb4833&#8243; img_size=\u00bbmedium\u00bb alignment=\u00bbcenter\u00bb][vc_column_text]CEPROF es titular de la \u201cEscola Profissional de Espinho\u201d, un centro de...\" \/>\n<meta property=\"og:url\" content=\"https:\/\/lbc.conform.it\/ceprof\/?lang=es\" \/>\n<meta property=\"og:site_name\" content=\"LBC\" \/>\n<meta property=\"article:publisher\" content=\"https:\/\/www.facebook.com\/conformscarl\/\" \/>\n<meta property=\"article:modified_time\" content=\"2020-10-01T12:59:42+00:00\" \/>\n<meta property=\"og:image\" content=\"https:\/\/lbc.conform.it\/wp-content\/uploads\/2020\/09\/partner.png\" \/>\n\t<meta property=\"og:image:width\" content=\"5482\" \/>\n\t<meta property=\"og:image:height\" content=\"3660\" \/>\n\t<meta property=\"og:image:type\" content=\"image\/png\" \/>\n<meta name=\"twitter:card\" content=\"summary_large_image\" \/>\n<meta name=\"twitter:site\" content=\"@conformscarl\" \/>\n<meta name=\"twitter:label1\" content=\"Tiempo de lectura\" \/>\n\t<meta name=\"twitter:data1\" content=\"1 minuto\" \/>\n<script type=\"application\/ld+json\" class=\"yoast-schema-graph\">{\"@context\":\"https:\/\/schema.org\",\"@graph\":[{\"@type\":\"WebPage\",\"@id\":\"https:\/\/lbc.conform.it\/ceprof\/?lang=es\",\"url\":\"https:\/\/lbc.conform.it\/ceprof\/?lang=es\",\"name\":\"CEPROF - LBC\",\"isPartOf\":{\"@id\":\"https:\/\/lbc.conform.it\/#website\"},\"datePublished\":\"2020-10-01T12:30:31+00:00\",\"dateModified\":\"2020-10-01T12:59:42+00:00\",\"breadcrumb\":{\"@id\":\"https:\/\/lbc.conform.it\/ceprof\/?lang=es#breadcrumb\"},\"inLanguage\":\"es\",\"potentialAction\":[{\"@type\":\"ReadAction\",\"target\":[\"https:\/\/lbc.conform.it\/ceprof\/?lang=es\"]}]},{\"@type\":\"BreadcrumbList\",\"@id\":\"https:\/\/lbc.conform.it\/ceprof\/?lang=es#breadcrumb\",\"itemListElement\":[{\"@type\":\"ListItem\",\"position\":1,\"name\":\"Home\",\"item\":\"https:\/\/lbc.conform.it\/es\/\"},{\"@type\":\"ListItem\",\"position\":2,\"name\":\"CEPROF\"}]},{\"@type\":\"WebSite\",\"@id\":\"https:\/\/lbc.conform.it\/#website\",\"url\":\"https:\/\/lbc.conform.it\/\",\"name\":\"LBC\",\"description\":\"LEARNING BY COMPETING\",\"potentialAction\":[{\"@type\":\"SearchAction\",\"target\":{\"@type\":\"EntryPoint\",\"urlTemplate\":\"https:\/\/lbc.conform.it\/?s={search_term_string}\"},\"query-input\":\"required name=search_term_string\"}],\"inLanguage\":\"es\"}]}<\/script>\n<!-- \/ Yoast SEO plugin. -->","yoast_head_json":{"title":"CEPROF - LBC","robots":{"index":"index","follow":"follow","max-snippet":"max-snippet:-1","max-image-preview":"max-image-preview:large","max-video-preview":"max-video-preview:-1"},"canonical":"https:\/\/lbc.conform.it\/ceprof\/?lang=es","og_locale":"es_ES","og_type":"article","og_title":"CEPROF - LBC","og_description":"[vc_row tlg_text_align=\u00bbtext-center\u00bb][vc_column][vc_single_image image=\u00bb4833&#8243; img_size=\u00bbmedium\u00bb alignment=\u00bbcenter\u00bb][vc_column_text]CEPROF es titular de la \u201cEscola Profissional de Espinho\u201d, un centro de...","og_url":"https:\/\/lbc.conform.it\/ceprof\/?lang=es","og_site_name":"LBC","article_publisher":"https:\/\/www.facebook.com\/conformscarl\/","article_modified_time":"2020-10-01T12:59:42+00:00","og_image":[{"width":5482,"height":3660,"url":"https:\/\/lbc.conform.it\/wp-content\/uploads\/2020\/09\/partner.png","type":"image\/png"}],"twitter_card":"summary_large_image","twitter_site":"@conformscarl","twitter_misc":{"Tiempo de lectura":"1 minuto"},"schema":{"@context":"https:\/\/schema.org","@graph":[{"@type":"WebPage","@id":"https:\/\/lbc.conform.it\/ceprof\/?lang=es","url":"https:\/\/lbc.conform.it\/ceprof\/?lang=es","name":"CEPROF - LBC","isPartOf":{"@id":"https:\/\/lbc.conform.it\/#website"},"datePublished":"2020-10-01T12:30:31+00:00","dateModified":"2020-10-01T12:59:42+00:00","breadcrumb":{"@id":"https:\/\/lbc.conform.it\/ceprof\/?lang=es#breadcrumb"},"inLanguage":"es","potentialAction":[{"@type":"ReadAction","target":["https:\/\/lbc.conform.it\/ceprof\/?lang=es"]}]},{"@type":"BreadcrumbList","@id":"https:\/\/lbc.conform.it\/ceprof\/?lang=es#breadcrumb","itemListElement":[{"@type":"ListItem","position":1,"name":"Home","item":"https:\/\/lbc.conform.it\/es\/"},{"@type":"ListItem","position":2,"name":"CEPROF"}]},{"@type":"WebSite","@id":"https:\/\/lbc.conform.it\/#website","url":"https:\/\/lbc.conform.it\/","name":"LBC","description":"LEARNING BY COMPETING","potentialAction":[{"@type":"SearchAction","target":{"@type":"EntryPoint","urlTemplate":"https:\/\/lbc.conform.it\/?s={search_term_string}"},"query-input":"required name=search_term_string"}],"inLanguage":"es"}]}},"_links":{"self":[{"href":"https:\/\/lbc.conform.it\/es\/wp-json\/wp\/v2\/pages\/4836"}],"collection":[{"href":"https:\/\/lbc.conform.it\/es\/wp-json\/wp\/v2\/pages"}],"about":[{"href":"https:\/\/lbc.conform.it\/es\/wp-json\/wp\/v2\/types\/page"}],"author":[{"embeddable":true,"href":"https:\/\/lbc.conform.it\/es\/wp-json\/wp\/v2\/users\/4"}],"replies":[{"embeddable":true,"href":"https:\/\/lbc.conform.it\/es\/wp-json\/wp\/v2\/comments?post=4836"}],"version-history":[{"count":3,"href":"https:\/\/lbc.conform.it\/es\/wp-json\/wp\/v2\/pages\/4836\/revisions"}],"predecessor-version":[{"id":4840,"href":"https:\/\/lbc.conform.it\/es\/wp-json\/wp\/v2\/pages\/4836\/revisions\/4840"}],"wp:featuredmedia":[{"embeddable":true,"href":"https:\/\/lbc.conform.it\/es\/wp-json\/wp\/v2\/media\/4603"}],"wp:attachment":[{"href":"https:\/\/lbc.conform.it\/es\/wp-json\/wp\/v2\/media?parent=4836"}],"curies":[{"name":"wp","href":"https:\/\/api.w.org\/{rel}","templated":true}]}}