{"id":4827,"date":"2020-10-01T12:17:31","date_gmt":"2020-10-01T12:17:31","guid":{"rendered":"https:\/\/lbc.conform.it\/?page_id=4827"},"modified":"2020-10-01T13:03:18","modified_gmt":"2020-10-01T13:03:18","slug":"honore-de-balzac","status":"publish","type":"page","link":"https:\/\/lbc.conform.it\/es\/honore-de-balzac\/","title":{"rendered":"Honor\u00e9 de Balzac Model United Nations"},"content":{"rendered":"<p>[vc_row tlg_text_align=\u00bbtext-center\u00bb][vc_column][vc_single_image image=\u00bb4538&#8243; img_size=\u00bbmedium\u00bb alignment=\u00bbcenter\u00bb]<div class=\"tlg-spacer\" data-height=\"20\" data-height-tablet=\"20\" data-height-mobile=\"20\" style=\"clear:both;display:block;height:20px;\"><\/div>[vc_column_text]Nuestra fundaci\u00f3n desarrolla debates participativos en las escuelas utilizando un entorno digital. Dinamizamos debates y consultas para concienciar a los estudiantes sobre la necesidad de construir un mundo m\u00e1s humano. Con nuestro \u00faltimo proyecto de Hackathon con estudiantes europeos, hemos demostrado que las competiciones y los debates democr\u00e1ticos apuntan a la educaci\u00f3n inclusiva y son complementarios para desarrollar mutuamente el emprendimiento, el liderazgo y la ciudadan\u00eda. La organizaci\u00f3n educativa h\u00edbrida que gestionamos combina dispositivos online con herramientas dedicadas que van desde gestores de contenido, foros, plataformas de formaci\u00f3n, votaci\u00f3n online hasta la organizaci\u00f3n de la plataforma dedicada al e-learning.[\/vc_column_text]<div class=\"tlg-spacer\" data-height=\"20\" data-height-tablet=\"20\" data-height-mobile=\"20\" style=\"clear:both;display:block;height:20px;\"><\/div><div class=\"\"><a  id=\"btn-69d3f4b5629b0\" class=\"btn btn-filled btn-rounded  ti-arrow-right  btn-sm-sm\" href= \"http:\/\/www.mun-balzac.com\" target='_blank' >SITIO WEB<\/a><\/div>[\/vc_column][\/vc_row]<\/p>\n","protected":false},"excerpt":{"rendered":"<p>[vc_row tlg_text_align=\u00bbtext-center\u00bb][vc_column][vc_single_image image=\u00bb4538&#8243; img_size=\u00bbmedium\u00bb alignment=\u00bbcenter\u00bb][vc_column_text]Nuestra fundaci\u00f3n desarrolla debates participativos en las escuelas utilizando un entorno digital&#8230;.<\/p>\n","protected":false},"author":4,"featured_media":4603,"parent":0,"menu_order":0,"comment_status":"closed","ping_status":"closed","template":"","meta":[],"yoast_head":"<!-- This site is optimized with the Yoast SEO plugin v19.11 - https:\/\/yoast.com\/wordpress\/plugins\/seo\/ -->\n<title>Honor\u00e9 de Balzac Model United Nations - LBC<\/title>\n<meta name=\"robots\" content=\"index, follow, max-snippet:-1, max-image-preview:large, max-video-preview:-1\" \/>\n<link rel=\"canonical\" href=\"https:\/\/lbc.conform.it\/honore-de-balzac\/?lang=es\" \/>\n<meta property=\"og:locale\" content=\"es_ES\" \/>\n<meta property=\"og:type\" content=\"article\" \/>\n<meta property=\"og:title\" content=\"Honor\u00e9 de Balzac Model United Nations - LBC\" \/>\n<meta property=\"og:description\" content=\"[vc_row tlg_text_align=\u00bbtext-center\u00bb][vc_column][vc_single_image image=\u00bb4538&#8243; img_size=\u00bbmedium\u00bb alignment=\u00bbcenter\u00bb][vc_column_text]Nuestra fundaci\u00f3n desarrolla debates participativos en las escuelas utilizando un entorno digital....\" \/>\n<meta property=\"og:url\" content=\"https:\/\/lbc.conform.it\/honore-de-balzac\/?lang=es\" \/>\n<meta property=\"og:site_name\" content=\"LBC\" \/>\n<meta property=\"article:publisher\" content=\"https:\/\/www.facebook.com\/conformscarl\/\" \/>\n<meta property=\"article:modified_time\" content=\"2020-10-01T13:03:18+00:00\" \/>\n<meta property=\"og:image\" content=\"https:\/\/lbc.conform.it\/wp-content\/uploads\/2020\/09\/partner.png\" \/>\n\t<meta property=\"og:image:width\" content=\"5482\" \/>\n\t<meta property=\"og:image:height\" content=\"3660\" \/>\n\t<meta property=\"og:image:type\" content=\"image\/png\" \/>\n<meta name=\"twitter:card\" content=\"summary_large_image\" \/>\n<meta name=\"twitter:site\" content=\"@conformscarl\" \/>\n<meta name=\"twitter:label1\" content=\"Tiempo de lectura\" \/>\n\t<meta name=\"twitter:data1\" content=\"1 minuto\" \/>\n<script type=\"application\/ld+json\" class=\"yoast-schema-graph\">{\"@context\":\"https:\/\/schema.org\",\"@graph\":[{\"@type\":\"WebPage\",\"@id\":\"https:\/\/lbc.conform.it\/honore-de-balzac\/?lang=es\",\"url\":\"https:\/\/lbc.conform.it\/honore-de-balzac\/?lang=es\",\"name\":\"Honor\u00e9 de Balzac Model United Nations - LBC\",\"isPartOf\":{\"@id\":\"https:\/\/lbc.conform.it\/#website\"},\"datePublished\":\"2020-10-01T12:17:31+00:00\",\"dateModified\":\"2020-10-01T13:03:18+00:00\",\"breadcrumb\":{\"@id\":\"https:\/\/lbc.conform.it\/honore-de-balzac\/?lang=es#breadcrumb\"},\"inLanguage\":\"es\",\"potentialAction\":[{\"@type\":\"ReadAction\",\"target\":[\"https:\/\/lbc.conform.it\/honore-de-balzac\/?lang=es\"]}]},{\"@type\":\"BreadcrumbList\",\"@id\":\"https:\/\/lbc.conform.it\/honore-de-balzac\/?lang=es#breadcrumb\",\"itemListElement\":[{\"@type\":\"ListItem\",\"position\":1,\"name\":\"Home\",\"item\":\"https:\/\/lbc.conform.it\/es\/\"},{\"@type\":\"ListItem\",\"position\":2,\"name\":\"Honor\u00e9 de Balzac Model United Nations\"}]},{\"@type\":\"WebSite\",\"@id\":\"https:\/\/lbc.conform.it\/#website\",\"url\":\"https:\/\/lbc.conform.it\/\",\"name\":\"LBC\",\"description\":\"LEARNING BY COMPETING\",\"potentialAction\":[{\"@type\":\"SearchAction\",\"target\":{\"@type\":\"EntryPoint\",\"urlTemplate\":\"https:\/\/lbc.conform.it\/?s={search_term_string}\"},\"query-input\":\"required name=search_term_string\"}],\"inLanguage\":\"es\"}]}<\/script>\n<!-- \/ Yoast SEO plugin. -->","yoast_head_json":{"title":"Honor\u00e9 de Balzac Model United Nations - LBC","robots":{"index":"index","follow":"follow","max-snippet":"max-snippet:-1","max-image-preview":"max-image-preview:large","max-video-preview":"max-video-preview:-1"},"canonical":"https:\/\/lbc.conform.it\/honore-de-balzac\/?lang=es","og_locale":"es_ES","og_type":"article","og_title":"Honor\u00e9 de Balzac Model United Nations - LBC","og_description":"[vc_row tlg_text_align=\u00bbtext-center\u00bb][vc_column][vc_single_image image=\u00bb4538&#8243; img_size=\u00bbmedium\u00bb alignment=\u00bbcenter\u00bb][vc_column_text]Nuestra fundaci\u00f3n desarrolla debates participativos en las escuelas utilizando un entorno digital....","og_url":"https:\/\/lbc.conform.it\/honore-de-balzac\/?lang=es","og_site_name":"LBC","article_publisher":"https:\/\/www.facebook.com\/conformscarl\/","article_modified_time":"2020-10-01T13:03:18+00:00","og_image":[{"width":5482,"height":3660,"url":"https:\/\/lbc.conform.it\/wp-content\/uploads\/2020\/09\/partner.png","type":"image\/png"}],"twitter_card":"summary_large_image","twitter_site":"@conformscarl","twitter_misc":{"Tiempo de lectura":"1 minuto"},"schema":{"@context":"https:\/\/schema.org","@graph":[{"@type":"WebPage","@id":"https:\/\/lbc.conform.it\/honore-de-balzac\/?lang=es","url":"https:\/\/lbc.conform.it\/honore-de-balzac\/?lang=es","name":"Honor\u00e9 de Balzac Model United Nations - LBC","isPartOf":{"@id":"https:\/\/lbc.conform.it\/#website"},"datePublished":"2020-10-01T12:17:31+00:00","dateModified":"2020-10-01T13:03:18+00:00","breadcrumb":{"@id":"https:\/\/lbc.conform.it\/honore-de-balzac\/?lang=es#breadcrumb"},"inLanguage":"es","potentialAction":[{"@type":"ReadAction","target":["https:\/\/lbc.conform.it\/honore-de-balzac\/?lang=es"]}]},{"@type":"BreadcrumbList","@id":"https:\/\/lbc.conform.it\/honore-de-balzac\/?lang=es#breadcrumb","itemListElement":[{"@type":"ListItem","position":1,"name":"Home","item":"https:\/\/lbc.conform.it\/es\/"},{"@type":"ListItem","position":2,"name":"Honor\u00e9 de Balzac Model United Nations"}]},{"@type":"WebSite","@id":"https:\/\/lbc.conform.it\/#website","url":"https:\/\/lbc.conform.it\/","name":"LBC","description":"LEARNING BY COMPETING","potentialAction":[{"@type":"SearchAction","target":{"@type":"EntryPoint","urlTemplate":"https:\/\/lbc.conform.it\/?s={search_term_string}"},"query-input":"required name=search_term_string"}],"inLanguage":"es"}]}},"_links":{"self":[{"href":"https:\/\/lbc.conform.it\/es\/wp-json\/wp\/v2\/pages\/4827"}],"collection":[{"href":"https:\/\/lbc.conform.it\/es\/wp-json\/wp\/v2\/pages"}],"about":[{"href":"https:\/\/lbc.conform.it\/es\/wp-json\/wp\/v2\/types\/page"}],"author":[{"embeddable":true,"href":"https:\/\/lbc.conform.it\/es\/wp-json\/wp\/v2\/users\/4"}],"replies":[{"embeddable":true,"href":"https:\/\/lbc.conform.it\/es\/wp-json\/wp\/v2\/comments?post=4827"}],"version-history":[{"count":2,"href":"https:\/\/lbc.conform.it\/es\/wp-json\/wp\/v2\/pages\/4827\/revisions"}],"predecessor-version":[{"id":4829,"href":"https:\/\/lbc.conform.it\/es\/wp-json\/wp\/v2\/pages\/4827\/revisions\/4829"}],"wp:featuredmedia":[{"embeddable":true,"href":"https:\/\/lbc.conform.it\/es\/wp-json\/wp\/v2\/media\/4603"}],"wp:attachment":[{"href":"https:\/\/lbc.conform.it\/es\/wp-json\/wp\/v2\/media?parent=4827"}],"curies":[{"name":"wp","href":"https:\/\/api.w.org\/{rel}","templated":true}]}}