{"id":4796,"date":"2020-10-01T09:54:44","date_gmt":"2020-10-01T09:54:44","guid":{"rendered":"https:\/\/lbc.conform.it\/?page_id=4796"},"modified":"2021-11-03T10:47:51","modified_gmt":"2021-11-03T10:47:51","slug":"plataforma-formacion","status":"publish","type":"page","link":"https:\/\/lbc.conform.it\/es\/plataforma-formacion\/","title":{"rendered":"Plataforma de Formaci\u00f3n"},"content":{"rendered":"<p>[vc_row][vc_column][vc_column_text]<\/p>\n<h4 style=\"text-align: center;\">Bienvenido a la Plataforma de Formaci\u00f3n de LEARNING BY COMPETING<\/h4>\n<p style=\"text-align: center;\">Aqu\u00ed encontrar\u00e1s los 4 m\u00f3dulos y los recursos abiertos correspondientes relacionados con el reto, las competiciones por equipos y la movilidad de los alumnos de FP\u2019s de rob\u00f3tica desarrollados por socios en el proyecto Learning By Competing Erasmus+<\/p>\n<h4 style=\"text-align: center;\"><span style=\"color: #ffcc00;\">Tenga en cuenta que la plataforma de formaci\u00f3n estar\u00e1 disponible a principios de diciembre de 2021<\/span><\/h4>\n<p>[\/vc_column_text][\/vc_column][\/vc_row][vc_row tlg_background_style=\u00bbbg-secondary\u00bb][vc_column][vc_single_image image=\u00bb4791&#8243; alignment=\u00bbcenter\u00bb][vc_column_text]<\/p>\n<p style=\"text-align: center;\"><strong>IR A LA PLATAFORMA DE MOODLE<\/strong><\/p>\n<p>[\/vc_column_text][\/vc_column][\/vc_row]<\/p>\n","protected":false},"excerpt":{"rendered":"<p>[vc_row][vc_column][vc_column_text] Bienvenido a la Plataforma de Formaci\u00f3n de LEARNING BY COMPETING Aqu\u00ed encontrar\u00e1s los 4 m\u00f3dulos&#8230;<\/p>\n","protected":false},"author":4,"featured_media":4802,"parent":0,"menu_order":0,"comment_status":"closed","ping_status":"closed","template":"","meta":[],"yoast_head":"<!-- This site is optimized with the Yoast SEO plugin v19.11 - https:\/\/yoast.com\/wordpress\/plugins\/seo\/ -->\n<title>Plataforma de Formaci\u00f3n - LBC<\/title>\n<meta name=\"robots\" content=\"index, follow, max-snippet:-1, max-image-preview:large, max-video-preview:-1\" \/>\n<link rel=\"canonical\" href=\"https:\/\/lbc.conform.it\/plataforma-formacion\/?lang=es\" \/>\n<meta property=\"og:locale\" content=\"es_ES\" \/>\n<meta property=\"og:type\" content=\"article\" \/>\n<meta property=\"og:title\" content=\"Plataforma de Formaci\u00f3n - LBC\" \/>\n<meta property=\"og:description\" content=\"[vc_row][vc_column][vc_column_text] Bienvenido a la Plataforma de Formaci\u00f3n de LEARNING BY COMPETING Aqu\u00ed encontrar\u00e1s los 4 m\u00f3dulos...\" \/>\n<meta property=\"og:url\" content=\"https:\/\/lbc.conform.it\/plataforma-formacion\/?lang=es\" \/>\n<meta property=\"og:site_name\" content=\"LBC\" \/>\n<meta property=\"article:publisher\" content=\"https:\/\/www.facebook.com\/conformscarl\/\" \/>\n<meta property=\"article:modified_time\" content=\"2021-11-03T10:47:51+00:00\" \/>\n<meta property=\"og:image\" content=\"https:\/\/lbc.conform.it\/wp-content\/uploads\/2020\/02\/platform-1.png\" \/>\n\t<meta property=\"og:image:width\" content=\"500\" \/>\n\t<meta property=\"og:image:height\" content=\"375\" \/>\n\t<meta property=\"og:image:type\" content=\"image\/png\" \/>\n<meta name=\"twitter:card\" content=\"summary_large_image\" \/>\n<meta name=\"twitter:site\" content=\"@conformscarl\" \/>\n<meta name=\"twitter:label1\" content=\"Tiempo de lectura\" \/>\n\t<meta name=\"twitter:data1\" content=\"1 minuto\" \/>\n<script type=\"application\/ld+json\" class=\"yoast-schema-graph\">{\"@context\":\"https:\/\/schema.org\",\"@graph\":[{\"@type\":\"WebPage\",\"@id\":\"https:\/\/lbc.conform.it\/plataforma-formacion\/?lang=es\",\"url\":\"https:\/\/lbc.conform.it\/plataforma-formacion\/?lang=es\",\"name\":\"Plataforma de Formaci\u00f3n - LBC\",\"isPartOf\":{\"@id\":\"https:\/\/lbc.conform.it\/#website\"},\"datePublished\":\"2020-10-01T09:54:44+00:00\",\"dateModified\":\"2021-11-03T10:47:51+00:00\",\"breadcrumb\":{\"@id\":\"https:\/\/lbc.conform.it\/plataforma-formacion\/?lang=es#breadcrumb\"},\"inLanguage\":\"es\",\"potentialAction\":[{\"@type\":\"ReadAction\",\"target\":[\"https:\/\/lbc.conform.it\/plataforma-formacion\/?lang=es\"]}]},{\"@type\":\"BreadcrumbList\",\"@id\":\"https:\/\/lbc.conform.it\/plataforma-formacion\/?lang=es#breadcrumb\",\"itemListElement\":[{\"@type\":\"ListItem\",\"position\":1,\"name\":\"Home\",\"item\":\"https:\/\/lbc.conform.it\/es\/\"},{\"@type\":\"ListItem\",\"position\":2,\"name\":\"Plataforma de Formaci\u00f3n\"}]},{\"@type\":\"WebSite\",\"@id\":\"https:\/\/lbc.conform.it\/#website\",\"url\":\"https:\/\/lbc.conform.it\/\",\"name\":\"LBC\",\"description\":\"LEARNING BY COMPETING\",\"potentialAction\":[{\"@type\":\"SearchAction\",\"target\":{\"@type\":\"EntryPoint\",\"urlTemplate\":\"https:\/\/lbc.conform.it\/?s={search_term_string}\"},\"query-input\":\"required name=search_term_string\"}],\"inLanguage\":\"es\"}]}<\/script>\n<!-- \/ Yoast SEO plugin. -->","yoast_head_json":{"title":"Plataforma de Formaci\u00f3n - LBC","robots":{"index":"index","follow":"follow","max-snippet":"max-snippet:-1","max-image-preview":"max-image-preview:large","max-video-preview":"max-video-preview:-1"},"canonical":"https:\/\/lbc.conform.it\/plataforma-formacion\/?lang=es","og_locale":"es_ES","og_type":"article","og_title":"Plataforma de Formaci\u00f3n - LBC","og_description":"[vc_row][vc_column][vc_column_text] Bienvenido a la Plataforma de Formaci\u00f3n de LEARNING BY COMPETING Aqu\u00ed encontrar\u00e1s los 4 m\u00f3dulos...","og_url":"https:\/\/lbc.conform.it\/plataforma-formacion\/?lang=es","og_site_name":"LBC","article_publisher":"https:\/\/www.facebook.com\/conformscarl\/","article_modified_time":"2021-11-03T10:47:51+00:00","og_image":[{"width":500,"height":375,"url":"https:\/\/lbc.conform.it\/wp-content\/uploads\/2020\/02\/platform-1.png","type":"image\/png"}],"twitter_card":"summary_large_image","twitter_site":"@conformscarl","twitter_misc":{"Tiempo de lectura":"1 minuto"},"schema":{"@context":"https:\/\/schema.org","@graph":[{"@type":"WebPage","@id":"https:\/\/lbc.conform.it\/plataforma-formacion\/?lang=es","url":"https:\/\/lbc.conform.it\/plataforma-formacion\/?lang=es","name":"Plataforma de Formaci\u00f3n - LBC","isPartOf":{"@id":"https:\/\/lbc.conform.it\/#website"},"datePublished":"2020-10-01T09:54:44+00:00","dateModified":"2021-11-03T10:47:51+00:00","breadcrumb":{"@id":"https:\/\/lbc.conform.it\/plataforma-formacion\/?lang=es#breadcrumb"},"inLanguage":"es","potentialAction":[{"@type":"ReadAction","target":["https:\/\/lbc.conform.it\/plataforma-formacion\/?lang=es"]}]},{"@type":"BreadcrumbList","@id":"https:\/\/lbc.conform.it\/plataforma-formacion\/?lang=es#breadcrumb","itemListElement":[{"@type":"ListItem","position":1,"name":"Home","item":"https:\/\/lbc.conform.it\/es\/"},{"@type":"ListItem","position":2,"name":"Plataforma de Formaci\u00f3n"}]},{"@type":"WebSite","@id":"https:\/\/lbc.conform.it\/#website","url":"https:\/\/lbc.conform.it\/","name":"LBC","description":"LEARNING BY COMPETING","potentialAction":[{"@type":"SearchAction","target":{"@type":"EntryPoint","urlTemplate":"https:\/\/lbc.conform.it\/?s={search_term_string}"},"query-input":"required name=search_term_string"}],"inLanguage":"es"}]}},"_links":{"self":[{"href":"https:\/\/lbc.conform.it\/es\/wp-json\/wp\/v2\/pages\/4796"}],"collection":[{"href":"https:\/\/lbc.conform.it\/es\/wp-json\/wp\/v2\/pages"}],"about":[{"href":"https:\/\/lbc.conform.it\/es\/wp-json\/wp\/v2\/types\/page"}],"author":[{"embeddable":true,"href":"https:\/\/lbc.conform.it\/es\/wp-json\/wp\/v2\/users\/4"}],"replies":[{"embeddable":true,"href":"https:\/\/lbc.conform.it\/es\/wp-json\/wp\/v2\/comments?post=4796"}],"version-history":[{"count":5,"href":"https:\/\/lbc.conform.it\/es\/wp-json\/wp\/v2\/pages\/4796\/revisions"}],"predecessor-version":[{"id":5401,"href":"https:\/\/lbc.conform.it\/es\/wp-json\/wp\/v2\/pages\/4796\/revisions\/5401"}],"wp:featuredmedia":[{"embeddable":true,"href":"https:\/\/lbc.conform.it\/es\/wp-json\/wp\/v2\/media\/4802"}],"wp:attachment":[{"href":"https:\/\/lbc.conform.it\/es\/wp-json\/wp\/v2\/media?parent=4796"}],"curies":[{"name":"wp","href":"https:\/\/api.w.org\/{rel}","templated":true}]}}