{"id":4788,"date":"2020-10-01T09:48:48","date_gmt":"2020-10-01T09:48:48","guid":{"rendered":"https:\/\/lbc.conform.it\/?page_id=4788"},"modified":"2022-03-31T14:18:12","modified_gmt":"2022-03-31T14:18:12","slug":"el-proyecto","status":"publish","type":"page","link":"https:\/\/lbc.conform.it\/es\/el-proyecto\/","title":{"rendered":"El proyecto"},"content":{"rendered":"<p>[vc_row][vc_column][vc_column_text]El proyecto <strong>\u00abPromoci\u00f3n de la Formaci\u00f3n en Rob\u00f3tica y Movilidad, mediante la participaci\u00f3n en competiciones internacionales de Rob\u00f3tica\u00bb<\/strong> tiene como objetivo poner en pr\u00e1ctica el enfoque pedag\u00f3gico de \u00abAprender a trav\u00e9s de la competici\u00f3n\u00bb, probado por CEPROF, a otras escuelas de FP en otros pa\u00edses europeos.<br \/>\nSe ha observado que los alumnos con mejores resultados en las clases y que obtienen m\u00e1s oportunidades laborales son quienes adquieren competencias relacionadas con la rob\u00f3tica.[\/vc_column_text][\/vc_column][\/vc_row][vc_row tlg_background_style=\u00bbbg-secondary\u00bb tlg_text_align=\u00bbtext-center\u00bb][vc_column width=\u00bb1\/4&#8243;][vc_single_image image=\u00bb4790&#8243; alignment=\u00bbcenter\u00bb][\/vc_column][vc_column width=\u00bb3\/4&#8243;][vc_column_text]<\/p>\n<p style=\"text-align: left;\"><strong>Objetivos clave<\/strong>:<\/p>\n<ul style=\"text-align: left;\">\n<li style=\"list-style-type: none;\">\n<ul>\n<li>Crear y probar metodolog\u00edas de ense\u00f1anza innovadoras;<\/li>\n<li>Introducir la competencia en los m\u00e9todos de ense\u00f1anza y aprendizaje.<\/li>\n<li>Desarrollar competencias relacionadas con las TIC y la movilidad;<\/li>\n<li>Promover la perseverancia y la resistencia como herramientas de \u00e9xito.<\/li>\n<li>Desarrollar habilidades blandas y usar los efectos motivadores de la rob\u00f3tica para entusiasmar a los estudiantes sobre ciencia y tecnolog\u00eda.<\/li>\n<\/ul>\n<\/li>\n<\/ul>\n<p style=\"text-align: left;\">Como modelo de trabajo, este proyecto abordar\u00e1 la <strong>rob\u00f3tica<\/strong> como eje del aprendizaje..<br \/>\nEl proyecto desarrollar\u00e1 <strong>4 m\u00f3dulos de capacitaci\u00f3n en rob\u00f3tica<\/strong> desde nivel b\u00e1sico hasta avanzado, disponibles en l\u00ednea en un formato de aprendizaje electr\u00f3nico y de forma gratuita. Los m\u00f3dulos ser\u00e1n probados y habr\u00e1 <strong>3 encuentros<\/strong> en los que tendr\u00e1n lugar <strong>3 competiciones<\/strong>.<\/p>\n<p>[\/vc_column_text][\/vc_column][\/vc_row][vc_row tlg_background_style=\u00bbbg-secondary\u00bb tlg_text_align=\u00bbtext-center\u00bb][vc_column width=\u00bb1\/3&#8243;][vc_single_image image=\u00bb5145&#8243; alignment=\u00bbcenter\u00bb]<div id=\"iconbox-69d40cd2289ed\" class=\"\"><div class=\"icon-link\"><a class=\"inherit\" href= \"\/soggetto-presentatore\" target=\"_self\" ><div class=\"relative mb0 text-center\">\n\t\t\t\t\t\t\t<i  class=\"   inline-block mb16 ms-text icon-lg\"><\/i>\n\t\t\t\t\t\t\t<h5  class=\"widgettitle mb8\"><\/h5>\n\t\t\t\t\t\t\t<div  class=\"widgetsubtitle mb16\"><\/div>\n\t\t\t\t\t\t\t<div  class=\"icon-content\"><\/p>\n<h5 style=\"text-align: center;\"><span style=\"color: #000000;\"><a style=\"color: #000000;\" href=\"https:\/\/lbc.conform.it\/wp-content\/uploads\/2021\/03\/Brochure_LBC-ES.pdf\">DESCARGAR FOLLETO<\/a><\/span><\/h5>\n<p>\n<\/div> \n\t\t\t\t\t\t<\/div><\/a><\/div><\/div>[\/vc_column][vc_column width=\u00bb1\/3&#8243;][vc_single_image image=\u00bb4791&#8243; alignment=\u00bbcenter\u00bb]<div id=\"iconbox-69d40cd228a67\" class=\"\"><div class=\"icon-link\"><a class=\"inherit\" href= \"\/soggetto-presentatore\" target=\"_self\" ><div class=\"relative mb0 text-center\">\n\t\t\t\t\t\t\t<i  class=\"   inline-block mb16 ms-text icon-lg\"><\/i>\n\t\t\t\t\t\t\t<h5  class=\"widgettitle mb8\"><\/h5>\n\t\t\t\t\t\t\t<div  class=\"widgetsubtitle mb16\"><\/div>\n\t\t\t\t\t\t\t<div  class=\"icon-content\"><\/p>\n<h5 style=\"text-align: center;\"><span style=\"color: #000000;\"><a style=\"color: #000000;\" href=\"https:\/\/lbc.conform.it\/training-platform\/\">RESULTADO 2<\/a><\/span><\/h5>\n<p style=\"text-align: center;\">PLATAFORMA DE FORMACI\u00d3N<\/p>\n<p>\n<\/div> \n\t\t\t\t\t\t<\/div><\/a><\/div><\/div>[\/vc_column][vc_column width=\u00bb1\/3&#8243;][vc_single_image image=\u00bb4792&#8243; alignment=\u00bbcenter\u00bb]<div id=\"iconbox-69d40cd228ab0\" class=\"\"><div class=\"icon-link\"><a class=\"inherit\" href= \"\/soggetto-attuatore\" target=\"_self\" ><div class=\"relative mb0 text-center\">\n\t\t\t\t\t\t\t<i style=\"font-size:40px!important;\" class=\"   inline-block mb16 ms-text icon-lg\"><\/i>\n\t\t\t\t\t\t\t<h5  class=\"widgettitle mb8\"><\/h5>\n\t\t\t\t\t\t\t<div  class=\"widgetsubtitle mb16\"><\/div>\n\t\t\t\t\t\t\t<div  class=\"icon-content\"><\/p>\n<h5 style=\"text-align: center;\"><span style=\"color: #000000;\"><a style=\"color: #000000;\" href=\"https:\/\/lbc.conform.it\/competiciones\/?lang=es\">RESULTADO 3<\/a><\/span><\/h5>\n<p style=\"text-align: center;\">EXPERIENCIA PILOTO<\/p>\n<p>\n<\/div> \n\t\t\t\t\t\t<\/div><\/a><\/div><\/div>[\/vc_column][\/vc_row]<\/p>\n","protected":false},"excerpt":{"rendered":"<p>[vc_row][vc_column][vc_column_text]El proyecto \u00abPromoci\u00f3n de la Formaci\u00f3n en Rob\u00f3tica y Movilidad, mediante la participaci\u00f3n en competiciones internacionales&#8230;<\/p>\n","protected":false},"author":4,"featured_media":4793,"parent":0,"menu_order":0,"comment_status":"closed","ping_status":"closed","template":"","meta":[],"yoast_head":"<!-- This site is optimized with the Yoast SEO plugin v19.11 - https:\/\/yoast.com\/wordpress\/plugins\/seo\/ -->\n<title>El proyecto - LBC<\/title>\n<meta name=\"robots\" content=\"index, follow, max-snippet:-1, max-image-preview:large, max-video-preview:-1\" \/>\n<link rel=\"canonical\" href=\"https:\/\/lbc.conform.it\/el-proyecto\/?lang=es\" \/>\n<meta property=\"og:locale\" content=\"es_ES\" \/>\n<meta property=\"og:type\" content=\"article\" \/>\n<meta property=\"og:title\" content=\"El proyecto - LBC\" \/>\n<meta property=\"og:description\" content=\"[vc_row][vc_column][vc_column_text]El proyecto \u00abPromoci\u00f3n de la Formaci\u00f3n en Rob\u00f3tica y Movilidad, mediante la participaci\u00f3n en competiciones internacionales...\" \/>\n<meta property=\"og:url\" content=\"https:\/\/lbc.conform.it\/el-proyecto\/?lang=es\" \/>\n<meta property=\"og:site_name\" content=\"LBC\" \/>\n<meta property=\"article:publisher\" content=\"https:\/\/www.facebook.com\/conformscarl\/\" \/>\n<meta property=\"article:modified_time\" content=\"2022-03-31T14:18:12+00:00\" \/>\n<meta property=\"og:image\" content=\"https:\/\/lbc.conform.it\/wp-content\/uploads\/2020\/02\/img-int-Learning-by-competing.jpg\" \/>\n\t<meta property=\"og:image:width\" content=\"1500\" \/>\n\t<meta property=\"og:image:height\" content=\"981\" \/>\n\t<meta property=\"og:image:type\" content=\"image\/jpeg\" \/>\n<meta name=\"twitter:card\" content=\"summary_large_image\" \/>\n<meta name=\"twitter:site\" content=\"@conformscarl\" \/>\n<meta name=\"twitter:label1\" content=\"Tiempo de lectura\" \/>\n\t<meta name=\"twitter:data1\" content=\"1 minuto\" \/>\n<script type=\"application\/ld+json\" class=\"yoast-schema-graph\">{\"@context\":\"https:\/\/schema.org\",\"@graph\":[{\"@type\":\"WebPage\",\"@id\":\"https:\/\/lbc.conform.it\/el-proyecto\/?lang=es\",\"url\":\"https:\/\/lbc.conform.it\/el-proyecto\/?lang=es\",\"name\":\"El proyecto - LBC\",\"isPartOf\":{\"@id\":\"https:\/\/lbc.conform.it\/#website\"},\"datePublished\":\"2020-10-01T09:48:48+00:00\",\"dateModified\":\"2022-03-31T14:18:12+00:00\",\"breadcrumb\":{\"@id\":\"https:\/\/lbc.conform.it\/el-proyecto\/?lang=es#breadcrumb\"},\"inLanguage\":\"es\",\"potentialAction\":[{\"@type\":\"ReadAction\",\"target\":[\"https:\/\/lbc.conform.it\/el-proyecto\/?lang=es\"]}]},{\"@type\":\"BreadcrumbList\",\"@id\":\"https:\/\/lbc.conform.it\/el-proyecto\/?lang=es#breadcrumb\",\"itemListElement\":[{\"@type\":\"ListItem\",\"position\":1,\"name\":\"Home\",\"item\":\"https:\/\/lbc.conform.it\/es\/\"},{\"@type\":\"ListItem\",\"position\":2,\"name\":\"El proyecto\"}]},{\"@type\":\"WebSite\",\"@id\":\"https:\/\/lbc.conform.it\/#website\",\"url\":\"https:\/\/lbc.conform.it\/\",\"name\":\"LBC\",\"description\":\"LEARNING BY COMPETING\",\"potentialAction\":[{\"@type\":\"SearchAction\",\"target\":{\"@type\":\"EntryPoint\",\"urlTemplate\":\"https:\/\/lbc.conform.it\/?s={search_term_string}\"},\"query-input\":\"required name=search_term_string\"}],\"inLanguage\":\"es\"}]}<\/script>\n<!-- \/ Yoast SEO plugin. -->","yoast_head_json":{"title":"El proyecto - LBC","robots":{"index":"index","follow":"follow","max-snippet":"max-snippet:-1","max-image-preview":"max-image-preview:large","max-video-preview":"max-video-preview:-1"},"canonical":"https:\/\/lbc.conform.it\/el-proyecto\/?lang=es","og_locale":"es_ES","og_type":"article","og_title":"El proyecto - LBC","og_description":"[vc_row][vc_column][vc_column_text]El proyecto \u00abPromoci\u00f3n de la Formaci\u00f3n en Rob\u00f3tica y Movilidad, mediante la participaci\u00f3n en competiciones internacionales...","og_url":"https:\/\/lbc.conform.it\/el-proyecto\/?lang=es","og_site_name":"LBC","article_publisher":"https:\/\/www.facebook.com\/conformscarl\/","article_modified_time":"2022-03-31T14:18:12+00:00","og_image":[{"width":1500,"height":981,"url":"https:\/\/lbc.conform.it\/wp-content\/uploads\/2020\/02\/img-int-Learning-by-competing.jpg","type":"image\/jpeg"}],"twitter_card":"summary_large_image","twitter_site":"@conformscarl","twitter_misc":{"Tiempo de lectura":"1 minuto"},"schema":{"@context":"https:\/\/schema.org","@graph":[{"@type":"WebPage","@id":"https:\/\/lbc.conform.it\/el-proyecto\/?lang=es","url":"https:\/\/lbc.conform.it\/el-proyecto\/?lang=es","name":"El proyecto - LBC","isPartOf":{"@id":"https:\/\/lbc.conform.it\/#website"},"datePublished":"2020-10-01T09:48:48+00:00","dateModified":"2022-03-31T14:18:12+00:00","breadcrumb":{"@id":"https:\/\/lbc.conform.it\/el-proyecto\/?lang=es#breadcrumb"},"inLanguage":"es","potentialAction":[{"@type":"ReadAction","target":["https:\/\/lbc.conform.it\/el-proyecto\/?lang=es"]}]},{"@type":"BreadcrumbList","@id":"https:\/\/lbc.conform.it\/el-proyecto\/?lang=es#breadcrumb","itemListElement":[{"@type":"ListItem","position":1,"name":"Home","item":"https:\/\/lbc.conform.it\/es\/"},{"@type":"ListItem","position":2,"name":"El proyecto"}]},{"@type":"WebSite","@id":"https:\/\/lbc.conform.it\/#website","url":"https:\/\/lbc.conform.it\/","name":"LBC","description":"LEARNING BY COMPETING","potentialAction":[{"@type":"SearchAction","target":{"@type":"EntryPoint","urlTemplate":"https:\/\/lbc.conform.it\/?s={search_term_string}"},"query-input":"required name=search_term_string"}],"inLanguage":"es"}]}},"_links":{"self":[{"href":"https:\/\/lbc.conform.it\/es\/wp-json\/wp\/v2\/pages\/4788"}],"collection":[{"href":"https:\/\/lbc.conform.it\/es\/wp-json\/wp\/v2\/pages"}],"about":[{"href":"https:\/\/lbc.conform.it\/es\/wp-json\/wp\/v2\/types\/page"}],"author":[{"embeddable":true,"href":"https:\/\/lbc.conform.it\/es\/wp-json\/wp\/v2\/users\/4"}],"replies":[{"embeddable":true,"href":"https:\/\/lbc.conform.it\/es\/wp-json\/wp\/v2\/comments?post=4788"}],"version-history":[{"count":6,"href":"https:\/\/lbc.conform.it\/es\/wp-json\/wp\/v2\/pages\/4788\/revisions"}],"predecessor-version":[{"id":5654,"href":"https:\/\/lbc.conform.it\/es\/wp-json\/wp\/v2\/pages\/4788\/revisions\/5654"}],"wp:featuredmedia":[{"embeddable":true,"href":"https:\/\/lbc.conform.it\/es\/wp-json\/wp\/v2\/media\/4793"}],"wp:attachment":[{"href":"https:\/\/lbc.conform.it\/es\/wp-json\/wp\/v2\/media?parent=4788"}],"curies":[{"name":"wp","href":"https:\/\/api.w.org\/{rel}","templated":true}]}}